{"id":87988,"date":"2015-11-11T18:09:01","date_gmt":"2015-11-11T17:09:01","guid":{"rendered":"https:\/\/www.seaflowerstore.com\/nl\/aquaforest-components-strong-abck-4x75ml\/"},"modified":"2024-03-20T16:32:06","modified_gmt":"2024-03-20T15:32:06","slug":"aquaforest-components-strong-abck-4x75ml","status":"publish","type":"product","link":"https:\/\/www.seaflowerstore.com\/de\/aquaforest-components-strong-abck-4x75ml\/","title":{"rendered":"Aquaforest Components Strong ABCK 4x75ml"},"content":{"rendered":"<h2>Aquaforest Components Strong ABCK 4x75ml Contains concentrated micro elements<\/h2>\n<p><strong>Komponente A Strong<\/strong> enth\u00e4lt konzentriertes Strontium und Barium. Die ben\u00f6tigte Menge an Strontium und Barium h\u00e4ngt vom Magnesium- und Kalziumbedarf ab. Sie sollten 5 ml zu 1 Liter der fertigen L\u00f6sung aus Kalziumchlorid und Magnesiumchlorid hinzuf\u00fcgen. Es wird empfohlen, dies mit den Produkten Aquaforest\u00ae MgCl2x6H2O und CaCl2x2H2O zu verwenden. Die Kapazit\u00e4t betr\u00e4gt eine Flasche mit 50 ml, und f\u00fcr US-Kunden sollten Sie 19 ml zu 1 US-Gallone hinzuf\u00fcgen.<\/p>\n<p><strong>Komponente B Strong<\/strong> enth\u00e4lt konzentrierte Schwermetalle. Die ben\u00f6tigte Menge an Schwermetallen h\u00e4ngt vom Magnesium- und Kalziumbedarf ab. Wie bei Komponente A sollten Sie 5 ml zu 1 Liter der fertigen L\u00f6sung aus Kalziumchlorid und Magnesiumchlorid hinzuf\u00fcgen. Auch hier wird empfohlen, dies mit den Produkten Aquaforest\u00ae MgCl2x6H2O und CaCl2x2H2O zu verwenden. Die Kapazit\u00e4t betr\u00e4gt eine Flasche mit 50 ml, und f\u00fcr US-Kunden sollten Sie 19 ml auf 1 US-Gallone hinzuf\u00fcgen.<\/p>\n<p><strong>Komponente C Strong<\/strong> enth\u00e4lt konzentriertes Jodid und Fluorid. Die ben\u00f6tigte Menge h\u00e4ngt vom Kalziumbedarf ab. Sie sollten 5 ml auf 1 Liter der fertigen Natriumbikarbonatl\u00f6sung hinzuf\u00fcgen. Es wird empfohlen, diese mit dem Produkt Aquaforest\u00ae NaHCO3 zu verwenden. Die Kapazit\u00e4t betr\u00e4gt eine Flasche mit 50 ml, und f\u00fcr US-Kunden sollten Sie 19 ml auf 1 US-Gallone hinzuf\u00fcgen.<\/p>\n<p><strong>Komponente K Strong<\/strong> enth\u00e4lt konzentriertes Kalium. Die Kaliummenge wird durch den Magnesium- und Kalziumbedarf bestimmt. Sie sollten 5 ml auf 1 Liter der fertigen Mineralsalzl\u00f6sung hinzuf\u00fcgen. Es wird empfohlen, diese mit dem Produkt Aquaforest\u00ae Reef Mineral Salt zu verwenden. Die Kapazit\u00e4t betr\u00e4gt eine Flasche mit 50 ml. US-Kunden sollten 19 ml auf 1 US-Gallone hinzuf\u00fcgen.<\/p>\n<p><strong>STRONG A<\/strong>: 1 ml Strong A in 100 Litern Aquarienwasser erh\u00f6ht die Werte:<\/p>\n<ul>\n<li>Strontium (Sr): 0,32 ppm<\/li>\n<li>Barium (Ba): 0,000055 ppm<\/li>\n<\/ul>\n<p><strong>STRONG B<\/strong>: 1 ml Strong B in 100 Litern Aquarienwasser erh\u00f6ht die Werte:<\/p>\n<ul>\n<li>Eisen (Fe): 0,00052 ppm<\/li>\n<li>Mangan (Mn): 0,00024 ppm<\/li>\n<li>Kupfer (Cu): 0,000075 ppm<\/li>\n<li>Zink (Zn): 0,000082 ppm<\/li>\n<li>Nickel (Ni): 0,000062 ppm<\/li>\n<li>Chrom (Cr): 0,00023 ppm<\/li>\n<\/ul>\n<p><strong>STRONG C<\/strong>: 1 ml Strong C in 100 Litern Aquarienwasser erh\u00f6ht die Werte:<\/p>\n<ul>\n<li>Kalium (K): 0,0032 ppm<\/li>\n<li>Jod (I): 0,0046 ppm<\/li>\n<li>Fluor (F): 0,03 ppm<\/li>\n<\/ul>\n<p><strong>STRONG K<\/strong>: 1 ml Strong K in 100 Litern Aquarienwasser erh\u00f6ht die Werte:<\/p>\n<ul>\n<li>Kalium (K): 1,0 ppm<\/li>\n<\/ul>\n","protected":false},"excerpt":{"rendered":"<p>Aquaforest Components Strong ABCK 4x75ml Contains concentrated micro elements<\/p>\n","protected":false},"featured_media":83377,"template":"","meta":[],"pwb-brand":[2199],"product_cat":[1414,1391],"product_tag":[],"class_list":{"0":"post-87988","1":"product","2":"type-product","3":"status-publish","4":"has-post-thumbnail","6":"pwb-brand-aquaforest","7":"product_cat-aquaforest-de","8":"product_cat-ergaenzungen","10":"first","11":"instock","12":"taxable","13":"shipping-taxable","14":"purchasable","15":"product-type-simple"},"acf":[],"brands":[{"id":2199,"name":"Aquaforest","slug":"aquaforest"}],"_links":{"self":[{"href":"https:\/\/www.seaflowerstore.com\/de\/wp-json\/wp\/v2\/product\/87988","targetHints":{"allow":["GET"]}}],"collection":[{"href":"https:\/\/www.seaflowerstore.com\/de\/wp-json\/wp\/v2\/product"}],"about":[{"href":"https:\/\/www.seaflowerstore.com\/de\/wp-json\/wp\/v2\/types\/product"}],"wp:featuredmedia":[{"embeddable":true,"href":"https:\/\/www.seaflowerstore.com\/de\/wp-json\/wp\/v2\/media\/83377"}],"wp:attachment":[{"href":"https:\/\/www.seaflowerstore.com\/de\/wp-json\/wp\/v2\/media?parent=87988"}],"wp:term":[{"taxonomy":"pwb-brand","embeddable":true,"href":"https:\/\/www.seaflowerstore.com\/de\/wp-json\/wp\/v2\/pwb-brand?post=87988"},{"taxonomy":"product_cat","embeddable":true,"href":"https:\/\/www.seaflowerstore.com\/de\/wp-json\/wp\/v2\/product_cat?post=87988"},{"taxonomy":"product_tag","embeddable":true,"href":"https:\/\/www.seaflowerstore.com\/de\/wp-json\/wp\/v2\/product_tag?post=87988"}],"curies":[{"name":"wp","href":"https:\/\/api.w.org\/{rel}","templated":true}]}}