{"id":87990,"date":"2015-11-11T15:16:59","date_gmt":"2015-11-11T14:16:59","guid":{"rendered":"https:\/\/www.seaflowerstore.com\/nl\/microbe-lift-phos-out-4-236ml\/"},"modified":"2025-05-10T14:04:05","modified_gmt":"2025-05-10T12:04:05","slug":"microbe-lift-phos-out-4-236ml","status":"publish","type":"product","link":"https:\/\/www.seaflowerstore.com\/de\/microbe-lift-phos-out-4-236ml\/","title":{"rendered":"Microbe-Lift Phos-Out 4 236ml"},"content":{"rendered":"<h2>Microbe-Lift Phos-Out 4 236ml Removes Phosphate quickly and save from the water<\/h2>\n<p><strong>Phos-Out 4<\/strong> wurde entwickelt, um Phosphate sowohl aus Salz- als auch aus S\u00fc\u00dfwasseraquarien effektiv zu entfernen und so die allgemeine Wasserqualit\u00e4t zu verbessern. Dieses Produkt bindet organische und anorganische Phosphate auf Polymerbasis und stellt sicher, dass es das biologische Gleichgewicht Ihres Aquariums nicht beeintr\u00e4chtigt, da es keine Schwermetalle enth\u00e4lt. Dar\u00fcber hinaus erm\u00f6glicht <strong>Phos-Out 4<\/strong> eine kontrollierte und f\u00fcr Ihre Wassertiere ungef\u00e4hrliche Reduzierung des Phosphatspiegels.<\/p>\n<p><strong>Hier sind einige hilfreiche Tipps:<\/strong><\/p>\n<ul>\n<li>Der ideale Phosphatspiegel in Salzwasseraquarien sollte zwischen 0,02 und 0,05 mg liegen.<\/li>\n<li>Ziehen Sie die Verwendung von Microbe-Lift <strong style=\"color: #555555;font-size: 14.4px\">Substratreiniger<\/strong><span style=\"color: #555555;font-size: 14.4px\"> in Erw\u00e4gung, um Phosphatablagerungen zu beseitigen.<\/span><\/li>\n<li>Seien Sie vorsichtig, um Phosphatmangel zu vermeiden.<\/li>\n<li>Verabreichen Sie das Produkt in Bereichen mit starker Wasserstr\u00f6mung und vermeiden Sie eine Dosierung direkt \u00fcber Ihren Fischen.<\/li>\n<\/ul>\n<h2>Dosierung<\/h2>\n<p><strong>Dosierung f\u00fcr S\u00fc\u00dfwasseraquarien:<\/strong> Alle 12 bis 24 Stunden maximal 4 ml pro 100 Liter Wasser zugeben, bis der gew\u00fcnschte Phosphatwert erreicht ist.<\/p>\n<p><strong>Dosierung f\u00fcr Meerwasseraquarien:<\/strong> Alle 12 bis 24 Stunden maximal 2 ml pro 100 Liter Wasser zugeben, bis der gew\u00fcnschte Phosphatwert erreicht ist.<\/p>\n","protected":false},"excerpt":{"rendered":"<p>Microbe-Lift Phos-Out 4 236ml Removes Phosphate quickly and save from the water<\/p>\n","protected":false},"featured_media":83747,"template":"","meta":[],"pwb-brand":[2227],"product_cat":[1453],"product_tag":[],"class_list":{"0":"post-87990","1":"product","2":"type-product","3":"status-publish","4":"has-post-thumbnail","6":"pwb-brand-microbe-lift","7":"product_cat-nitrat-und-phosphatentferner","9":"first","10":"instock","11":"taxable","12":"shipping-taxable","13":"purchasable","14":"product-type-simple"},"acf":[],"brands":[{"id":2227,"name":"Microbe-Lift","slug":"microbe-lift"}],"_links":{"self":[{"href":"https:\/\/www.seaflowerstore.com\/de\/wp-json\/wp\/v2\/product\/87990","targetHints":{"allow":["GET"]}}],"collection":[{"href":"https:\/\/www.seaflowerstore.com\/de\/wp-json\/wp\/v2\/product"}],"about":[{"href":"https:\/\/www.seaflowerstore.com\/de\/wp-json\/wp\/v2\/types\/product"}],"wp:featuredmedia":[{"embeddable":true,"href":"https:\/\/www.seaflowerstore.com\/de\/wp-json\/wp\/v2\/media\/83747"}],"wp:attachment":[{"href":"https:\/\/www.seaflowerstore.com\/de\/wp-json\/wp\/v2\/media?parent=87990"}],"wp:term":[{"taxonomy":"pwb-brand","embeddable":true,"href":"https:\/\/www.seaflowerstore.com\/de\/wp-json\/wp\/v2\/pwb-brand?post=87990"},{"taxonomy":"product_cat","embeddable":true,"href":"https:\/\/www.seaflowerstore.com\/de\/wp-json\/wp\/v2\/product_cat?post=87990"},{"taxonomy":"product_tag","embeddable":true,"href":"https:\/\/www.seaflowerstore.com\/de\/wp-json\/wp\/v2\/product_tag?post=87990"}],"curies":[{"name":"wp","href":"https:\/\/api.w.org\/{rel}","templated":true}]}}