{"id":87994,"date":"2015-11-11T15:02:32","date_gmt":"2015-11-11T14:02:32","guid":{"rendered":"https:\/\/www.seaflowerstore.com\/nl\/microbe-lift-strontium-118ml\/"},"modified":"2024-03-20T16:31:54","modified_gmt":"2024-03-20T15:31:54","slug":"microbe-lift-strontium-118ml","status":"publish","type":"product","link":"https:\/\/www.seaflowerstore.com\/de\/microbe-lift-strontium-118ml\/","title":{"rendered":"Microbe-Lift Strontium 118ml"},"content":{"rendered":"<h2>Microbe-Lift Strontium 118ml is a specially developed strontium supplement with pH stabilizer for all saltwater aquariums<\/h2>\n<p><strong>Strontium<\/strong> ist wichtig, um einem Strontiummangel vorzubeugen, das gesunde Wachstum des Kalkskeletts von Korallen zu f\u00f6rdern und deren Gewebefestigkeit nachhaltig zu verbessern. Dieses Produkt liefert Strontium in einer hochverf\u00fcgbaren Form und stabilisiert gleichzeitig den pH-Wert in Ihrem Aquarium.<\/p>\n<p><strong>Hier einige Tipps:<\/strong><\/p>\n<ul>\n<li>Beachten Sie, dass Eiwei\u00dfabsch\u00e4umer, Ozonisatoren und Kohle- oder Zeolithfilter wichtige Spurenelemente wie Kalzium, Strontium, Molybd\u00e4n, Jod, Eisen, Vitamine und Aminos\u00e4uren reduzieren k\u00f6nnen!<\/li>\n<li>\u00dcberpr\u00fcfen Sie regelm\u00e4\u00dfig Ihre Wasserwerte, um eine gesunde Umgebung zu gew\u00e4hrleisten.<\/li>\n<\/ul>\n<h3>Dosierung<\/h3>\n<p>Um den Strontiumgehalt um 0,025 mg\/L zu erh\u00f6hen, geben Sie 5 ml pro 100 Liter Wasser hinzu. Der ideale Strontiumspiegel liegt zwischen 8 und 10 mg\/l. In stark besiedelten Salzwasseraquarien m\u00fcssen Sie m\u00f6glicherweise t\u00e4gliche Dosen verabreichen.<\/p>\n","protected":false},"excerpt":{"rendered":"<p>Microbe-Lift Strontium 118ml is a specially developed strontium supplement with pH stabilizer for all saltwater aquariums<\/p>\n","protected":false},"featured_media":83751,"template":"","meta":[],"pwb-brand":[2227],"product_cat":[1391],"product_tag":[],"class_list":{"0":"post-87994","1":"product","2":"type-product","3":"status-publish","4":"has-post-thumbnail","6":"pwb-brand-microbe-lift","7":"product_cat-ergaenzungen","9":"first","10":"outofstock","11":"taxable","12":"shipping-taxable","13":"purchasable","14":"product-type-simple"},"acf":[],"brands":[{"id":2227,"name":"Microbe-Lift","slug":"microbe-lift"}],"_links":{"self":[{"href":"https:\/\/www.seaflowerstore.com\/de\/wp-json\/wp\/v2\/product\/87994","targetHints":{"allow":["GET"]}}],"collection":[{"href":"https:\/\/www.seaflowerstore.com\/de\/wp-json\/wp\/v2\/product"}],"about":[{"href":"https:\/\/www.seaflowerstore.com\/de\/wp-json\/wp\/v2\/types\/product"}],"wp:featuredmedia":[{"embeddable":true,"href":"https:\/\/www.seaflowerstore.com\/de\/wp-json\/wp\/v2\/media\/83751"}],"wp:attachment":[{"href":"https:\/\/www.seaflowerstore.com\/de\/wp-json\/wp\/v2\/media?parent=87994"}],"wp:term":[{"taxonomy":"pwb-brand","embeddable":true,"href":"https:\/\/www.seaflowerstore.com\/de\/wp-json\/wp\/v2\/pwb-brand?post=87994"},{"taxonomy":"product_cat","embeddable":true,"href":"https:\/\/www.seaflowerstore.com\/de\/wp-json\/wp\/v2\/product_cat?post=87994"},{"taxonomy":"product_tag","embeddable":true,"href":"https:\/\/www.seaflowerstore.com\/de\/wp-json\/wp\/v2\/product_tag?post=87994"}],"curies":[{"name":"wp","href":"https:\/\/api.w.org\/{rel}","templated":true}]}}