{"id":87996,"date":"2015-11-11T15:02:32","date_gmt":"2015-11-11T14:02:32","guid":{"rendered":"https:\/\/www.seaflowerstore.com\/nl\/microbe-lift-strontium-473ml\/"},"modified":"2024-03-20T16:31:59","modified_gmt":"2024-03-20T15:31:59","slug":"microbe-lift-strontium-473ml","status":"publish","type":"product","link":"https:\/\/www.seaflowerstore.com\/de\/microbe-lift-strontium-473ml\/","title":{"rendered":"Microbe-Lift Strontium 473ml"},"content":{"rendered":"<h2>Microbe-Lift Strontium 473ml is a specially developed strontium supplement with pH stabilizer for all saltwater aquariums<\/h2>\n<p><strong>Microbe-Lift Strontium<\/strong> wurde entwickelt, um einem Strontiummangel vorzubeugen und das gesunde Wachstum des Kalkskeletts von Korallen zu unterst\u00fctzen und gleichzeitig deren Gewebe nachhaltig zu st\u00e4rken. Dieses Produkt liefert Strontium in einer hochverf\u00fcgbaren Form und hilft, den pH-Wert in Ihrem Aquarium zu stabilisieren.<\/p>\n<p><strong>Hilfreiche Tipps:<\/strong><\/p>\n<ul>\n<li>Beachten Sie, dass Eiwei\u00dfabsch\u00e4umer, Ozonisatoren sowie Kohle- und Zeolithfilter die Konzentration wichtiger Spurenelemente wie Kalzium, Strontium, Molybd\u00e4n, Jod, Eisen, Vitamine und Aminos\u00e4uren verringern k\u00f6nnen.<\/li>\n<li>Es ist wichtig, Ihre Wasserwerte regelm\u00e4\u00dfig zu \u00fcberpr\u00fcfen.<\/li>\n<\/ul>\n<h3>Dosierung<\/h3>\n<p>Um den Strontiumgehalt um 0,025 mg\/L zu erh\u00f6hen, geben Sie 5 ml pro 100 Liter Wasser hinzu. Die ideale Strontiumkonzentration liegt zwischen 8-10 mg\/L. In dicht besetzten Meerwasseraquarien k\u00f6nnen t\u00e4gliche Dosierungen notwendig sein.<\/p>\n","protected":false},"excerpt":{"rendered":"<p>Microbe-Lift Strontium 473ml is a specially developed strontium supplement with pH stabilizer for all saltwater aquariums<\/p>\n","protected":false},"featured_media":83751,"template":"","meta":[],"pwb-brand":[2227],"product_cat":[1391,515],"product_tag":[],"class_list":{"0":"post-87996","1":"product","2":"type-product","3":"status-publish","4":"has-post-thumbnail","6":"pwb-brand-microbe-lift","7":"product_cat-ergaenzungen","8":"product_cat-additives","10":"first","11":"instock","12":"sale","13":"taxable","14":"shipping-taxable","15":"purchasable","16":"product-type-simple"},"acf":[],"brands":[{"id":2227,"name":"Microbe-Lift","slug":"microbe-lift"}],"_links":{"self":[{"href":"https:\/\/www.seaflowerstore.com\/de\/wp-json\/wp\/v2\/product\/87996","targetHints":{"allow":["GET"]}}],"collection":[{"href":"https:\/\/www.seaflowerstore.com\/de\/wp-json\/wp\/v2\/product"}],"about":[{"href":"https:\/\/www.seaflowerstore.com\/de\/wp-json\/wp\/v2\/types\/product"}],"wp:featuredmedia":[{"embeddable":true,"href":"https:\/\/www.seaflowerstore.com\/de\/wp-json\/wp\/v2\/media\/83751"}],"wp:attachment":[{"href":"https:\/\/www.seaflowerstore.com\/de\/wp-json\/wp\/v2\/media?parent=87996"}],"wp:term":[{"taxonomy":"pwb-brand","embeddable":true,"href":"https:\/\/www.seaflowerstore.com\/de\/wp-json\/wp\/v2\/pwb-brand?post=87996"},{"taxonomy":"product_cat","embeddable":true,"href":"https:\/\/www.seaflowerstore.com\/de\/wp-json\/wp\/v2\/product_cat?post=87996"},{"taxonomy":"product_tag","embeddable":true,"href":"https:\/\/www.seaflowerstore.com\/de\/wp-json\/wp\/v2\/product_tag?post=87996"}],"curies":[{"name":"wp","href":"https:\/\/api.w.org\/{rel}","templated":true}]}}