{"id":87997,"date":"2015-11-11T14:55:54","date_gmt":"2015-11-11T13:55:54","guid":{"rendered":"https:\/\/www.seaflowerstore.com\/nl\/microbe-lift-iodide-bromide-473ml\/"},"modified":"2024-03-20T16:31:54","modified_gmt":"2024-03-20T15:31:54","slug":"microbe-lift-iodide-bromide-473ml","status":"publish","type":"product","link":"https:\/\/www.seaflowerstore.com\/de\/microbe-lift-iodide-bromide-473ml\/","title":{"rendered":"Microbe-Lift Iodide &amp; Bromide 473ml"},"content":{"rendered":"<h2>Microbe-Lift Iodide &amp; Bromide 473ml improves natural coloring of corals and increases the vitality<\/h2>\n<p><strong>Iodid &amp; Bromid<\/strong> ist ein einzigartiger Iodid- und Bromidzusatz mit pH-Stabilisator, der sich perfekt f\u00fcr alle Meerwasseraquarien eignet. Dieses Produkt hilft, Jodmangel vorzubeugen, verbessert das Erscheinungsbild von Polypen und verst\u00e4rkt die nat\u00fcrliche F\u00e4rbung von Korallen, was letztendlich die Vitalit\u00e4t aller Aquarienbewohner steigert. <strong>Iodid &amp; Bromid<\/strong> enth\u00e4lt Jod in einer leicht zug\u00e4nglichen Form und hilft, den pH-Wert in Ihrem Aquarium stabil zu halten.<\/p>\n<h3><strong>Tipps:<\/strong><\/h3>\n<ul>\n<li>Beachten Sie, dass Eiwei\u00dfabsch\u00e4umer, Ozonisatoren sowie Kohle- und Zeolithfilter wichtige Spurenelemente wie Kalzium, Strontium, Molybd\u00e4n, Jod, Eisen, Vitamine und Aminos\u00e4uren verringern k\u00f6nnen!<\/li>\n<li>Jod ist w\u00e4hrend der H\u00e4utung f\u00fcr Garnelen, Krabben und andere Wirbellose von Vorteil und hilft, Kropf bei Fischen vorzubeugen.<\/li>\n<\/ul>\n<h3><strong>Dosierung:<\/strong><\/h3>\n<p>Um den Jodgehalt um 0,01 mg\/l zu erh\u00f6hen, geben Sie 5 ml pro 100 Liter Wasser hinzu. Der ideale Jodgehalt liegt zwischen 0,025 und 0,065 mg\/l. <strong>Hinweise:<\/strong> In gut besetzten Meerwasseraquarien k\u00f6nnen Sie diese Dosierung t\u00e4glich anwenden.<\/p>\n","protected":false},"excerpt":{"rendered":"<p>Microbe-Lift Iodide &amp; Bromide 473ml improves natural coloring of corals and increases the vitality<\/p>\n","protected":false},"featured_media":83752,"template":"","meta":[],"pwb-brand":[2227],"product_cat":[1391,515],"product_tag":[],"class_list":{"0":"post-87997","1":"product","2":"type-product","3":"status-publish","4":"has-post-thumbnail","6":"pwb-brand-microbe-lift","7":"product_cat-ergaenzungen","8":"product_cat-additives","10":"first","11":"instock","12":"taxable","13":"shipping-taxable","14":"purchasable","15":"product-type-simple"},"acf":[],"brands":[{"id":2227,"name":"Microbe-Lift","slug":"microbe-lift"}],"_links":{"self":[{"href":"https:\/\/www.seaflowerstore.com\/de\/wp-json\/wp\/v2\/product\/87997","targetHints":{"allow":["GET"]}}],"collection":[{"href":"https:\/\/www.seaflowerstore.com\/de\/wp-json\/wp\/v2\/product"}],"about":[{"href":"https:\/\/www.seaflowerstore.com\/de\/wp-json\/wp\/v2\/types\/product"}],"wp:featuredmedia":[{"embeddable":true,"href":"https:\/\/www.seaflowerstore.com\/de\/wp-json\/wp\/v2\/media\/83752"}],"wp:attachment":[{"href":"https:\/\/www.seaflowerstore.com\/de\/wp-json\/wp\/v2\/media?parent=87997"}],"wp:term":[{"taxonomy":"pwb-brand","embeddable":true,"href":"https:\/\/www.seaflowerstore.com\/de\/wp-json\/wp\/v2\/pwb-brand?post=87997"},{"taxonomy":"product_cat","embeddable":true,"href":"https:\/\/www.seaflowerstore.com\/de\/wp-json\/wp\/v2\/product_cat?post=87997"},{"taxonomy":"product_tag","embeddable":true,"href":"https:\/\/www.seaflowerstore.com\/de\/wp-json\/wp\/v2\/product_tag?post=87997"}],"curies":[{"name":"wp","href":"https:\/\/api.w.org\/{rel}","templated":true}]}}