{"id":87998,"date":"2015-11-11T14:55:50","date_gmt":"2015-11-11T13:55:50","guid":{"rendered":"https:\/\/www.seaflowerstore.com\/nl\/microbe-lift-iodide-bromide-236ml\/"},"modified":"2024-03-20T16:31:53","modified_gmt":"2024-03-20T15:31:53","slug":"microbe-lift-iodide-bromide-236ml","status":"publish","type":"product","link":"https:\/\/www.seaflowerstore.com\/de\/microbe-lift-iodide-bromide-236ml\/","title":{"rendered":"Microbe-Lift Iodide &amp; Bromide 236ml"},"content":{"rendered":"<h2>Microbe-Lift Iodide &amp; Bromide 236ml improves natural coloring of corals and increases the vitality<\/h2>\n<p><strong>Jodid &amp; Bromid<\/strong> ist ein speziell formulierter Zusatzstoff f\u00fcr alle Meerwasseraquarien. Dieses Produkt beugt nicht nur Jodmangel vor, sondern verbessert auch das Auftreten von Polypen und die nat\u00fcrliche F\u00e4rbung von Korallen. Dar\u00fcber hinaus steigert es die Vitalit\u00e4t aller Aquarienbewohner.<\/p>\n<p><strong>Jodid &amp; Bromid<\/strong> enth\u00e4lt Jod in einer hoch bioverf\u00fcgbaren Form und hilft, den pH-Wert in Ihrem Aquarium zu stabilisieren.<\/p>\n<h3><strong>Tipps:<\/strong><\/h3>\n<ul>\n<li>Beachten Sie, dass Eiwei\u00dfabsch\u00e4umer, Ozonisatoren sowie Kohle- und Zeolithfilter wichtige Spurenelemente wie Kalzium, Strontium, Molybd\u00e4n, Jod, Eisen, Vitamine und Aminos\u00e4uren reduzieren k\u00f6nnen!<\/li>\n<li>Jod ist vorteilhaft f\u00fcr Garnelen, Krabben und andere Wirbellose, da es die H\u00e4utung unterst\u00fctzt und Kropfbildung bei Fischen vorbeugt.<\/li>\n<\/ul>\n<h3><strong>Dosierung<\/strong><\/h3>\n<p>Um den Jodgehalt um 0,01 mg\/l zu erh\u00f6hen, geben Sie 5 ml pro 100 Liter Wasser hinzu. Der ideale Jodgehalt sollte zwischen 0,025 und 0,065 mg\/L liegen.<\/p>\n<p><strong>Hinweise:<\/strong> In stark besetzten Meerwasseraquarien kann eine t\u00e4gliche Dosierung angemessen sein.<\/p>\n","protected":false},"excerpt":{"rendered":"<p>Microbe-Lift Iodide &amp; Bromide 236ml improves natural coloring of corals and increases the vitality<\/p>\n","protected":false},"featured_media":83752,"template":"","meta":[],"pwb-brand":[2227],"product_cat":[1391,515],"product_tag":[],"class_list":{"0":"post-87998","1":"product","2":"type-product","3":"status-publish","4":"has-post-thumbnail","6":"pwb-brand-microbe-lift","7":"product_cat-ergaenzungen","8":"product_cat-additives","10":"first","11":"instock","12":"sale","13":"taxable","14":"shipping-taxable","15":"purchasable","16":"product-type-simple"},"acf":[],"brands":[{"id":2227,"name":"Microbe-Lift","slug":"microbe-lift"}],"_links":{"self":[{"href":"https:\/\/www.seaflowerstore.com\/de\/wp-json\/wp\/v2\/product\/87998","targetHints":{"allow":["GET"]}}],"collection":[{"href":"https:\/\/www.seaflowerstore.com\/de\/wp-json\/wp\/v2\/product"}],"about":[{"href":"https:\/\/www.seaflowerstore.com\/de\/wp-json\/wp\/v2\/types\/product"}],"wp:featuredmedia":[{"embeddable":true,"href":"https:\/\/www.seaflowerstore.com\/de\/wp-json\/wp\/v2\/media\/83752"}],"wp:attachment":[{"href":"https:\/\/www.seaflowerstore.com\/de\/wp-json\/wp\/v2\/media?parent=87998"}],"wp:term":[{"taxonomy":"pwb-brand","embeddable":true,"href":"https:\/\/www.seaflowerstore.com\/de\/wp-json\/wp\/v2\/pwb-brand?post=87998"},{"taxonomy":"product_cat","embeddable":true,"href":"https:\/\/www.seaflowerstore.com\/de\/wp-json\/wp\/v2\/product_cat?post=87998"},{"taxonomy":"product_tag","embeddable":true,"href":"https:\/\/www.seaflowerstore.com\/de\/wp-json\/wp\/v2\/product_tag?post=87998"}],"curies":[{"name":"wp","href":"https:\/\/api.w.org\/{rel}","templated":true}]}}