{"id":87999,"date":"2015-11-11T14:54:46","date_gmt":"2015-11-11T13:54:46","guid":{"rendered":"https:\/\/www.seaflowerstore.com\/nl\/microbe-lift-iodide-bromide-118ml\/"},"modified":"2024-03-20T16:31:52","modified_gmt":"2024-03-20T15:31:52","slug":"microbe-lift-iodide-bromide-118ml","status":"publish","type":"product","link":"https:\/\/www.seaflowerstore.com\/de\/microbe-lift-iodide-bromide-118ml\/","title":{"rendered":"Microbe-Lift Iodide &amp; Bromide 118ml"},"content":{"rendered":"<h2>Microbe-Lift Iodide &amp; Bromide 118ml improves natural coloring of corals and increases the vitality<\/h2>\n<p><strong>Jodid &amp; Bromid<\/strong> ist ein speziell f\u00fcr Meerwasseraquarien entwickelter Zusatzstoff, der Jodid und Bromid mit einem pH-Stabilisator kombiniert. Dieses Produkt hilft, Jodmangel vorzubeugen, verbessert gleichzeitig das Erscheinungsbild von Polypen, f\u00f6rdert die nat\u00fcrlichen Farben von Korallen und steigert die Vitalit\u00e4t aller Bewohner in Ihrem Aquarium.<\/p>\n<p><strong>Jodid &amp; Bromid<\/strong> enth\u00e4lt Jod in einer leicht verf\u00fcgbaren Form, das auch zur Stabilisierung des pH-Werts in Ihrem Aquarium beitr\u00e4gt.<\/p>\n<h3><strong>Tipps:<\/strong><\/h3>\n<ul>\n<li>Denken Sie daran, dass Eiwei\u00dfabsch\u00e4umer, Ozonisatoren und Kohle- oder Zeolithfilter die Werte wichtiger Spurenelemente wie Kalzium, Strontium, Molybd\u00e4n, Jod, Eisen, Vitamine und Aminos\u00e4uren reduzieren k\u00f6nnen.<\/li>\n<li>Jod ist w\u00e4hrend des H\u00e4utungsprozesses f\u00fcr Garnelen, Krabben und andere Wirbellose von Vorteil und kann helfen, Kropf bei Fischen vorzubeugen.<\/li>\n<\/ul>\n<h3><strong>Dosierung<\/strong><\/h3>\n<p>Um den Jodgehalt um 0,01 mg\/l zu erh\u00f6hen, geben Sie einfach 5 ml pro 100 Liter Wasser hinzu. Der ideale Jodbereich liegt zwischen 0,025 und 0,065 mg\/l.<\/p>\n<p><strong>Hinweise:<\/strong> In Aquarien mit einem hohen Bestand an Salzwasserarten kann eine t\u00e4gliche Dosierung angebracht sein.<\/p>\n","protected":false},"excerpt":{"rendered":"<p>Microbe-Lift Iodide &amp; Bromide 118ml improves natural coloring of corals and increases the vitality<\/p>\n","protected":false},"featured_media":83752,"template":"","meta":[],"pwb-brand":[2227],"product_cat":[1391,515],"product_tag":[],"class_list":{"0":"post-87999","1":"product","2":"type-product","3":"status-publish","4":"has-post-thumbnail","6":"pwb-brand-microbe-lift","7":"product_cat-ergaenzungen","8":"product_cat-additives","10":"first","11":"instock","12":"taxable","13":"shipping-taxable","14":"purchasable","15":"product-type-simple"},"acf":[],"brands":[{"id":2227,"name":"Microbe-Lift","slug":"microbe-lift"}],"_links":{"self":[{"href":"https:\/\/www.seaflowerstore.com\/de\/wp-json\/wp\/v2\/product\/87999","targetHints":{"allow":["GET"]}}],"collection":[{"href":"https:\/\/www.seaflowerstore.com\/de\/wp-json\/wp\/v2\/product"}],"about":[{"href":"https:\/\/www.seaflowerstore.com\/de\/wp-json\/wp\/v2\/types\/product"}],"wp:featuredmedia":[{"embeddable":true,"href":"https:\/\/www.seaflowerstore.com\/de\/wp-json\/wp\/v2\/media\/83752"}],"wp:attachment":[{"href":"https:\/\/www.seaflowerstore.com\/de\/wp-json\/wp\/v2\/media?parent=87999"}],"wp:term":[{"taxonomy":"pwb-brand","embeddable":true,"href":"https:\/\/www.seaflowerstore.com\/de\/wp-json\/wp\/v2\/pwb-brand?post=87999"},{"taxonomy":"product_cat","embeddable":true,"href":"https:\/\/www.seaflowerstore.com\/de\/wp-json\/wp\/v2\/product_cat?post=87999"},{"taxonomy":"product_tag","embeddable":true,"href":"https:\/\/www.seaflowerstore.com\/de\/wp-json\/wp\/v2\/product_tag?post=87999"}],"curies":[{"name":"wp","href":"https:\/\/api.w.org\/{rel}","templated":true}]}}