{"id":88007,"date":"2015-11-11T13:27:37","date_gmt":"2015-11-11T12:27:37","guid":{"rendered":"https:\/\/www.seaflowerstore.com\/nl\/microbe-lift-complete-473ml\/"},"modified":"2024-03-20T16:31:49","modified_gmt":"2024-03-20T15:31:49","slug":"microbe-lift-complete-473ml","status":"publish","type":"product","link":"https:\/\/www.seaflowerstore.com\/de\/microbe-lift-complete-473ml\/","title":{"rendered":"Microbe-Lift Complete 473ml"},"content":{"rendered":"<h2>Microbe-Lift Complete 473ml stabilizes carbonate hardness as well as pH-value<\/h2>\n<p><strong>Complete<\/strong> ist ein speziell entwickelter Stabilisator f\u00fcr Karbonat- und pH-Werte in allen Meerwasseraquarien. Er unterst\u00fctzt die Calciumversorgung, stabilisiert KH- und pH-Werte und verhindert wirksam eine Ionenverschiebung im Laufe der Zeit. In Verbindung mit All-In-One bietet <strong>Complete<\/strong> eine umfassende L\u00f6sung zur Aufrechterhaltung der Stabilit\u00e4t und zur Bereitstellung wichtiger Spurenelemente.<\/p>\n<h4><strong>Tipps:<\/strong><\/h4>\n<ul>\n<li>Beachten Sie, dass Eiwei\u00dfabsch\u00e4umer, Ozonisatoren sowie Kohle- und Zeolithfilter den Gehalt wichtiger Spurenelemente wie Kalzium, Strontium, Molybd\u00e4n, Jod, Eisen, Vitamine und Aminos\u00e4uren verringern k\u00f6nnen.<\/li>\n<li>\u00dcberpr\u00fcfen Sie regelm\u00e4\u00dfig Ihre Wasserwerte, um optimale Bedingungen sicherzustellen.<\/li>\n<\/ul>\n<h4><strong>Dosierung:<\/strong><\/h4>\n<p>Um den KH-Wert bei etwa 8~10 dH\u00b0 und den pH-Wert zwischen 8,0 und 8,3 zu stabilisieren, geben Sie 25 ml <strong>Complete<\/strong> pro 100 Liter Wasser hinzu. In stark besetzten Meerwasseraquarien k\u00f6nnen t\u00e4gliche Dosierungen erforderlich sein.<\/p>\n","protected":false},"excerpt":{"rendered":"<p>Microbe-Lift Complete 473ml stabilizes carbonate hardness as well as pH-value<\/p>\n","protected":false},"featured_media":83753,"template":"","meta":[],"pwb-brand":[2227],"product_cat":[1391],"product_tag":[],"class_list":{"0":"post-88007","1":"product","2":"type-product","3":"status-publish","4":"has-post-thumbnail","6":"pwb-brand-microbe-lift","7":"product_cat-ergaenzungen","9":"first","10":"outofstock","11":"sale","12":"taxable","13":"shipping-taxable","14":"purchasable","15":"product-type-simple"},"acf":[],"brands":[{"id":2227,"name":"Microbe-Lift","slug":"microbe-lift"}],"_links":{"self":[{"href":"https:\/\/www.seaflowerstore.com\/de\/wp-json\/wp\/v2\/product\/88007","targetHints":{"allow":["GET"]}}],"collection":[{"href":"https:\/\/www.seaflowerstore.com\/de\/wp-json\/wp\/v2\/product"}],"about":[{"href":"https:\/\/www.seaflowerstore.com\/de\/wp-json\/wp\/v2\/types\/product"}],"wp:featuredmedia":[{"embeddable":true,"href":"https:\/\/www.seaflowerstore.com\/de\/wp-json\/wp\/v2\/media\/83753"}],"wp:attachment":[{"href":"https:\/\/www.seaflowerstore.com\/de\/wp-json\/wp\/v2\/media?parent=88007"}],"wp:term":[{"taxonomy":"pwb-brand","embeddable":true,"href":"https:\/\/www.seaflowerstore.com\/de\/wp-json\/wp\/v2\/pwb-brand?post=88007"},{"taxonomy":"product_cat","embeddable":true,"href":"https:\/\/www.seaflowerstore.com\/de\/wp-json\/wp\/v2\/product_cat?post=88007"},{"taxonomy":"product_tag","embeddable":true,"href":"https:\/\/www.seaflowerstore.com\/de\/wp-json\/wp\/v2\/product_tag?post=88007"}],"curies":[{"name":"wp","href":"https:\/\/api.w.org\/{rel}","templated":true}]}}