{"id":88009,"date":"2015-11-11T13:24:55","date_gmt":"2015-11-11T12:24:55","guid":{"rendered":"https:\/\/www.seaflowerstore.com\/nl\/microbe-lift-complete-118ml\/"},"modified":"2024-03-20T16:31:48","modified_gmt":"2024-03-20T15:31:48","slug":"microbe-lift-complete-118ml","status":"publish","type":"product","link":"https:\/\/www.seaflowerstore.com\/de\/microbe-lift-complete-118ml\/","title":{"rendered":"Microbe-Lift Complete 118ml"},"content":{"rendered":"<h2>Microbe-Lift Complete 118ml stabilizes carbonate hardness as well as pH-value<\/h2>\n<p><strong>Complete<\/strong> ist ein speziell entwickelter Stabilisator zur Aufrechterhaltung des Karbonat- und pH-Werts in allen Salzwasseraquarien. Dieses Produkt unterst\u00fctzt die Kalziumversorgung, stabilisiert sowohl KH- als auch pH-Werte und verhindert effektiv eine Ionenverschiebung im Laufe der Zeit. In Kombination mit <strong>All-In-One<\/strong> bietet <strong>Complete<\/strong> eine umfassende L\u00f6sung zur Stabilisierung und liefert gleichzeitig wichtige Spurenelemente.<\/p>\n<h4><strong>Tipps:<\/strong><\/h4>\n<ul>\n<li>Beachten Sie, dass Eiwei\u00dfabsch\u00e4umer, Ozonisatoren sowie Kohle- und Zeolithfilter wichtige Spurenelemente wie Kalzium, Strontium, Molybd\u00e4n, Jod, Eisen, Vitamine und Aminos\u00e4uren vermindern k\u00f6nnen!<\/li>\n<li>\u00dcberpr\u00fcfen Sie regelm\u00e4\u00dfig Ihre Wasserwerte, um eine gesunde Umgebung zu gew\u00e4hrleisten.<\/li>\n<\/ul>\n<h4><strong>Dosierung:<\/strong><\/h4>\n<p>F\u00fcgen Sie 25 ml <strong>Complete<\/strong> zu jeweils 100 Litern Wasser hinzu, um den KH-Wert bei etwa 8~10 dH\u00b0 und den pH-Wert zwischen 8,0 und 8,3 zu stabilisieren. In stark besetzten Salzwasseraquarien k\u00f6nnen Sie je nach Bedarf t\u00e4gliche Dosen verabreichen.<\/p>\n","protected":false},"excerpt":{"rendered":"<p>Microbe-Lift Complete 118ml stabilizes carbonate hardness as well as pH-value<\/p>\n","protected":false},"featured_media":83753,"template":"","meta":[],"pwb-brand":[2227],"product_cat":[1391],"product_tag":[],"class_list":{"0":"post-88009","1":"product","2":"type-product","3":"status-publish","4":"has-post-thumbnail","6":"pwb-brand-microbe-lift","7":"product_cat-ergaenzungen","9":"first","10":"outofstock","11":"sale","12":"taxable","13":"shipping-taxable","14":"purchasable","15":"product-type-simple"},"acf":[],"brands":[{"id":2227,"name":"Microbe-Lift","slug":"microbe-lift"}],"_links":{"self":[{"href":"https:\/\/www.seaflowerstore.com\/de\/wp-json\/wp\/v2\/product\/88009","targetHints":{"allow":["GET"]}}],"collection":[{"href":"https:\/\/www.seaflowerstore.com\/de\/wp-json\/wp\/v2\/product"}],"about":[{"href":"https:\/\/www.seaflowerstore.com\/de\/wp-json\/wp\/v2\/types\/product"}],"wp:featuredmedia":[{"embeddable":true,"href":"https:\/\/www.seaflowerstore.com\/de\/wp-json\/wp\/v2\/media\/83753"}],"wp:attachment":[{"href":"https:\/\/www.seaflowerstore.com\/de\/wp-json\/wp\/v2\/media?parent=88009"}],"wp:term":[{"taxonomy":"pwb-brand","embeddable":true,"href":"https:\/\/www.seaflowerstore.com\/de\/wp-json\/wp\/v2\/pwb-brand?post=88009"},{"taxonomy":"product_cat","embeddable":true,"href":"https:\/\/www.seaflowerstore.com\/de\/wp-json\/wp\/v2\/product_cat?post=88009"},{"taxonomy":"product_tag","embeddable":true,"href":"https:\/\/www.seaflowerstore.com\/de\/wp-json\/wp\/v2\/product_tag?post=88009"}],"curies":[{"name":"wp","href":"https:\/\/api.w.org\/{rel}","templated":true}]}}