{"id":88012,"date":"2015-11-11T13:02:24","date_gmt":"2015-11-11T12:02:24","guid":{"rendered":"https:\/\/www.seaflowerstore.com\/nl\/microbe-lift-coralline-algae-accelerator-8-oz-236ml\/"},"modified":"2024-03-20T16:31:44","modified_gmt":"2024-03-20T15:31:44","slug":"microbe-lift-coralline-algae-accelerator-236ml","status":"publish","type":"product","link":"https:\/\/www.seaflowerstore.com\/de\/microbe-lift-coralline-algae-accelerator-236ml\/","title":{"rendered":"Microbe-Lift Coralline Algae Accelerator 236ml"},"content":{"rendered":"<h2>Microbe-Lift Coralline Algae Accelerator 236ml to stimulating the growth of Coralline algae<\/h2>\n<p>Dieses Produkt verwendet einen mehrteiligen Ansatz in einer einzigen Flasche, um das Wachstum von Korallenalgen effektiv zu stimulieren und gleichzeitig das Wachstum unerw\u00fcnschter Algen zu verhindern. Es enth\u00e4lt eine Mischung aus fein gemahlenem Aragonit, fl\u00fcssigem Kalzium, Strontium, Magnesium und Jodid.<\/p>\n<p><strong>Zu den Inhaltsstoffen geh\u00f6ren:<\/strong><\/p>\n<ul>\n<li>Fein gemahlener Aragonit<\/li>\n<li>\u00dcber 100.000 mg\/l Kalzium<\/li>\n<li>Zugesetztes Magnesium und Jodid<\/li>\n<\/ul>\n<p>Viele Riffliebhaber sch\u00e4tzen die leuchtend roten bis violetten Algen, die sich auf lebendem Gestein bilden. Sie sorgen f\u00fcr einen Farbtupfer und bek\u00e4mpfen unerw\u00fcnschte Algen gut.<\/p>\n<p>Bitte beachten Sie, dass dieses Produkt nur f\u00fcr die Verwendung mit allen Zier- und Aquarienfischen bestimmt ist. Es darf nicht bei Fischen verwendet werden, die f\u00fcr den menschlichen Verzehr bestimmt sind.<\/p>\n<p>Denken Sie daran, dass hohe Phosphatwerte das Wachstum von Korallenalgen hemmen k\u00f6nnen. Weitere wichtige zu ber\u00fccksichtigende Faktoren sind:<\/p>\n<ul>\n<li>Karbonath\u00e4rte<\/li>\n<li>Lichtintensit\u00e4t<\/li>\n<li>Riffbewohner wie Seeigel, die sich von Korallenalgen ern\u00e4hren.<\/li>\n<li>Diese Flasche enth\u00e4lt Aragonitpulver.<\/li>\n<\/ul>\n<p><strong>Vor Gebrauch gut sch\u00fctteln.<\/strong> 1 Verschlusskappe (5 ml) pro 50 Gallonen (189 Liter) Wasser hinzuf\u00fcgen. Am besten geben Sie das Produkt in der N\u00e4he von Bereichen mit hoher Wasserstr\u00f6mung oder direkt in Ihren Sumpf. M\u00f6glicherweise stellen Sie fest, dass das Wasser in Ihrem Tank vor\u00fcbergehend tr\u00fcb wird, aber keine Sorge; das wird mit der Zeit klar. Wenn Sie den Kalziumspiegel testen, warten Sie bitte mindestens 1,5 bis 2 Stunden, bis sich das Produkt verteilt hat. Die nat\u00fcrliche Kalziumkonzentration im Meerwasser betr\u00e4gt 420 ppm und es ist ratsam, den Salzwassergehalt Ihres Aquariums konstant bei nicht mehr als 420 ppm zu halten.<\/p>\n","protected":false},"excerpt":{"rendered":"<p>Microbe-Lift Coralline Algae Accelerator 236ml to stimulating the growth of Coralline algae<\/p>\n","protected":false},"featured_media":92053,"template":"","meta":[],"pwb-brand":[2227],"product_cat":[1391,515],"product_tag":[],"class_list":{"0":"post-88012","1":"product","2":"type-product","3":"status-publish","4":"has-post-thumbnail","6":"pwb-brand-microbe-lift","7":"product_cat-ergaenzungen","8":"product_cat-additives","10":"first","11":"outofstock","12":"taxable","13":"shipping-taxable","14":"purchasable","15":"product-type-simple"},"acf":[],"brands":[{"id":2227,"name":"Microbe-Lift","slug":"microbe-lift"}],"_links":{"self":[{"href":"https:\/\/www.seaflowerstore.com\/de\/wp-json\/wp\/v2\/product\/88012","targetHints":{"allow":["GET"]}}],"collection":[{"href":"https:\/\/www.seaflowerstore.com\/de\/wp-json\/wp\/v2\/product"}],"about":[{"href":"https:\/\/www.seaflowerstore.com\/de\/wp-json\/wp\/v2\/types\/product"}],"wp:featuredmedia":[{"embeddable":true,"href":"https:\/\/www.seaflowerstore.com\/de\/wp-json\/wp\/v2\/media\/92053"}],"wp:attachment":[{"href":"https:\/\/www.seaflowerstore.com\/de\/wp-json\/wp\/v2\/media?parent=88012"}],"wp:term":[{"taxonomy":"pwb-brand","embeddable":true,"href":"https:\/\/www.seaflowerstore.com\/de\/wp-json\/wp\/v2\/pwb-brand?post=88012"},{"taxonomy":"product_cat","embeddable":true,"href":"https:\/\/www.seaflowerstore.com\/de\/wp-json\/wp\/v2\/product_cat?post=88012"},{"taxonomy":"product_tag","embeddable":true,"href":"https:\/\/www.seaflowerstore.com\/de\/wp-json\/wp\/v2\/product_tag?post=88012"}],"curies":[{"name":"wp","href":"https:\/\/api.w.org\/{rel}","templated":true}]}}