{"id":88013,"date":"2015-11-11T13:00:14","date_gmt":"2015-11-11T12:00:14","guid":{"rendered":"https:\/\/www.seaflowerstore.com\/nl\/microbe-lift-coralline-algae-accelerator-4-oz-118ml\/"},"modified":"2024-03-20T16:31:42","modified_gmt":"2024-03-20T15:31:42","slug":"microbe-lift-coralline-algae-accelerator-118ml","status":"publish","type":"product","link":"https:\/\/www.seaflowerstore.com\/de\/microbe-lift-coralline-algae-accelerator-118ml\/","title":{"rendered":"Microbe-Lift Coralline Algae Accelerator 118ml"},"content":{"rendered":"<h2>Microbe-Lift Coralline Algae Accelerator 118ml to stimulating the growth of Coralline algae<\/h2>\n<p>Unser <strong>Microbe-Lift Coralline Algae Accelerator<\/strong> wurde entwickelt, um das Wachstum von Korallenalgen zu f\u00f6rdern und gleichzeitig die Ausbreitung unerw\u00fcnschter Algen zu verhindern. Dieses Produkt verwendet einen unkomplizierten Ansatz aus mehreren Komponenten in einer Flasche und enth\u00e4lt eine Mischung aus:<\/p>\n<ul>\n<li>Fein gemahlenes Aragonit<\/li>\n<li>\u00dcber 100.000 mg\/l Kalzium<\/li>\n<li>Zugesetztes Magnesium und Jodid<\/li>\n<\/ul>\n<p>Viele Riffliebhaber sch\u00e4tzen die leuchtend roten bis violetten Farbt\u00f6ne der Korallenalgen, die sich auf lebendem Gestein entwickeln. Diese Algen bringen nicht nur Farbe in Ihr Aquarium, sondern konkurrieren auch effektiv mit unerw\u00fcnschten Algen.<\/p>\n<p>Bitte beachten Sie, dass dieses Produkt ausschlie\u00dflich f\u00fcr Zier- und Aquarienfische entwickelt wurde und nicht bei Fischen verwendet werden sollte, die f\u00fcr den menschlichen Verzehr bestimmt sind.<\/p>\n<p>Denken Sie daran, dass hohe Phosphatwerte das Wachstum von Kalkalgen behindern k\u00f6nnen. Ber\u00fccksichtigen Sie au\u00dferdem diese Faktoren f\u00fcr optimales Wachstum:<\/p>\n<ul>\n<li>Karbonath\u00e4rte<\/li>\n<li>Lichtintensit\u00e4t<\/li>\n<li>Vorhandensein von Riffbewohnern wie Seeigeln, die sich von Kalkalgen ern\u00e4hren<\/li>\n<\/ul>\n<p>Diese Flasche enth\u00e4lt Aragonitpulver. <strong>Vor Gebrauch gut sch\u00fctteln.<\/strong> F\u00fcr optimale Ergebnisse geben Sie 1 Verschlusskappe (5 ml) pro 50 Gallonen (189 Liter) Wasser hinzu. Wenden Sie das Produkt in der N\u00e4he von Bereichen mit hoher Wasserstr\u00f6mung oder direkt in Ihrem Sumpf an. Rechnen Sie damit, dass das Wasser vor\u00fcbergehend tr\u00fcb erscheint, aber machen Sie sich keine Sorgen; es wird mit der Zeit besser.<\/p>\n<p>Wenn Sie den Kalziumspiegel \u00fcberwachen, warten Sie nach der Anwendung bitte mindestens 1,5 bis 2 Stunden, bis sich das Produkt vollst\u00e4ndig aufgel\u00f6st hat. Die nat\u00fcrliche Kalziumkonzentration im Meerwasser betr\u00e4gt etwa 420 ppm und es ist wichtig, den Salzwassergehalt Ihres Aquariums konstant auf oder unter diesem Niveau zu halten.<\/p>\n","protected":false},"excerpt":{"rendered":"<p>.Microbe-Lift Coralline Algae Accelerator 118ml to stimulating the growth of Coralline algae<\/p>\n","protected":false},"featured_media":92053,"template":"","meta":[],"pwb-brand":[2227],"product_cat":[1391],"product_tag":[],"class_list":{"0":"post-88013","1":"product","2":"type-product","3":"status-publish","4":"has-post-thumbnail","6":"pwb-brand-microbe-lift","7":"product_cat-ergaenzungen","9":"first","10":"outofstock","11":"taxable","12":"shipping-taxable","13":"purchasable","14":"product-type-simple"},"acf":[],"brands":[{"id":2227,"name":"Microbe-Lift","slug":"microbe-lift"}],"_links":{"self":[{"href":"https:\/\/www.seaflowerstore.com\/de\/wp-json\/wp\/v2\/product\/88013","targetHints":{"allow":["GET"]}}],"collection":[{"href":"https:\/\/www.seaflowerstore.com\/de\/wp-json\/wp\/v2\/product"}],"about":[{"href":"https:\/\/www.seaflowerstore.com\/de\/wp-json\/wp\/v2\/types\/product"}],"wp:featuredmedia":[{"embeddable":true,"href":"https:\/\/www.seaflowerstore.com\/de\/wp-json\/wp\/v2\/media\/92053"}],"wp:attachment":[{"href":"https:\/\/www.seaflowerstore.com\/de\/wp-json\/wp\/v2\/media?parent=88013"}],"wp:term":[{"taxonomy":"pwb-brand","embeddable":true,"href":"https:\/\/www.seaflowerstore.com\/de\/wp-json\/wp\/v2\/pwb-brand?post=88013"},{"taxonomy":"product_cat","embeddable":true,"href":"https:\/\/www.seaflowerstore.com\/de\/wp-json\/wp\/v2\/product_cat?post=88013"},{"taxonomy":"product_tag","embeddable":true,"href":"https:\/\/www.seaflowerstore.com\/de\/wp-json\/wp\/v2\/product_tag?post=88013"}],"curies":[{"name":"wp","href":"https:\/\/api.w.org\/{rel}","templated":true}]}}