{"id":88014,"date":"2015-11-11T12:58:20","date_gmt":"2015-11-11T11:58:20","guid":{"rendered":"https:\/\/www.seaflowerstore.com\/nl\/microbe-lift-all-in-one-473ml-16oz\/"},"modified":"2024-03-20T16:31:41","modified_gmt":"2024-03-20T15:31:41","slug":"microbe-lift-all-in-one-473ml-16oz","status":"publish","type":"product","link":"https:\/\/www.seaflowerstore.com\/de\/microbe-lift-all-in-one-473ml-16oz\/","title":{"rendered":"Microbe-Lift All-In-One 473ml 16oz"},"content":{"rendered":"<h2>Microbe-Lift All-In-One 473ml 16oz a convenient way of dosing all of our Reef &#038; Marine supplements in one application<\/h2>\n<p><strong>MICROBE-LIFT\/All-In-One Master Supplement<\/strong> ist ein speziell entwickeltes Produkt, das die Pflege von Riffumgebungen erheblich vereinfachen soll. Es enth\u00e4lt eine ausgewogene Mischung aus sechs essentiellen <strong>MICROBE-LIFT<\/strong>-Riffprodukten, darunter:<\/p>\n<ul>\n<li>Chelatisiertes Eisen<\/li>\n<li>Essenzielle Mineralien und Spurenelemente<\/li>\n<li>Vitamine und Aminos\u00e4uren<\/li>\n<li>Kalziumkonzentrat<\/li>\n<li>Jodid und Bromid<\/li>\n<li>Strontium und Molybd\u00e4n<\/li>\n<\/ul>\n<p>Diese zeitsparende Erg\u00e4nzung ist besonders praktisch und kosteng\u00fcnstig f\u00fcr kleinere Riffsysteme wie Nano-Rifftanks und Biow\u00fcrfel.<\/p>\n<p><strong>Warum sollten Sie sich f\u00fcr MICROBE-LIFT\/Reef &#038; Marine Supplements entscheiden?<\/strong> Meersalzmischungen k\u00f6nnen 70 oder mehr essentielle und Spurenelemente enthalten, die in nat\u00fcrlichem Salzwasser vorkommen. Diese Komponenten sind von entscheidender Bedeutung f\u00fcr die Aufrechterhaltung der Wasserqualit\u00e4t f\u00fcr Ihre Fische, Korallen, Wirbellosen und Makroalgen, genau wie von der Natur vorgesehen. In einem geschlossenen Aquariumsystem k\u00f6nnen verschiedene Filter- und Reinigungsprozesse den Gehalt dieser wichtigen Elemente verringern, darunter Kalzium, Strontium, Molybd\u00e4n, Jodid, Bromid, Eisen, Vitamine, Aminos\u00e4uren und essentielle Spurenelemente.<\/p>\n<h3>Zutaten<\/h3>\n<p><strong>MICROBE-LIFT\/All-in-One Master Supplement<\/strong> ist eine pH-ausgeglichene Mischung der sechs <strong>MICROBE-LIFT\/Reef &#038; Marine<\/strong>-Erg\u00e4nzungsmittel:<\/p>\n<ul>\n<li>Kalzium<\/li>\n<li>Strontium\/Molybd\u00e4n<\/li>\n<li>Jodid\/Bromid<\/li>\n<li>Vitamine\/Aminos\u00e4uren<\/li>\n<li>Mineralien\/Elemente<\/li>\n<li>Eisen\/Thiamin (B-1)<\/li>\n<li>Cyanocobalamin (B-12)<\/li>\n<li>Verpackt als praktisches Haupterg\u00e4nzungsmittel<\/li>\n<li>Angereichert mit Vitamin D<\/li>\n<\/ul>\n<h3>Anwendung<\/h3>\n<ul>\n<li>F\u00fcgen Sie 1-2 Mal pro Woche 2-4 Kapseln (14-28 ml) pro 189 l (50 Gallonen) als breit gef\u00e4chertes Gesamterg\u00e4nzungsmittel hinzu, das \u00fcber 60 Bestandteile von Meerwasser enth\u00e4lt.<\/li>\n<li>Die Anwendung kann bei Bedarf problemlos verdoppelt werden.<\/li>\n<\/ul>\n<h3>Vorsichtsma\u00dfnahmen<\/h3>\n<ul>\n<li>Au\u00dferhalb der Reichweite von Kindern aufbewahren.<\/li>\n<li>Anweisungen sorgf\u00e4ltig befolgen.<\/li>\n<\/ul>\n<p>Dieses Produkt ist f\u00fcr alle Zier- und Aquarienfische geeignet, jedoch nicht f\u00fcr Fische, die f\u00fcr den menschlichen Verzehr bestimmt sind.<\/p>\n","protected":false},"excerpt":{"rendered":"<p>Microbe-Lift All-In-One 473ml 16oz a convenient way of dosing all of our Reef &amp; Marine supplements in one application<\/p>\n","protected":false},"featured_media":83566,"template":"","meta":[],"pwb-brand":[2227],"product_cat":[1391],"product_tag":[],"class_list":{"0":"post-88014","1":"product","2":"type-product","3":"status-publish","4":"has-post-thumbnail","6":"pwb-brand-microbe-lift","7":"product_cat-ergaenzungen","9":"first","10":"instock","11":"taxable","12":"shipping-taxable","13":"purchasable","14":"product-type-simple"},"acf":[],"brands":[{"id":2227,"name":"Microbe-Lift","slug":"microbe-lift"}],"_links":{"self":[{"href":"https:\/\/www.seaflowerstore.com\/de\/wp-json\/wp\/v2\/product\/88014","targetHints":{"allow":["GET"]}}],"collection":[{"href":"https:\/\/www.seaflowerstore.com\/de\/wp-json\/wp\/v2\/product"}],"about":[{"href":"https:\/\/www.seaflowerstore.com\/de\/wp-json\/wp\/v2\/types\/product"}],"wp:featuredmedia":[{"embeddable":true,"href":"https:\/\/www.seaflowerstore.com\/de\/wp-json\/wp\/v2\/media\/83566"}],"wp:attachment":[{"href":"https:\/\/www.seaflowerstore.com\/de\/wp-json\/wp\/v2\/media?parent=88014"}],"wp:term":[{"taxonomy":"pwb-brand","embeddable":true,"href":"https:\/\/www.seaflowerstore.com\/de\/wp-json\/wp\/v2\/pwb-brand?post=88014"},{"taxonomy":"product_cat","embeddable":true,"href":"https:\/\/www.seaflowerstore.com\/de\/wp-json\/wp\/v2\/product_cat?post=88014"},{"taxonomy":"product_tag","embeddable":true,"href":"https:\/\/www.seaflowerstore.com\/de\/wp-json\/wp\/v2\/product_tag?post=88014"}],"curies":[{"name":"wp","href":"https:\/\/api.w.org\/{rel}","templated":true}]}}