{"id":88016,"date":"2015-11-11T12:55:33","date_gmt":"2015-11-11T11:55:33","guid":{"rendered":"https:\/\/www.seaflowerstore.com\/nl\/microbe-lift-all-in-one-118ml-4oz\/"},"modified":"2024-03-20T16:31:39","modified_gmt":"2024-03-20T15:31:39","slug":"microbe-lift-all-in-one-118ml-4oz","status":"publish","type":"product","link":"https:\/\/www.seaflowerstore.com\/de\/microbe-lift-all-in-one-118ml-4oz\/","title":{"rendered":"Microbe-Lift All-In-One 118ml 4oz"},"content":{"rendered":"<h2>Microbe-Lift All-In-One 118ml 4 oz a convenient way of dosing all of our Reef &#038; Marine supplements in one application<\/h2>\n<p><strong>MICROBE-LIFT\/All-In-One Master Supplement<\/strong> ist ein speziell formuliertes Produkt, das die Pflege von Riffumgebungen erleichtern soll. Es enth\u00e4lt eine perfekt ausgewogene Kombination aus sechs <strong>MICROBE-LIFT<\/strong>-Riffprodukten: Chelatisiertes Eisen, essentielle Mineralien und Spurenelemente, Vitamine und Aminos\u00e4uren, Kalziumkonzentrat, Jodid und Bromid sowie Strontium und Molybd\u00e4n. Dieses Erg\u00e4nzungsmittel spart Ihnen Zeit und ist besonders n\u00fctzlich f\u00fcr kleinere Riffsysteme wie \u201eNano-Rifftanks\u201c und Biow\u00fcrfel.<\/p>\n<p>Warum sollten Sie sich f\u00fcr <strong>MICROBE-LIFT\/Reef &#038; Marine<\/strong>-Erg\u00e4nzungsmittel entscheiden? Meersalzmischungen k\u00f6nnen \u00fcber 70 essentielle und Spurenelemente enthalten, die in nat\u00fcrlichem Salzwasser vorkommen. Diese Komponenten spielen eine wichtige Rolle bei der Aufrechterhaltung der Wasserqualit\u00e4t f\u00fcr Fische, Korallen, Wirbellose und Makroalgen, genau wie es die Natur vorgesehen hat. In einem geschlossenen Aquariumsystem k\u00f6nnen Elemente wie Eiwei\u00dfabsch\u00e4umer, Ozonisatoren, Kohlefilter und verschiedene biochemische Prozesse diese wichtigen Bestandteile, darunter Kalzium, Strontium, Molybd\u00e4n, Jod, Bromid, Eisen, Vitamine, Aminos\u00e4uren und essentielle Spurenelemente, verringern.<\/p>\n<h3>Zutaten<\/h3>\n<p><strong>MICROBE-LIFT\/All-in-One Master Supplement<\/strong> ist eine pH-ausgeglichene Mischung aus den sechs <strong>MICROBE-LIFT\/Reef &#038; Marine<\/strong>-Erg\u00e4nzungsmitteln:<\/p>\n<ul>\n<li>Kalzium<\/li>\n<li>Strontium\/Molybd\u00e4n<\/li>\n<li>Jod\/Bromid<\/li>\n<li>Vitamine\/Aminos\u00e4uren<\/li>\n<li>Mineralien\/Elemente<\/li>\n<li>Eisen\/Thiamin (B-1)<\/li>\n<li>Cyanocobalamin (B-12)<\/li>\n<li>Verpackt als praktisches Hauptpr\u00e4parat.<\/li>\n<li>Angereichert mit Vitamin D.<\/li>\n<\/ul>\n<h3>Anwendung<\/h3>\n<ul>\n<li>F\u00fcgen Sie 1-2 Mal pro Woche 2-4 Kapseln (14-28 ml) pro 189 l (50 Gallonen) hinzu, um ein breit gef\u00e4chertes Gesamtpr\u00e4parat mit \u00fcber 60 Bestandteilen aus Meerwasser bereitzustellen.<\/li>\n<li>Bei Bedarf kann die Dosis bedenkenlos verdoppelt werden.<\/li>\n<\/ul>\n<h3>Vorsichtsma\u00dfnahmen<\/h3>\n<ul>\n<li>Au\u00dferhalb der Reichweite von Kindern aufbewahren.<\/li>\n<li>Befolgen Sie die Anweisungen sorgf\u00e4ltig.<\/li>\n<\/ul>\n<p>Dieses Produkt ist f\u00fcr alle Zier- und Aquarienfische geeignet, sollte jedoch nicht bei Fischen verwendet werden, die f\u00fcr den menschlichen Verzehr bestimmt sind.<\/p>\n","protected":false},"excerpt":{"rendered":"<p>Microbe-Lift All-In-One 118ml 4 oz a convenient way of dosing all of our Reef &amp; Marine supplements in one application<\/p>\n","protected":false},"featured_media":83566,"template":"","meta":[],"pwb-brand":[2227],"product_cat":[1391],"product_tag":[],"class_list":{"0":"post-88016","1":"product","2":"type-product","3":"status-publish","4":"has-post-thumbnail","6":"pwb-brand-microbe-lift","7":"product_cat-ergaenzungen","9":"first","10":"instock","11":"sale","12":"taxable","13":"shipping-taxable","14":"purchasable","15":"product-type-simple"},"acf":[],"brands":[{"id":2227,"name":"Microbe-Lift","slug":"microbe-lift"}],"_links":{"self":[{"href":"https:\/\/www.seaflowerstore.com\/de\/wp-json\/wp\/v2\/product\/88016","targetHints":{"allow":["GET"]}}],"collection":[{"href":"https:\/\/www.seaflowerstore.com\/de\/wp-json\/wp\/v2\/product"}],"about":[{"href":"https:\/\/www.seaflowerstore.com\/de\/wp-json\/wp\/v2\/types\/product"}],"wp:featuredmedia":[{"embeddable":true,"href":"https:\/\/www.seaflowerstore.com\/de\/wp-json\/wp\/v2\/media\/83566"}],"wp:attachment":[{"href":"https:\/\/www.seaflowerstore.com\/de\/wp-json\/wp\/v2\/media?parent=88016"}],"wp:term":[{"taxonomy":"pwb-brand","embeddable":true,"href":"https:\/\/www.seaflowerstore.com\/de\/wp-json\/wp\/v2\/pwb-brand?post=88016"},{"taxonomy":"product_cat","embeddable":true,"href":"https:\/\/www.seaflowerstore.com\/de\/wp-json\/wp\/v2\/product_cat?post=88016"},{"taxonomy":"product_tag","embeddable":true,"href":"https:\/\/www.seaflowerstore.com\/de\/wp-json\/wp\/v2\/product_tag?post=88016"}],"curies":[{"name":"wp","href":"https:\/\/api.w.org\/{rel}","templated":true}]}}