{"id":88022,"date":"2015-11-08T13:55:38","date_gmt":"2015-11-08T12:55:38","guid":{"rendered":"https:\/\/www.seaflowerstore.com\/nl\/microbe-lift-gravel-substrate-cleaner-473ml\/"},"modified":"2024-03-20T16:31:35","modified_gmt":"2024-03-20T15:31:35","slug":"microbe-lift-gravel-substrate-cleaner-473ml","status":"publish","type":"product","link":"https:\/\/www.seaflowerstore.com\/de\/microbe-lift-gravel-substrate-cleaner-473ml\/","title":{"rendered":"Microbe-Lift Gravel &amp; Substrate Cleaner 473ml"},"content":{"rendered":"<h2>Microbe-Lift Gravel &amp; Substrate Cleaner 473ml<\/h2>\n<p>Reinigen Sie Ihre Aquariensubstrate, ohne sie m\u00fchsam entfernen zu m\u00fcssen.<\/p>\n<p>Dieses Produkt eignet sich sowohl f\u00fcr Salz- als auch f\u00fcr S\u00fc\u00dfwasserumgebungen.<\/p>\n<ul>\n<li>Sorgt f\u00fcr eine schnelle und nat\u00fcrliche Entfernung von Schlamm und Dreck.<\/li>\n<li>Wirkt 80 % schneller als die Verwendung von Bakterienprodukten allein.<\/li>\n<li>Reduziert und bindet N\u00e4hrstoffe, einschlie\u00dflich Phosphate.<\/li>\n<li>Auf organischer und mikrobieller Basis.<\/li>\n<li>Nat\u00fcrlich und nicht \u00e4tzend.<\/li>\n<\/ul>\n<p><strong>MICROBE-LIFT\/Kies- und Substratreiniger<\/strong> verbessert den biologischen Abbau von organischen Abf\u00e4llen, die sich am Boden Ihres Aquariums ansammeln k\u00f6nnen und f\u00fcr Fische und Pflanzen giftig werden k\u00f6nnen.<\/p>\n<p>Wenn sich organische Feststoffe ansammeln, beginnen sie zu verrotten und geben sch\u00e4dliche Gase und Nebenprodukte ins Wasser ab. Diese Gase k\u00f6nnen eine Gefahr f\u00fcr Fische, Meereslebewesen und Wasserpflanzen darstellen.<\/p>\n<p><strong>MICROBE-LIFT\/Gravel &#038; Substrate Cleaner<\/strong> baut Schlamm und Dreck am Boden effektiv biologisch ab, minimiert St\u00f6rungen und reduziert oder eliminiert potenziell sch\u00e4dliche Gase. Es hilft auch, Ihr Aquarienwasser zu kl\u00e4ren.<\/p>\n<p>Dieses Produkt enth\u00e4lt nat\u00fcrliche Zellulosestoffe, ausgew\u00e4hlte biologische Beschleuniger und spezielle Mikroben, die sich bei der Reduzierung von Aquarienschlamm als wirksam erwiesen haben.<\/p>\n<p><strong>MICROBE-LIFT\/Gravel &#038; Substrate Cleaner<\/strong> hilft auch bei der Kl\u00e4rung von tr\u00fcbem Aquarienwasser. Es wird zur Verwendung mit allen MICROBE-LIFT-Bakterien- und Enzymprodukten empfohlen.<\/p>\n<p>Denken Sie daran, dass <strong>MICROBE-LIFT\/Gravel &#038; Substrate Cleaner<\/strong> Substratreiniger<\/strong> kann Ihr Aquarienwasser f\u00fcr 48 bis 96 Stunden nach der Anwendung vor\u00fcbergehend verf\u00e4rben.<\/p>\n<p>Dieses Produkt ist schwarz und kann Ihr Aquarienwasser leicht f\u00e4rben. Keine Sorge; der Wirkstoff ist nat\u00fcrlich und hilft, das Wasser zu kl\u00e4ren, w\u00e4hrend organisches Material verdaut wird.<\/p>\n<p><strong>Anleitung:<\/strong><br \/>Bei Substraten mit 0,65 cm (1\/4 Zoll) oder mehr fester Ablagerung wenden Sie 2 Teel\u00f6ffel (10 ml) <strong>MICROBE-LIFT\/Kies- und Substratreiniger<\/strong> pro 10 Gallonen (38 l) Tankwasser an.<br \/>Hier sind einige Beispiele:<\/p>\n<p><strong>Dosierung je Tankgr\u00f6\u00dfe<\/strong><br \/>\n225 Liter (60 Gallonen): 12 Teel\u00f6ffel. (4 EL \/ 60 ml)<br \/>\n285 Liter (75 Gallonen): 15 TL (5 EL \/ 75 ml)\n<\/p>\n<p>Wie angegeben alle zwei Wochen verwenden, bis der Untergrund sauber ist, dann den unten stehenden Dosierungsplan zur Untergrundpflege befolgen.<\/p>\n<p><strong>Substratpflege:<\/strong> Bei einem Untergrund mit weniger als 0,65 cm (1\/4 Zoll) fester Ablagerung 1 TL (5 ml) <strong>MICROBE-LIFT\/Gravel &amp; Substrate Cleaner<\/strong> pro 10 Gallonen (38 l) Tankwasser auftragen.<br \/>Beispiele:<\/p>\n<p><strong>Dosierung je Tankgr\u00f6\u00dfe<\/strong><br \/>\n225 Liter (60 Gallonen): 6 TL. (2 EL \/ 30 ml)<br \/>\n285 Liter (75 Gallonen): 7 1\/2 TL (2 1\/2 EL \/ 37 ml)\n<\/p>\n<p>Monatlich wie angegeben verwenden. Wenn die Ablagerung mehr als 1\/4 Zoll betr\u00e4gt, befolgen Sie bitte den Dosierungsplan f\u00fcr die Untergrundreinigung.<\/p>\n","protected":false},"excerpt":{"rendered":"<p>Microbe-Lift Gravel &amp; Substrate Cleaner 473ml Cleans Aquarium Substrates Without Removing Them<\/p>\n","protected":false},"featured_media":78526,"template":"","meta":[],"pwb-brand":[2227],"product_cat":[1484,1391],"product_tag":[],"class_list":{"0":"post-88022","1":"product","2":"type-product","3":"status-publish","4":"has-post-thumbnail","6":"pwb-brand-microbe-lift","7":"product_cat-bakterien","8":"product_cat-ergaenzungen","10":"first","11":"instock","12":"taxable","13":"shipping-taxable","14":"purchasable","15":"product-type-simple"},"acf":[],"brands":[{"id":2227,"name":"Microbe-Lift","slug":"microbe-lift"}],"_links":{"self":[{"href":"https:\/\/www.seaflowerstore.com\/de\/wp-json\/wp\/v2\/product\/88022","targetHints":{"allow":["GET"]}}],"collection":[{"href":"https:\/\/www.seaflowerstore.com\/de\/wp-json\/wp\/v2\/product"}],"about":[{"href":"https:\/\/www.seaflowerstore.com\/de\/wp-json\/wp\/v2\/types\/product"}],"wp:featuredmedia":[{"embeddable":true,"href":"https:\/\/www.seaflowerstore.com\/de\/wp-json\/wp\/v2\/media\/78526"}],"wp:attachment":[{"href":"https:\/\/www.seaflowerstore.com\/de\/wp-json\/wp\/v2\/media?parent=88022"}],"wp:term":[{"taxonomy":"pwb-brand","embeddable":true,"href":"https:\/\/www.seaflowerstore.com\/de\/wp-json\/wp\/v2\/pwb-brand?post=88022"},{"taxonomy":"product_cat","embeddable":true,"href":"https:\/\/www.seaflowerstore.com\/de\/wp-json\/wp\/v2\/product_cat?post=88022"},{"taxonomy":"product_tag","embeddable":true,"href":"https:\/\/www.seaflowerstore.com\/de\/wp-json\/wp\/v2\/product_tag?post=88022"}],"curies":[{"name":"wp","href":"https:\/\/api.w.org\/{rel}","templated":true}]}}