{"id":88024,"date":"2015-11-08T13:53:29","date_gmt":"2015-11-08T12:53:29","guid":{"rendered":"https:\/\/www.seaflowerstore.com\/nl\/microbe-lift-gravel-substrat-cleaner-118ml\/"},"modified":"2024-03-20T16:31:30","modified_gmt":"2024-03-20T15:31:30","slug":"microbe-lift-gravel-substrat-cleaner-118ml","status":"publish","type":"product","link":"https:\/\/www.seaflowerstore.com\/de\/microbe-lift-gravel-substrat-cleaner-118ml\/","title":{"rendered":"Microbe-Lift Gravel &amp; Substrat Cleaner 118ml"},"content":{"rendered":"<h2>Microbe-Lift Gravel &amp; Substrat Cleaner 118ml Clean Aquarium Substrates Without Removing Them<\/h2>\n<p>Sowohl f\u00fcr <strong>SALZWASSER<\/strong> als auch f\u00fcr <strong>S\u00dcSSWASSER<\/strong> bietet dieses Produkt:<\/p>\n<ul>\n<li>Schnelle und nat\u00fcrliche Entfernung von Schlamm und Dreck<\/li>\n<li>80 % schnellere Ergebnisse im Vergleich zu reinen Bakterienprodukten<\/li>\n<li>Reduzierung und Bindung von N\u00e4hrstoffen, einschlie\u00dflich Phosphaten<\/li>\n<li>Organische und mikrobielle Formulierung<\/li>\n<li>Nat\u00fcrliche und nicht \u00e4tzende Inhaltsstoffe<\/li>\n<\/ul>\n<p><strong>MICROBE-LIFT Kies- und Substratreiniger<\/strong> verbessert den biologischen Abbau von langsam abbaubaren organischen Abf\u00e4llen am Boden Ihres Aquariums und verhindert so die Toxizit\u00e4t f\u00fcr Fische und Pflanzen. Wenn sich organische Feststoffe auf dem Aquarienboden sammeln, beginnen sie zu zerfallen und geben sch\u00e4dliche Gase und Nebenprodukte ins Wasser ab. Dies kann Risiken f\u00fcr Fische, Meeresorganismen und Pflanzen darstellen.<\/p>\n<p>Unser Reiniger baut organischen Bodenschlamm und Dreck effektiv und mit minimaler St\u00f6rung biologisch ab und reduziert oder eliminiert sch\u00e4dliche gasf\u00f6rmige Verbindungen erheblich. Gleichzeitig hilft er auch, Ihr Aquarienwasser zu kl\u00e4ren.<\/p>\n<p><strong>MICROBE-LIFT Gravel &#038; Substrate Cleaner<\/strong> wird aus nat\u00fcrlichen Zellulosestoffen, ausgew\u00e4hlten biologischen Beschleunigern und einzigartigen Mikroben hergestellt, die nachweislich zur Reduzierung von Aquarienschlamm beitragen. Er hilft auch, tr\u00fcbes Wasser zu kl\u00e4ren.<\/p>\n<p>Dieses Produkt wird zur Verwendung zusammen mit allen MICROBE-LIFT-Bakterien- und Enzymprodukten empfohlen. Bitte beachten Sie, dass <strong>MICROBE-LIFT Gravel &#038; Substrate Cleaner<\/strong> Ihr Aquarienwasser nach der Anwendung 48 bis 96 Stunden lang vor\u00fcbergehend verf\u00e4rben kann. Da das Produkt schwarz ist, kann es Ihr Wasser leicht f\u00e4rben, aber das ist kein Grund zur Sorge. Der Wirkstoff ist nat\u00fcrlich und kl\u00e4rt das Wasser, w\u00e4hrend er organische Stoffe im Aquarium verdaut.<\/p>\n<p><strong>Anleitung<\/strong><\/p>\n<p>Bei Substraten mit 0,65 cm (1\/4 Zoll) oder mehr fester Ablagerung 2 Teel\u00f6ffel (10 ml) <strong>MICROBE-LIFT Kies- und Substratreiniger<\/strong> pro 10 Gallonen (38 l) Tankwasser anwenden.<\/p>\n<p>Hier sind einige Dosierungsbeispiele:<\/p>\n<ul>\n<li>Tankgr\u00f6\u00dfe: 225 Liter (60 Gallonen) \u2013 Dosierung: 12 Teel\u00f6ffel (4 Essl\u00f6ffel \/ 60 ml)<\/li>\n<li>Tankgr\u00f6\u00dfe: 285 Liter (75 Gallonen) \u2013 Dosierung: 15 Teel\u00f6ffel. (5 EL \/ 75 ml)<\/li>\n<\/ul>\n<p>Verwenden Sie es wie angegeben alle zwei Wochen, bis der Untergrund sauber ist, und befolgen Sie dann den unten stehenden Dosierungsplan zur Untergrundpflege.<\/p>\n<p><strong>Substratpflege<\/strong> \u2013 F\u00fcr Untergr\u00fcnde mit weniger als 0,65 cm (1\/4 Zoll) fester Ablagerung wenden Sie 1 TL (5 ml) <strong>MICROBE-LIFT Kies- und Untergrundreiniger<\/strong> pro 10 Gallonen (38 l) Tankwasser an.<\/p>\n<p>Hier sind einige Beispiele f\u00fcr die Dosierung zur Instandhaltung:<\/p>\n<ul>\n<li>Tankgr\u00f6\u00dfe: 225 Liter (60 Gallonen) \u2013 Dosierung: 6 TL (2 EL \/ 30 ml)<\/li>\n<li>Tankgr\u00f6\u00dfe: 285 Liter (75 Gallonen) \u2013 Dosierung: 7 1\/2 TL. (2 1\/2 EL \/ 37 ml)<\/li>\n<\/ul>\n<p>Monatlich wie angegeben verwenden. Wenn die Ablagerung 1\/4 Zoll \u00fcberschreitet, befolgen Sie bitte den Dosierungsplan f\u00fcr die Untergrundreinigung.<\/p>\n","protected":false},"excerpt":{"rendered":"<p>Microbe-Lift Gravel &amp; Substrat Cleaner 118ml Clean Aquarium Substrates Without Removing Them<\/p>\n","protected":false},"featured_media":78522,"template":"","meta":[],"pwb-brand":[2227],"product_cat":[1484,1391],"product_tag":[],"class_list":{"0":"post-88024","1":"product","2":"type-product","3":"status-publish","4":"has-post-thumbnail","6":"pwb-brand-microbe-lift","7":"product_cat-bakterien","8":"product_cat-ergaenzungen","10":"first","11":"instock","12":"sale","13":"taxable","14":"shipping-taxable","15":"purchasable","16":"product-type-simple"},"acf":[],"brands":[{"id":2227,"name":"Microbe-Lift","slug":"microbe-lift"}],"_links":{"self":[{"href":"https:\/\/www.seaflowerstore.com\/de\/wp-json\/wp\/v2\/product\/88024","targetHints":{"allow":["GET"]}}],"collection":[{"href":"https:\/\/www.seaflowerstore.com\/de\/wp-json\/wp\/v2\/product"}],"about":[{"href":"https:\/\/www.seaflowerstore.com\/de\/wp-json\/wp\/v2\/types\/product"}],"wp:featuredmedia":[{"embeddable":true,"href":"https:\/\/www.seaflowerstore.com\/de\/wp-json\/wp\/v2\/media\/78522"}],"wp:attachment":[{"href":"https:\/\/www.seaflowerstore.com\/de\/wp-json\/wp\/v2\/media?parent=88024"}],"wp:term":[{"taxonomy":"pwb-brand","embeddable":true,"href":"https:\/\/www.seaflowerstore.com\/de\/wp-json\/wp\/v2\/pwb-brand?post=88024"},{"taxonomy":"product_cat","embeddable":true,"href":"https:\/\/www.seaflowerstore.com\/de\/wp-json\/wp\/v2\/product_cat?post=88024"},{"taxonomy":"product_tag","embeddable":true,"href":"https:\/\/www.seaflowerstore.com\/de\/wp-json\/wp\/v2\/product_tag?post=88024"}],"curies":[{"name":"wp","href":"https:\/\/api.w.org\/{rel}","templated":true}]}}