{"id":88025,"date":"2015-11-08T13:45:25","date_gmt":"2015-11-08T12:45:25","guid":{"rendered":"https:\/\/www.seaflowerstore.com\/nl\/microbe-lift-therap-473ml\/"},"modified":"2024-03-20T16:31:30","modified_gmt":"2024-03-20T15:31:30","slug":"microbe-lift-therap-473ml","status":"publish","type":"product","link":"https:\/\/www.seaflowerstore.com\/de\/microbe-lift-therap-473ml\/","title":{"rendered":"Microbe-Lift TheraP 473ml"},"content":{"rendered":"<h2>Microbe-Lift TheraP 473ml Provides a natural aquarium ecosystem, for better overall fish health and improved water quality<\/h2>\n<p>Sowohl f\u00fcr <strong>SALZWASSER<\/strong> als auch f\u00fcr <strong>S\u00dcSSWASSER<\/strong> ist Microbe-Lift TheraP eine ausgezeichnete Wahl f\u00fcr die Aufrechterhaltung einer gesunden Aquarienumgebung. Hier sind einige wichtige Vorteile:<\/p>\n<ul>\n<li>Frei von Chemikalien<\/li>\n<li>Erh\u00f6ht die Widerstandskraft gegen Krankheitserreger und Parasiten<\/li>\n<li>Baut symbiotische mikrobielle Populationen auf und erh\u00e4lt sie aufrecht<\/li>\n<li>Unterst\u00fctzt biologisch ein gesundes \u00d6kosystem im Aquarium und schafft eine g\u00fcnstige Brutumgebung<\/li>\n<li>Stimuliert das Immunsystem der Fische<\/li>\n<li>F\u00f6rdert das Wachstum der Fische und verbessert den Gehalt an gel\u00f6stem Sauerstoff<\/li>\n<li>Unterst\u00fctzt Atmung und Gasaustausch<\/li>\n<li>Oxidiert Ammoniak und Nitrite und reduziert gleichzeitig Nitrate<\/li>\n<li>N\u00fctzlich bei \u00dcberbev\u00f6lkerung und reduziert Umweltstress<\/li>\n<li>Hilft bei der Verdauung von Fischabf\u00e4llen<\/li>\n<li>S\u00e4t und pflegt biologische Filter<\/li>\n<li>Kompatibel mit den meisten Aquarienpflanzen und -tieren<\/li>\n<li>Wirksam bei einer Vielzahl von pH-Bedingungen<\/li>\n<li>\u00c4ndert den Mineralhaushalt des Aquarienwassers nicht wesentlich<\/li>\n<li>Beseitigt unangenehme Ger\u00fcche<\/li>\n<\/ul>\n<p>In Bezug auf <strong>Salzwasserumgebungen<\/strong> bleiben die Bakterien in diesem Produkt in Meeresumgebungen mit einem spezifischen Gewicht von 1,017 bis 1,025 wirksam. Bei neuen Meerwasseraquarien sollten Sie die Aquariensalzmischung hinzuf\u00fcgen und das Wasser 24 Stunden zirkulieren lassen, bevor Sie die Dichte pr\u00fcfen und anpassen. Nach dieser Zirkulationsperiode k\u00f6nnen Sie die Bakterien hinzuf\u00fcgen.<\/p>\n<p>Salzwassermeere sind im Allgemeinen stabile Umgebungen mit minimalen pH-Schwankungen. Das Meerwasser verd\u00fcnnt Fischabf\u00e4lle und organische Stoffe, und die Bakterien in <strong>MICROBE-LIFT TheraP<\/strong> helfen beim Abbau verrottender organischer Stoffe und beim Recycling wichtiger Elemente wie Kohlenstoff und Stickstoff, die sich in Ihrem Aquarium ansammeln k\u00f6nnen.<\/p>\n<p>Bitte beachten Sie, dass <strong>MICROBE-LIFT TheraP<\/strong> einen Schwefelwasserstoffgeruch haben kann, aber keine Sorge, dieser verfl\u00fcchtigt sich schnell.<\/p>\n<p>Alle MICROBE-LIFT-Bakterienprodukte k\u00f6nnen zusammen verwendet werden. Wenn Sie jedoch mehrere Produkte verwenden, reduzieren Sie die Dosierung des zweiten Produkts um 50 %. Denken Sie nach der Anwendung der Bakterien daran, Ihren pH-Wert zu \u00fcberwachen.<\/p>\n<p>Es ist wichtig zu beachten, dass jede Flasche MICROBE-LIFT einzeln gez\u00fcchtet wird, sodass Farbabweichungen von einer Flasche zur anderen auftreten k\u00f6nnen. Diese Farbunterschiede spiegeln keine \u00c4nderung der Produktqualit\u00e4t wider. Alle schwebenden Partikel, die Sie m\u00f6glicherweise sehen, sind schwebender Biofilm, der sich von den Seiten der Flasche gel\u00f6st hat. Aufgrund von Druckunterschieden aufgrund von Temperaturschwankungen kann es zu Dellen oder Ausdehnungen im Beh\u00e4lter kommen, insbesondere da die Flasche versiegelt ist.<\/p>\n<p>Dieses Produkt ist keine Chemikalie; es ist f\u00fcr Menschen, Tiere, Fische und Pflanzen v\u00f6llig unsch\u00e4dlich. Da wir die Dynamik einzelner Aquarien nicht kontrollieren k\u00f6nnen, beachten Sie bitte, dass die bereitgestellten Informationen und Anweisungen verschiedenen individuellen Umst\u00e4nden unterliegen k\u00f6nnen.<\/p>\n","protected":false},"excerpt":{"rendered":"<p>Microbe-Lift TheraP 473ml Provides a natural aquarium ecosystem, for better overall fish health and improved water quality<\/p>\n","protected":false},"featured_media":83739,"template":"","meta":[],"pwb-brand":[2227],"product_cat":[1484],"product_tag":[],"class_list":{"0":"post-88025","1":"product","2":"type-product","3":"status-publish","4":"has-post-thumbnail","6":"pwb-brand-microbe-lift","7":"product_cat-bakterien","9":"first","10":"instock","11":"taxable","12":"shipping-taxable","13":"purchasable","14":"product-type-simple"},"acf":[],"brands":[{"id":2227,"name":"Microbe-Lift","slug":"microbe-lift"}],"_links":{"self":[{"href":"https:\/\/www.seaflowerstore.com\/de\/wp-json\/wp\/v2\/product\/88025","targetHints":{"allow":["GET"]}}],"collection":[{"href":"https:\/\/www.seaflowerstore.com\/de\/wp-json\/wp\/v2\/product"}],"about":[{"href":"https:\/\/www.seaflowerstore.com\/de\/wp-json\/wp\/v2\/types\/product"}],"wp:featuredmedia":[{"embeddable":true,"href":"https:\/\/www.seaflowerstore.com\/de\/wp-json\/wp\/v2\/media\/83739"}],"wp:attachment":[{"href":"https:\/\/www.seaflowerstore.com\/de\/wp-json\/wp\/v2\/media?parent=88025"}],"wp:term":[{"taxonomy":"pwb-brand","embeddable":true,"href":"https:\/\/www.seaflowerstore.com\/de\/wp-json\/wp\/v2\/pwb-brand?post=88025"},{"taxonomy":"product_cat","embeddable":true,"href":"https:\/\/www.seaflowerstore.com\/de\/wp-json\/wp\/v2\/product_cat?post=88025"},{"taxonomy":"product_tag","embeddable":true,"href":"https:\/\/www.seaflowerstore.com\/de\/wp-json\/wp\/v2\/product_tag?post=88025"}],"curies":[{"name":"wp","href":"https:\/\/api.w.org\/{rel}","templated":true}]}}