{"id":88026,"date":"2015-11-08T13:44:31","date_gmt":"2015-11-08T12:44:31","guid":{"rendered":"https:\/\/www.seaflowerstore.com\/nl\/microbe-lift-therap-251ml\/"},"modified":"2024-03-20T16:31:29","modified_gmt":"2024-03-20T15:31:29","slug":"microbe-lift-therap-251ml","status":"publish","type":"product","link":"https:\/\/www.seaflowerstore.com\/de\/microbe-lift-therap-251ml\/","title":{"rendered":"Microbe-Lift TheraP 251ml"},"content":{"rendered":"<h2>Microbe-Lift TheraP 251ml Provides a natural aquarium ecosystem, for better overall fish health and improved water quality<\/h2>\n<p>F\u00fcr SALT &amp; FRISCHES WASSER:<\/p>\n<ul>\n<li>Frei von Chemikalien<\/li>\n<li>Erh\u00f6ht die Widerstandskraft gegen Krankheitserreger und Parasiten<\/li>\n<li>Baut symbiotische mikrobielle Populationen auf und erh\u00e4lt sie aufrecht<\/li>\n<li>Unterst\u00fctzt biologisch ein gesundes \u00d6kosystem im Aquarium, was zu einer g\u00fcnstigen Brutumgebung f\u00fchrt<\/li>\n<li>Stimuliert das Immunsystem der Fische<\/li>\n<li>F\u00f6rdert das Wachstum der Fische und verbessert den Gehalt an gel\u00f6stem Sauerstoff<\/li>\n<li>Unterst\u00fctzt Atmung und Gasaustausch<\/li>\n<li>Oxidiert Ammoniak und Nitrite und reduziert gleichzeitig Nitrate<\/li>\n<li>N\u00fctzlich bei \u00dcberbev\u00f6lkerung, reduziert Umweltstress<\/li>\n<li>Verdaut Fischabf\u00e4lle<\/li>\n<li>S\u00e4t und hilft bei der Erhaltung biologischer Filter<\/li>\n<li>Kompatibel mit den meisten Aquarienflora- und -faunaarten<\/li>\n<li>Wirksam \u00fcber einen weiten pH-Bereich Bedingungen<\/li>\n<li>\u00c4ndert den Mineralhaushalt des Aquarienwassers nicht wesentlich<\/li>\n<li>Beseitigt sch\u00e4dliche Ger\u00fcche<\/li>\n<\/ul>\n<p><strong>Salzwasserumgebungen<\/strong> \u2013 die Bakterien in diesem Produkt bleiben wirksam, wenn sie in Meeresumgebungen mit einem spezifischen Gewicht von 1,017 bis 1,025 verwendet werden. Geben Sie in neue Meerwassertanks die Aquariensalzmischung hinzu und lassen Sie das Wasser 24 Stunden zirkulieren. \u00dcberpr\u00fcfen und passen Sie danach die Dichte an. Sie k\u00f6nnen die Bakterien hinzuf\u00fcgen, nachdem das Wasser 24 Stunden zirkuliert ist.<\/p>\n<p>Salzwassermeere sind ziemlich stabil und weisen nur minimale pH-Schwankungen auf. Das Meereswasser verd\u00fcnnt Fischabf\u00e4lle und organische Stoffe. Die Bakterien in <strong>MICROBE-LIFT TheraP<\/strong> bieten die notwendige Unterst\u00fctzung, um verrottende organische Stoffe abzubauen und Elemente wie Kohlenstoff und Stickstoff, die sich in Ihrem Tank ansammeln k\u00f6nnen, wieder aufzubereiten.<\/p>\n<p><strong>MICROBE-LIFT TheraP<\/strong> hat einen Geruch nach Schwefelwasserstoff, aber keine Sorge, er verfl\u00fcchtigt sich schnell.<\/p>\n<p>Alle MICROBE-LIFT-Bakterienprodukte k\u00f6nnen zusammen verwendet werden. Wenn Sie jedoch mehrere MICROBE-LIFT-Bakterienprodukte verwenden, reduzieren Sie bitte die Dosierung des zweiten Produkts um 50 %. Nach der Verabreichung der Bakterien ist es wichtig, Ihren pH-Wert zu \u00fcberwachen.<\/p>\n<p>Da jede Flasche MICROBE-LIFT einzeln gez\u00fcchtet wird, k\u00f6nnen Sie Farbabweichungen von Flasche zu Flasche feststellen. Diese Abweichungen sind kein Zeichen f\u00fcr unterschiedliche Produktqualit\u00e4t. Alle schwebenden Partikel, die Sie sehen, sind schwebender Biofilm, der sich von den Seiten der Flasche gel\u00f6st hat. Dellen oder Ausdehnungen im Beh\u00e4lter entstehen durch Druckunterschiede, die durch Temperaturschwankungen entstehen, da die Flasche versiegelt ist.<\/p>\n<p>Dieses Produkt ist <strong>KEINE<\/strong> Chemikalie und ist f\u00fcr Menschen, Tiere, Fische und Pflanzen unsch\u00e4dlich. Da wir die Dynamik einzelner Aquarien nicht kontrollieren k\u00f6nnen, denken Sie bitte daran, dass die oben genannten Informationen und Anweisungen vielen Variablen unterliegen. Viele Situationen k\u00f6nnen einzigartiger Natur sein.<\/p>\n","protected":false},"excerpt":{"rendered":"<p>Microbe-Lift TheraP Provides a natural aquarium ecosystem, for better overall fish health and improved water quality<\/p>\n","protected":false},"featured_media":83739,"template":"","meta":[],"pwb-brand":[2227],"product_cat":[1484],"product_tag":[],"class_list":{"0":"post-88026","1":"product","2":"type-product","3":"status-publish","4":"has-post-thumbnail","6":"pwb-brand-microbe-lift","7":"product_cat-bakterien","9":"first","10":"instock","11":"taxable","12":"shipping-taxable","13":"purchasable","14":"product-type-simple"},"acf":[],"brands":[{"id":2227,"name":"Microbe-Lift","slug":"microbe-lift"}],"_links":{"self":[{"href":"https:\/\/www.seaflowerstore.com\/de\/wp-json\/wp\/v2\/product\/88026","targetHints":{"allow":["GET"]}}],"collection":[{"href":"https:\/\/www.seaflowerstore.com\/de\/wp-json\/wp\/v2\/product"}],"about":[{"href":"https:\/\/www.seaflowerstore.com\/de\/wp-json\/wp\/v2\/types\/product"}],"wp:featuredmedia":[{"embeddable":true,"href":"https:\/\/www.seaflowerstore.com\/de\/wp-json\/wp\/v2\/media\/83739"}],"wp:attachment":[{"href":"https:\/\/www.seaflowerstore.com\/de\/wp-json\/wp\/v2\/media?parent=88026"}],"wp:term":[{"taxonomy":"pwb-brand","embeddable":true,"href":"https:\/\/www.seaflowerstore.com\/de\/wp-json\/wp\/v2\/pwb-brand?post=88026"},{"taxonomy":"product_cat","embeddable":true,"href":"https:\/\/www.seaflowerstore.com\/de\/wp-json\/wp\/v2\/product_cat?post=88026"},{"taxonomy":"product_tag","embeddable":true,"href":"https:\/\/www.seaflowerstore.com\/de\/wp-json\/wp\/v2\/product_tag?post=88026"}],"curies":[{"name":"wp","href":"https:\/\/api.w.org\/{rel}","templated":true}]}}