{"id":88028,"date":"2015-11-08T13:21:56","date_gmt":"2015-11-08T12:21:56","guid":{"rendered":"https:\/\/www.seaflowerstore.com\/nl\/microbe-lift-nite-out-ii-473ml\/"},"modified":"2024-03-20T16:31:26","modified_gmt":"2024-03-20T15:31:26","slug":"microbe-lift-nite-out-ii-473ml","status":"publish","type":"product","link":"https:\/\/www.seaflowerstore.com\/de\/microbe-lift-nite-out-ii-473ml\/","title":{"rendered":"Microbe-Lift Nite-Out II 473ml"},"content":{"rendered":"<h2>Microbe-Lift Nite-Out II 473ml Specially Formulated for Rapid Ammonia and Nitrite Reduction<\/h2>\n<p><strong>Microbe-Lift Nite-Out II<\/strong> wurde speziell daf\u00fcr entwickelt, Aquarienwasser mit Meereslebewesen zu verbessern. Dieses Produkt enth\u00e4lt eine spezielle Mischung mikrobieller Kulturen, die den Ammoniakgehalt durch einen nat\u00fcrlichen biologischen Prozess namens Nitrifikation effektiv senken.<\/p>\n<p>Die einzigartigen Kulturen in <strong>Microbe-Lift Nite-Out II<\/strong> wirken wie folgt:<\/p>\n<ul>\n<li>Etablierung<\/li>\n<li>F\u00f6rderung<\/li>\n<li>Stabilisierung<\/li>\n<li>Aufrechterhaltung der Nitrifikation in Ihrem Aquarium<\/li>\n<\/ul>\n<p>Dies tr\u00e4gt dazu bei, die sch\u00e4dlichen Auswirkungen von Ammoniak zu beseitigen und Ihre Wasserumgebung gesund zu halten. Die fl\u00fcssigen nitrifizierenden Bakterien in <strong>Microbe-Lift Nite-Out II<\/strong> enthalten sorgf\u00e4ltig ausgew\u00e4hlte St\u00e4mme von <em>Nitrosomonas<\/em>, <em>Nitrospira<\/em> und <em>Nitrobacter<\/em>. <em>Nitrosomonas<\/em> wandelt Ammoniak in Nitrit um, w\u00e4hrend <em>Nitrobacter<\/em> und <em>Nitrospira<\/em> Nitrit weiter in Nitrat umwandeln.<\/p>\n<p>Au\u00dferdem enth\u00e4lt <strong>Microbe-Lift Nite-Out II<\/strong> bestimmte Mikroorganismen, die autotroph sind, was bedeutet, dass sie Kohlendioxid als einzige Kohlenstoffquelle nutzen k\u00f6nnen. Diese Mikroben wachsen relativ langsam und gedeihen unter bestimmten Bedingungen, wobei die typische Zellteilungsrate zwischen 8 und 16 Stunden liegt. Ihre Wirksamkeit und Wachstumsrate werden von den f\u00fcr die Nitrifikation erforderlichen Umweltbedingungen beeinflusst.<\/p>\n","protected":false},"excerpt":{"rendered":"<p>Microbe-Lift Nite-Out II 473ml Specially Formulated for Rapid Ammonia and Nitrite Reduction<\/p>\n","protected":false},"featured_media":83146,"template":"","meta":[],"pwb-brand":[2227],"product_cat":[1484,1391],"product_tag":[],"class_list":{"0":"post-88028","1":"product","2":"type-product","3":"status-publish","4":"has-post-thumbnail","6":"pwb-brand-microbe-lift","7":"product_cat-bakterien","8":"product_cat-ergaenzungen","10":"first","11":"outofstock","12":"sale","13":"taxable","14":"shipping-taxable","15":"purchasable","16":"product-type-simple"},"acf":[],"brands":[{"id":2227,"name":"Microbe-Lift","slug":"microbe-lift"}],"_links":{"self":[{"href":"https:\/\/www.seaflowerstore.com\/de\/wp-json\/wp\/v2\/product\/88028","targetHints":{"allow":["GET"]}}],"collection":[{"href":"https:\/\/www.seaflowerstore.com\/de\/wp-json\/wp\/v2\/product"}],"about":[{"href":"https:\/\/www.seaflowerstore.com\/de\/wp-json\/wp\/v2\/types\/product"}],"wp:featuredmedia":[{"embeddable":true,"href":"https:\/\/www.seaflowerstore.com\/de\/wp-json\/wp\/v2\/media\/83146"}],"wp:attachment":[{"href":"https:\/\/www.seaflowerstore.com\/de\/wp-json\/wp\/v2\/media?parent=88028"}],"wp:term":[{"taxonomy":"pwb-brand","embeddable":true,"href":"https:\/\/www.seaflowerstore.com\/de\/wp-json\/wp\/v2\/pwb-brand?post=88028"},{"taxonomy":"product_cat","embeddable":true,"href":"https:\/\/www.seaflowerstore.com\/de\/wp-json\/wp\/v2\/product_cat?post=88028"},{"taxonomy":"product_tag","embeddable":true,"href":"https:\/\/www.seaflowerstore.com\/de\/wp-json\/wp\/v2\/product_tag?post=88028"}],"curies":[{"name":"wp","href":"https:\/\/api.w.org\/{rel}","templated":true}]}}