{"id":88030,"date":"2015-11-08T13:18:57","date_gmt":"2015-11-08T12:18:57","guid":{"rendered":"https:\/\/www.seaflowerstore.com\/nl\/microbe-lift-nite-out-ii-118ml\/"},"modified":"2024-03-20T16:31:24","modified_gmt":"2024-03-20T15:31:24","slug":"microbe-lift-nite-out-ii-118ml","status":"publish","type":"product","link":"https:\/\/www.seaflowerstore.com\/de\/microbe-lift-nite-out-ii-118ml\/","title":{"rendered":"Microbe-Lift Nite-Out II 118ml"},"content":{"rendered":"<h2>Microbe-Lift Nite-Out II 118ml Specially Formulated for Rapid Ammonia and Nitrite Reduction<\/h2>\n<p><strong>Microbe-Lift Nite-Out II<\/strong> ist Ihre L\u00f6sung zur Reduzierung von Ammoniak- und Nitritvergiftungen in Salz- und S\u00fc\u00dfwasseraquarien. Dieses Produkt enth\u00e4lt wichtige mikrobielle Kulturen, darunter <strong>Nitrosomonas<\/strong>, <strong>Nitrospira<\/strong> und <strong>Nitrobacter<\/strong>.<\/p>\n<p>Dieses speziell formulierte Produkt wurde speziell f\u00fcr Aquariengew\u00e4sser entwickelt, die Meereslebewesen beherbergen. Das einzigartige mikrobielle Konsortium arbeitet durch einen nat\u00fcrlichen biologischen Prozess namens Nitrifikation, um Ammoniak effektiv zu eliminieren. Die Kulturen in <strong>Microbe-Lift Nite-Out II<\/strong> helfen, die Nitrifikation in Ihrem Aquarium zu etablieren, zu f\u00f6rdern, zu stabilisieren und aufrechtzuerhalten und eliminieren so effektiv die sch\u00e4dlichen Auswirkungen von Ammoniak.<\/p>\n<ul>\n<li><strong>Nitrosomonas<\/strong> oxidiert Ammoniak zu Nitrit.<\/li>\n<li><strong>Nitrobacter<\/strong> und <strong>Nitrospira<\/strong> oxidieren Nitrit zu Nitrat.<\/li>\n<\/ul>\n<p>Die Mikroorganismen in <strong>Microbe-Lift Nite-Out II<\/strong> sind autotroph, was bedeutet, dass sie Kohlendioxid als einzige Kohlenstoffquelle nutzen k\u00f6nnen. Sie wachsen relativ langsam und ben\u00f6tigen spezifische Bedingungen f\u00fcr optimales Wachstum, wobei die typische Zellteilungsrate zwischen 8 und 16 Stunden liegt. Ihre Leistung und Wachstumsrate werden von den f\u00fcr die Nitrifikation erforderlichen Umweltbedingungen beeinflusst.<\/p>\n","protected":false},"excerpt":{"rendered":"<p>Microbe-Lift Nite-Out II 118ml Specially Formulated for Rapid Ammonia and Nitrite Reduction<\/p>\n","protected":false},"featured_media":83144,"template":"","meta":[],"pwb-brand":[2227],"product_cat":[1484,1391],"product_tag":[],"class_list":{"0":"post-88030","1":"product","2":"type-product","3":"status-publish","4":"has-post-thumbnail","6":"pwb-brand-microbe-lift","7":"product_cat-bakterien","8":"product_cat-ergaenzungen","10":"first","11":"instock","12":"sale","13":"taxable","14":"shipping-taxable","15":"purchasable","16":"product-type-simple"},"acf":[],"brands":[{"id":2227,"name":"Microbe-Lift","slug":"microbe-lift"}],"_links":{"self":[{"href":"https:\/\/www.seaflowerstore.com\/de\/wp-json\/wp\/v2\/product\/88030","targetHints":{"allow":["GET"]}}],"collection":[{"href":"https:\/\/www.seaflowerstore.com\/de\/wp-json\/wp\/v2\/product"}],"about":[{"href":"https:\/\/www.seaflowerstore.com\/de\/wp-json\/wp\/v2\/types\/product"}],"wp:featuredmedia":[{"embeddable":true,"href":"https:\/\/www.seaflowerstore.com\/de\/wp-json\/wp\/v2\/media\/83144"}],"wp:attachment":[{"href":"https:\/\/www.seaflowerstore.com\/de\/wp-json\/wp\/v2\/media?parent=88030"}],"wp:term":[{"taxonomy":"pwb-brand","embeddable":true,"href":"https:\/\/www.seaflowerstore.com\/de\/wp-json\/wp\/v2\/pwb-brand?post=88030"},{"taxonomy":"product_cat","embeddable":true,"href":"https:\/\/www.seaflowerstore.com\/de\/wp-json\/wp\/v2\/product_cat?post=88030"},{"taxonomy":"product_tag","embeddable":true,"href":"https:\/\/www.seaflowerstore.com\/de\/wp-json\/wp\/v2\/product_tag?post=88030"}],"curies":[{"name":"wp","href":"https:\/\/api.w.org\/{rel}","templated":true}]}}