{"id":88031,"date":"2015-11-08T13:15:33","date_gmt":"2015-11-08T12:15:33","guid":{"rendered":"https:\/\/www.seaflowerstore.com\/nl\/microbe-lift-special-blend-473ml\/"},"modified":"2024-03-20T16:31:22","modified_gmt":"2024-03-20T15:31:22","slug":"microbe-lift-special-blend-473ml","status":"publish","type":"product","link":"https:\/\/www.seaflowerstore.com\/de\/microbe-lift-special-blend-473ml\/","title":{"rendered":"Microbe-Lift Special Blend 473ml"},"content":{"rendered":"<h2>Microbe-Lift Special Blend 16 oz 473ml A Complete Eco-System in a Bottle For SALT &amp; FRESH WATER<\/h2>\n<p>Wir stellen ein komplettes \u00d6kosystem in einer Flasche vor, die sowohl f\u00fcr Salz- als auch f\u00fcr S\u00fc\u00dfwasserumgebungen entwickelt wurde. Hier sind einige Funktionen und Vorteile, die Sie erwarten k\u00f6nnen:<\/p>\n<ul>\n<li>Reduziert den Bedarf an Wasserwechseln erheblich<\/li>\n<li>Reduziert die Reinigungsh\u00e4ufigkeit<\/li>\n<li>Ideal f\u00fcr Salz- und S\u00fc\u00dfwasserfische<\/li>\n<li>Komplett chemikalienfrei!<\/li>\n<li>Dient als neuer Tankstarter f\u00fcr biologische Zyklen und zur Steigerung<\/li>\n<li>Funktioniert als Abbau organischer Abf\u00e4lle<\/li>\n<li>Stimuliert auf nat\u00fcrliche Weise das Pflanzenwachstum<\/li>\n<li>Senkt den Ammoniakspiegel und reduziert biologisch Nitrate<\/li>\n<li>Entfernt Ger\u00fcche und kl\u00e4rt tr\u00fcbes Wasser<\/li>\n<li>Fungiert als biologischer Pfleger f\u00fcr etablierte Tanks<\/li>\n<li>Verbessert die F\u00e4higkeit der Pflanzen, Licht, Wasser und N\u00e4hrstoffe zu nutzen<\/li>\n<li>Zersetzt R\u00fcckst\u00e4nde auf Kies, Pflanzen, Steinen und mehr<\/li>\n<li>Zersetzt Protein Schaum<\/li>\n<\/ul>\n<p>Diese Bakterien sind mit biologischen Filtern und UV-Lampen kompatibel. Denken Sie bitte daran, die UV-Lampen 48 bis 72 Stunden nach der Einf\u00fchrung dieses Produkts auszuschalten. Dadurch k\u00f6nnen die Bakterien w\u00e4hrend ihrer aktivsten Wachstumsphase gedeihen.<\/p>\n<p><strong>Wichtig:<\/strong> MICROBE-LIFT\/Special Blend kann Chlor, Chloramin oder Schwermetalle nicht neutralisieren.<\/p>\n<div><strong>Vor Gebrauch gut sch\u00fctteln!<\/strong><\/div>\n<p><strong>Anfangsdosierung pro 100 Liter Wasser:<\/strong><\/p>\n<p>Tag 1: 25 ml<\/p>\n<p>Tag 8, 15, 22, 29: 15 ml<\/p>\n<p><strong>Erhaltungsdosierung pro 100 Liter Wasser:<\/strong><\/p>\n<p>Alle 2 Wochen: 7,5 ml<\/p>\n<p><strong>Bitte beachten:<\/strong> F\u00fcr optimale Ergebnisse geben Sie Special Blend w\u00e4hrend der Lichtperiode direkt ins Aquarium. Salzwasser kann das Bakterienwachstum hemmen. Um schnellere Ergebnisse zu erzielen, sollten Sie daher eine h\u00f6here Wassermenge von 25 bis 50 Prozent hinzuf\u00fcgen.<\/p>\n","protected":false},"excerpt":{"rendered":"<p>Microbe-Lift Special Blend 473ml A lot of good bacteria for your aquarium<\/p>\n","protected":false},"featured_media":83673,"template":"","meta":[],"pwb-brand":[2227],"product_cat":[1484],"product_tag":[],"class_list":{"0":"post-88031","1":"product","2":"type-product","3":"status-publish","4":"has-post-thumbnail","6":"pwb-brand-microbe-lift","7":"product_cat-bakterien","9":"first","10":"instock","11":"sale","12":"taxable","13":"shipping-taxable","14":"purchasable","15":"product-type-simple"},"acf":[],"brands":[{"id":2227,"name":"Microbe-Lift","slug":"microbe-lift"}],"_links":{"self":[{"href":"https:\/\/www.seaflowerstore.com\/de\/wp-json\/wp\/v2\/product\/88031","targetHints":{"allow":["GET"]}}],"collection":[{"href":"https:\/\/www.seaflowerstore.com\/de\/wp-json\/wp\/v2\/product"}],"about":[{"href":"https:\/\/www.seaflowerstore.com\/de\/wp-json\/wp\/v2\/types\/product"}],"wp:featuredmedia":[{"embeddable":true,"href":"https:\/\/www.seaflowerstore.com\/de\/wp-json\/wp\/v2\/media\/83673"}],"wp:attachment":[{"href":"https:\/\/www.seaflowerstore.com\/de\/wp-json\/wp\/v2\/media?parent=88031"}],"wp:term":[{"taxonomy":"pwb-brand","embeddable":true,"href":"https:\/\/www.seaflowerstore.com\/de\/wp-json\/wp\/v2\/pwb-brand?post=88031"},{"taxonomy":"product_cat","embeddable":true,"href":"https:\/\/www.seaflowerstore.com\/de\/wp-json\/wp\/v2\/product_cat?post=88031"},{"taxonomy":"product_tag","embeddable":true,"href":"https:\/\/www.seaflowerstore.com\/de\/wp-json\/wp\/v2\/product_tag?post=88031"}],"curies":[{"name":"wp","href":"https:\/\/api.w.org\/{rel}","templated":true}]}}