{"id":88032,"date":"2015-11-08T13:13:41","date_gmt":"2015-11-08T12:13:41","guid":{"rendered":"https:\/\/www.seaflowerstore.com\/nl\/microbe-lift-special-blend-251ml\/"},"modified":"2024-03-20T16:31:20","modified_gmt":"2024-03-20T15:31:20","slug":"microbe-lift-special-blend-251ml","status":"publish","type":"product","link":"https:\/\/www.seaflowerstore.com\/de\/microbe-lift-special-blend-251ml\/","title":{"rendered":"Microbe-Lift Special Blend 251ml"},"content":{"rendered":"<h2>Microbe-Lift Special Blend 8.5 oz 251ml A Complete Eco-System in a Bottle For SALT &#038; FRESH WATER<\/h2>\n<p>Microbe-Lift Special Blend ist ein komplettes \u00d6kosystem in einer Flasche, geeignet sowohl f\u00fcr Salz- als auch f\u00fcr S\u00fc\u00dfwasserumgebungen. Hier sind einige seiner wichtigsten Funktionen und Vorteile:<\/p>\n<ul>\n<li>Reduziert die Notwendigkeit von Wasserwechseln erheblich<\/li>\n<li>Reduziert die Reinigungsh\u00e4ufigkeit<\/li>\n<li>N\u00fctzlich f\u00fcr Salz- und S\u00fc\u00dfwasserfische<\/li>\n<li>Frei von Chemikalien!<\/li>\n<li>Ein neuer Tankstarter f\u00fcr biologischen Kreislauf und Boost<\/li>\n<li>Ein Abbaumittel f\u00fcr organische Abf\u00e4lle<\/li>\n<li>Stimuliert auf nat\u00fcrliche Weise das Pflanzenwachstum<\/li>\n<li>Senkt den Ammoniakspiegel und reduziert auf biologische Weise Nitrate<\/li>\n<li>Beseitigt Ger\u00fcche und kl\u00e4rt tr\u00fcbes Wasser<\/li>\n<li>Biologisches Pflegemittel f\u00fcr etablierte Tanks<\/li>\n<li>Verbessert die F\u00e4higkeit der Pflanzen, Licht, Wasser und N\u00e4hrstoffe zu nutzen<\/li>\n<li>Zersetzt R\u00fcckst\u00e4nde auf Kies, Pflanzen, Steinen usw.<\/li>\n<li>Zersetzt Protein Schaum<\/li>\n<\/ul>\n<p>Diese n\u00fctzlichen Bakterien funktionieren gut mit biologischen Filtern und UV-Licht. Denken Sie bitte daran, die UV-Lampen nach der Einf\u00fchrung dieses Produkts f\u00fcr 48-72 Stunden auszuschalten, damit die Bakterien w\u00e4hrend ihrer aktiven Wachstumsphase gedeihen k\u00f6nnen.<\/p>\n<p><strong>Wichtig:<\/strong> Microbe-Lift Special Blend kann Chlor, Chloramin oder Schwermetalle nicht neutralisieren.<\/p>\n<div><strong>Vor Gebrauch gut sch\u00fctteln!<\/strong><\/div>\n<p><strong>Anfangsdosierung pro 100 Liter Wasser:<\/strong><\/p>\n<ul>\n<li>Tag 1: 25 ml<\/li>\n<li>Tage 8, 15, 22, 29: 15 ml<\/li>\n<\/ul>\n<p><strong>Erhaltungsdosierung pro 100 Liter Wasser:<\/strong><\/p>\n<ul>\n<li>Alle 2 Wochen: 7,5 ml<\/li>\n<\/ul>\n<p><strong>Bitte beachten:<\/strong> F\u00fcr optimale Ergebnisse f\u00fcgen Sie Special Blend direkt hinzu das Aquarium w\u00e4hrend der Lichtperiode. Dar\u00fcber hinaus kann Salzwasser das Bakterienwachstum hemmen; f\u00fcr schnellere Ergebnisse sollten Sie 25-50 % mehr Produkt hinzuf\u00fcgen.<\/p>\n","protected":false},"excerpt":{"rendered":"<p>Microbe-Lift Special Blend 251ml A lot of good bacteria for your aquarium<\/p>\n","protected":false},"featured_media":83674,"template":"","meta":[],"pwb-brand":[2227],"product_cat":[1484],"product_tag":[],"class_list":{"0":"post-88032","1":"product","2":"type-product","3":"status-publish","4":"has-post-thumbnail","6":"pwb-brand-microbe-lift","7":"product_cat-bakterien","9":"first","10":"instock","11":"sale","12":"taxable","13":"shipping-taxable","14":"purchasable","15":"product-type-simple"},"acf":[],"brands":[{"id":2227,"name":"Microbe-Lift","slug":"microbe-lift"}],"_links":{"self":[{"href":"https:\/\/www.seaflowerstore.com\/de\/wp-json\/wp\/v2\/product\/88032","targetHints":{"allow":["GET"]}}],"collection":[{"href":"https:\/\/www.seaflowerstore.com\/de\/wp-json\/wp\/v2\/product"}],"about":[{"href":"https:\/\/www.seaflowerstore.com\/de\/wp-json\/wp\/v2\/types\/product"}],"wp:featuredmedia":[{"embeddable":true,"href":"https:\/\/www.seaflowerstore.com\/de\/wp-json\/wp\/v2\/media\/83674"}],"wp:attachment":[{"href":"https:\/\/www.seaflowerstore.com\/de\/wp-json\/wp\/v2\/media?parent=88032"}],"wp:term":[{"taxonomy":"pwb-brand","embeddable":true,"href":"https:\/\/www.seaflowerstore.com\/de\/wp-json\/wp\/v2\/pwb-brand?post=88032"},{"taxonomy":"product_cat","embeddable":true,"href":"https:\/\/www.seaflowerstore.com\/de\/wp-json\/wp\/v2\/product_cat?post=88032"},{"taxonomy":"product_tag","embeddable":true,"href":"https:\/\/www.seaflowerstore.com\/de\/wp-json\/wp\/v2\/product_tag?post=88032"}],"curies":[{"name":"wp","href":"https:\/\/api.w.org\/{rel}","templated":true}]}}