{"id":88033,"date":"2015-11-08T13:13:15","date_gmt":"2015-11-08T12:13:15","guid":{"rendered":"https:\/\/www.seaflowerstore.com\/nl\/microbe-lift-special-blend-118ml\/"},"modified":"2024-03-20T16:31:19","modified_gmt":"2024-03-20T15:31:19","slug":"microbe-lift-special-blend-118ml","status":"publish","type":"product","link":"https:\/\/www.seaflowerstore.com\/de\/microbe-lift-special-blend-118ml\/","title":{"rendered":"Microbe-Lift Special Blend 118ml"},"content":{"rendered":"<h2>Microbe-Lift Special Blend 118ml A lot of good bacteria for your aquarium<\/h2>\n<p><strong>Ein komplettes \u00d6kosystem in einer Flasche f\u00fcr SALT &amp; FRISCHWASSER<\/strong><\/p>\n<p><strong>Funktionen und andere Vorteile:<\/strong><\/p>\n<ul>\n<li>Reduziert den Bedarf an Wasserwechseln erheblich<\/li>\n<li>Reduziert die Reinigungsh\u00e4ufigkeit<\/li>\n<li>Gut f\u00fcr Salz- und S\u00fc\u00dfwasserfische<\/li>\n<li>Frei von Chemikalien!<\/li>\n<li>Ein neuer Tankstarter f\u00fcr biologischen Kreislauf und zur Steigerung<\/li>\n<li>Ein Abbaumittel f\u00fcr organische Abf\u00e4lle<\/li>\n<li>Stimuliert auf nat\u00fcrliche Weise das Pflanzenwachstum<\/li>\n<li>Senkt den Ammoniakspiegel und reduziert auf biologische Weise Nitrate<\/li>\n<li>Entfernt Ger\u00fcche und kl\u00e4rt tr\u00fcbes Wasser<\/li>\n<li>Biologisches Pflegemittel f\u00fcr etablierte Tanks<\/li>\n<li>Verbessert die F\u00e4higkeit der Pflanzen, Licht, Wasser und N\u00e4hrstoffe zu nutzen<\/li>\n<li>Zersetzt R\u00fcckst\u00e4nde auf Kies, Pflanzen, Steinen usw.<\/li>\n<li>Zersetzt Protein Schaum<\/li>\n<\/ul>\n<p>Diese n\u00fctzlichen Bakterien sind mit biologischen Filtern und UV-Lampen kompatibel. Denken Sie bitte daran, die UV-Lampen 48-72 Stunden nach der Einf\u00fchrung dieses Produkts auszuschalten. Dadurch k\u00f6nnen die Bakterien w\u00e4hrend ihrer aktivsten Wachstumsphase gedeihen.<\/p>\n<p><strong>Wichtiger Hinweis:<\/strong> MICROBE-LIFT\/Special Blend kann Chlor, Chloramin oder Schwermetalle nicht neutralisieren.<\/p>\n<div><strong>Vor Gebrauch gut sch\u00fctteln!<\/strong><\/div>\n<p><strong>Anfangsdosierung pro 100 Liter Wasser:<\/strong><\/p>\n<p>Tag 1: 25 ml<\/p>\n<p>Tag 8, 15, 22, 29: 15 ml<\/p>\n<p><strong>Erhaltungsdosierung pro 100 Liter Wasser:<\/strong><\/p>\n<p>Alle 2 Wochen: 7,5 ml<\/p>\n<p><strong>Bitte beachten:<\/strong> F\u00fcr optimale Ergebnisse geben Sie Special Blend w\u00e4hrend der Lichtperiode direkt ins Aquarium. Dar\u00fcber hinaus kann Salzwasser das Bakterienwachstum hemmen. Um schnellere Ergebnisse zu erzielen, sollten Sie daher eine h\u00f6here Salzmenge von 25\u201350 % in Erw\u00e4gung ziehen.<\/p>\n","protected":false},"excerpt":{"rendered":"<p>Microbe-Lift Special Blend 118ml A lot of good bacteria for your aquarium<\/p>\n","protected":false},"featured_media":83675,"template":"","meta":[],"pwb-brand":[2227],"product_cat":[1484],"product_tag":[],"class_list":{"0":"post-88033","1":"product","2":"type-product","3":"status-publish","4":"has-post-thumbnail","6":"pwb-brand-microbe-lift","7":"product_cat-bakterien","9":"first","10":"instock","11":"taxable","12":"shipping-taxable","13":"purchasable","14":"product-type-simple"},"acf":[],"brands":[{"id":2227,"name":"Microbe-Lift","slug":"microbe-lift"}],"_links":{"self":[{"href":"https:\/\/www.seaflowerstore.com\/de\/wp-json\/wp\/v2\/product\/88033","targetHints":{"allow":["GET"]}}],"collection":[{"href":"https:\/\/www.seaflowerstore.com\/de\/wp-json\/wp\/v2\/product"}],"about":[{"href":"https:\/\/www.seaflowerstore.com\/de\/wp-json\/wp\/v2\/types\/product"}],"wp:featuredmedia":[{"embeddable":true,"href":"https:\/\/www.seaflowerstore.com\/de\/wp-json\/wp\/v2\/media\/83675"}],"wp:attachment":[{"href":"https:\/\/www.seaflowerstore.com\/de\/wp-json\/wp\/v2\/media?parent=88033"}],"wp:term":[{"taxonomy":"pwb-brand","embeddable":true,"href":"https:\/\/www.seaflowerstore.com\/de\/wp-json\/wp\/v2\/pwb-brand?post=88033"},{"taxonomy":"product_cat","embeddable":true,"href":"https:\/\/www.seaflowerstore.com\/de\/wp-json\/wp\/v2\/product_cat?post=88033"},{"taxonomy":"product_tag","embeddable":true,"href":"https:\/\/www.seaflowerstore.com\/de\/wp-json\/wp\/v2\/product_tag?post=88033"}],"curies":[{"name":"wp","href":"https:\/\/api.w.org\/{rel}","templated":true}]}}