{"id":88034,"date":"2015-11-07T17:09:59","date_gmt":"2015-11-07T16:09:59","guid":{"rendered":"https:\/\/www.seaflowerstore.com\/nl\/orca-construct-115-g\/"},"modified":"2024-03-20T16:31:13","modified_gmt":"2024-03-20T15:31:13","slug":"orca-construct-115-g","status":"publish","type":"product","link":"https:\/\/www.seaflowerstore.com\/de\/orca-construct-115-g\/","title":{"rendered":"Orca construct &#8211; 115 g"},"content":{"rendered":"<h2>Orca construct 115 g is a two-components-glue on the basis of epoxy and ceramic additives<\/h2>\n<p><strong>ORCA CONSTRUCT<\/strong> ist ein Zweikomponentenkleber aus Epoxid- und Keramikzus\u00e4tzen. Er haftet gut auf einer Vielzahl von Materialien, darunter Glas, Keramik, Stein, Beton, Metalle, Holz und Kunststoffe. Dieses Produkt ist unglaublich langlebig und kann mechanisch durch Schleifen, Bohren, Raspeln oder Fr\u00e4sen bearbeitet werden.<\/p>\n<p>Es eignet sich perfekt f\u00fcr:<\/p>\n<ul>\n<li>Befestigung von Korallen, Dekorationen und Steinen in S\u00fc\u00df- und Meerwasseraquarien.<\/li>\n<li>Reparatur von Sch\u00e4den, L\u00f6chern und Leckagen in Rohren, Sanit\u00e4ranlagen, Pools, Tanks und Heizungsanlagen.<\/li>\n<\/ul>\n<p>Dar\u00fcber hinaus ist ORCA CONSTRUCT chemisch best\u00e4ndig gegen S\u00fc\u00df- und Meerwasser, Alkohol, Ester, \u00d6le und die meisten S\u00e4uren und Basen, was es zu einer vielseitigen Wahl f\u00fcr viele Anwendungen macht.<\/p>\n","protected":false},"excerpt":{"rendered":"<p>Orca construct 115 g\u00a0is a two-components-glue on the basis of epoxy and ceramic additives<\/p>\n","protected":false},"featured_media":78500,"template":"","meta":[],"pwb-brand":[2225],"product_cat":[1488],"product_tag":[],"class_list":{"0":"post-88034","1":"product","2":"type-product","3":"status-publish","4":"has-post-thumbnail","6":"pwb-brand-aquarium-munster","7":"product_cat-pflege","9":"first","10":"instock","11":"taxable","12":"shipping-taxable","13":"purchasable","14":"product-type-simple"},"acf":[],"brands":[{"id":2225,"name":"Aquarium M\u00fcnster","slug":"aquarium-munster"}],"_links":{"self":[{"href":"https:\/\/www.seaflowerstore.com\/de\/wp-json\/wp\/v2\/product\/88034","targetHints":{"allow":["GET"]}}],"collection":[{"href":"https:\/\/www.seaflowerstore.com\/de\/wp-json\/wp\/v2\/product"}],"about":[{"href":"https:\/\/www.seaflowerstore.com\/de\/wp-json\/wp\/v2\/types\/product"}],"wp:featuredmedia":[{"embeddable":true,"href":"https:\/\/www.seaflowerstore.com\/de\/wp-json\/wp\/v2\/media\/78500"}],"wp:attachment":[{"href":"https:\/\/www.seaflowerstore.com\/de\/wp-json\/wp\/v2\/media?parent=88034"}],"wp:term":[{"taxonomy":"pwb-brand","embeddable":true,"href":"https:\/\/www.seaflowerstore.com\/de\/wp-json\/wp\/v2\/pwb-brand?post=88034"},{"taxonomy":"product_cat","embeddable":true,"href":"https:\/\/www.seaflowerstore.com\/de\/wp-json\/wp\/v2\/product_cat?post=88034"},{"taxonomy":"product_tag","embeddable":true,"href":"https:\/\/www.seaflowerstore.com\/de\/wp-json\/wp\/v2\/product_tag?post=88034"}],"curies":[{"name":"wp","href":"https:\/\/api.w.org\/{rel}","templated":true}]}}