{"id":88035,"date":"2015-11-07T17:05:39","date_gmt":"2015-11-07T16:05:39","guid":{"rendered":"https:\/\/www.seaflowerstore.com\/nl\/orca-underwater-glue-450-g-black\/"},"modified":"2024-12-23T23:51:22","modified_gmt":"2024-12-23T22:51:22","slug":"orca-unterwasserkleber-450-g-black","status":"publish","type":"product","link":"https:\/\/www.seaflowerstore.com\/de\/orca-unterwasserkleber-450-g-black\/","title":{"rendered":"Orca Unterwasserkleber &#8211; 450 g, black"},"content":{"rendered":"<h2><strong>Orca Unterwasserkleber 450 g, schwarz<\/strong> ist zum Kleben und Abdichten unter Wasser konzipiert<\/h2>\n<p><strong>Orca Unterwasserkleber 450 g, schwarz<\/strong> ist zum Kleben und Abdichten unter Wasser konzipiert, selbst bei Verwendung in einem voll besetzten Aquarium. Jeder, der an einem Wochenende oder im Urlaub schon einmal ein Leck in seinem Aquarium hatte, wei\u00df, wie wichtig es ist, eine Kartusche Orca Unterwasserkleber zu Hause griffbereit zu haben.<\/p>\n<p>Dieser Kleber ist frei von L\u00f6sungsmitteln, Isocyanaten und Silikonen und somit sicher f\u00fcr Fische und Pflanzen. Er eignet sich perfekt zum Abdichten von Aquarien und Gartenteichen sowie zum Verkleben von Dekorationsmaterialien.<\/p>\n<p>Mit einer beeindruckenden Klebekraft und einer H\u00e4rte von \u00fcber 56 Shore A kann Orca Unterwasserkleber nahezu jedes Material verkleben. Er eignet sich auch f\u00fcr industrielle Anwendungen, insbesondere in Situationen, in denen eine Abdichtung bei Feuchtigkeit oder ungew\u00f6hnlichen Temperaturbereichen erforderlich ist.<\/p>\n<p>Orca Unterwasserkleber ist in einer praktischen 450 g-Kartusche erh\u00e4ltlich, f\u00fcr kleinere Reparaturen k\u00f6nnen Sie sich f\u00fcr die praktische 75 g-Minitube entscheiden.<\/p>\n<p><strong>Eine Garantie auf garantierte Haftung kann nicht gegeben werden, da diese von zu vielen Faktoren abh\u00e4ngt.<\/strong><\/p>\n","protected":false},"excerpt":{"rendered":"<p><strong>Orca Unterwasserkleber 450 g, schwarz<\/strong> ist zum Kleben und Abdichten unter Wasser konzipiert<\/p>\n","protected":false},"featured_media":124848,"template":"","meta":[],"pwb-brand":[2225],"product_cat":[1405],"product_tag":[],"class_list":{"0":"post-88035","1":"product","2":"type-product","3":"status-publish","4":"has-post-thumbnail","6":"pwb-brand-aquarium-munster","7":"product_cat-korallenkleber-versiegelungsmittel","9":"first","10":"outofstock","11":"taxable","12":"shipping-taxable","13":"purchasable","14":"product-type-simple"},"acf":[],"brands":[{"id":2225,"name":"Aquarium M\u00fcnster","slug":"aquarium-munster"}],"_links":{"self":[{"href":"https:\/\/www.seaflowerstore.com\/de\/wp-json\/wp\/v2\/product\/88035","targetHints":{"allow":["GET"]}}],"collection":[{"href":"https:\/\/www.seaflowerstore.com\/de\/wp-json\/wp\/v2\/product"}],"about":[{"href":"https:\/\/www.seaflowerstore.com\/de\/wp-json\/wp\/v2\/types\/product"}],"wp:featuredmedia":[{"embeddable":true,"href":"https:\/\/www.seaflowerstore.com\/de\/wp-json\/wp\/v2\/media\/124848"}],"wp:attachment":[{"href":"https:\/\/www.seaflowerstore.com\/de\/wp-json\/wp\/v2\/media?parent=88035"}],"wp:term":[{"taxonomy":"pwb-brand","embeddable":true,"href":"https:\/\/www.seaflowerstore.com\/de\/wp-json\/wp\/v2\/pwb-brand?post=88035"},{"taxonomy":"product_cat","embeddable":true,"href":"https:\/\/www.seaflowerstore.com\/de\/wp-json\/wp\/v2\/product_cat?post=88035"},{"taxonomy":"product_tag","embeddable":true,"href":"https:\/\/www.seaflowerstore.com\/de\/wp-json\/wp\/v2\/product_tag?post=88035"}],"curies":[{"name":"wp","href":"https:\/\/api.w.org\/{rel}","templated":true}]}}