{"id":88037,"date":"2015-11-07T15:41:12","date_gmt":"2015-11-07T14:41:12","guid":{"rendered":"https:\/\/www.seaflowerstore.com\/nl\/orca-gel-superglue-50-g\/"},"modified":"2024-03-20T16:31:06","modified_gmt":"2024-03-20T15:31:06","slug":"orca-gel-superglue-50-g","status":"publish","type":"product","link":"https:\/\/www.seaflowerstore.com\/de\/orca-gel-superglue-50-g\/","title":{"rendered":"Orca Gel Superglue &#8211; 50 g"},"content":{"rendered":"<h2>Orca Gel Superglue &#8211; 50 g is an instant cyanoacrylate-based adhesive<\/h2>\n<p><strong>Informationen und Gebrauchsanweisung f\u00fcr Orca Instant Adhesive Gel:<\/strong><\/p>\n<p>Orca Instant Adhesive Gel ist ein Sekundenkleber auf Cyanacrylatbasis, der sich perfekt f\u00fcr verschiedene Anwendungen eignet. Hier sind einige seiner wichtigsten Eigenschaften:<\/p>\n<ul>\n<li>Ideal f\u00fcr Aquascaping.<\/li>\n<li>Hervorragend geeignet zum Befestigen von Wasserpflanzen wie Anubias, Javafarn und Moos an Wurzeln, Steinen und anderen Dekorationsobjekten.<\/li>\n<li>Ideal zum Befestigen von Korallen, lebenden Steinen und Weichkorallen unter Wasser.<\/li>\n<li>Kompatibel mit Materialien wie Metall, Glas, Porzellan, Keramik, Gummi, Leder, Holz, Papier und Kunststoff (Hinweis: Nicht geeignet f\u00fcr PE, PP, Polystyrol und flexibles PVC).<\/li>\n<\/ul>\n<p>Orca Instant Adhesive Gel enth\u00e4lt keine L\u00f6sungsmittel und l\u00f6st sich allm\u00e4hlich vollst\u00e4ndig in Wasser auf, wodurch es sich ideal zum Befestigen von sich selbst vermehrenden Wasserpflanzen in S\u00fc\u00dfwasseraquarien oder Korallen in Meeresumgebungen eignet.<\/p>\n<p>Zum Befestigen anderer Steine, Holzgegenst\u00e4nde oder Dekorationsobjekte im Aquarium empfehlen wir die Verwendung von Orca Unterwasserkleber oder Orca Konstruieren.<\/p>\n<p><strong>Anwendungstipps:<\/strong><\/p>\n<ul>\n<li>Schalten Sie vor dem Verkleben von Korallen oder Steinen alle Pumpen aus, um die Wasserbewegung im Aquarium zu stoppen.<\/li>\n<li>Arbeiten Sie entweder \u00fcber oder unter dem Wasserspiegel und tragen Sie eine ausreichende Menge Orca Instant Adhesive Gel auf die Wasserpflanze, Koralle oder einen anderen Gegenstand auf, den Sie verkleben m\u00f6chten.<\/li>\n<li>Halten Sie den Gegenstand fest an Ort und Stelle, w\u00e4hrend der Klebstoff haftet, was etwa 10 Sekunden dauert.<\/li>\n<li>Starten Sie die Pumpen erst wieder, wenn die Klebeverbindung vollst\u00e4ndig ausgebildet ist.<\/li>\n<\/ul>\n<p>Achten Sie beim Verkleben von Metall, Glas, Keramik, Kunststoff oder \u00e4hnlichen Gegenst\u00e4nden darauf, dass die beiden Oberfl\u00e4chen so genau wie m\u00f6glich zusammenpassen. Die Oberfl\u00e4chen m\u00fcssen sauber und fettfrei sein. Tragen Sie eine kleine Menge auf eine Oberfl\u00e4che auf und dr\u00fccken Sie die beiden Teile fest zusammen. Arbeiten Sie z\u00fcgig, da sich die Verbindung innerhalb von Sekunden bildet.<\/p>\n<p><strong>Besondere Vorsichtsma\u00dfnahmen bei der Lagerung:<\/strong><\/p>\n<ul>\n<li>Au\u00dferhalb der Reichweite von Kindern aufbewahren.<\/li>\n<li>An einem k\u00fchlen und trockenen Ort aufbewahren. Das Produkt ist l\u00e4nger haltbar, wenn es im K\u00fchlschrank aufbewahrt wird.<\/li>\n<li>Nach dem \u00d6ffnen ist es etwa sechs Monate haltbar.<\/li>\n<\/ul>\n<p>Weitere Anweisungen finden Sie im <a href=\"http:\/\/www.aquarium-munster.com\/en\/downloads\/using-instructions.html?file=tl_files\/layout\/motive\/Downloads\/GA\/GA%20orca%20Gel-Superkleber%20AM-755400_D032015P.pdf\" target=\"_blank\" rel=\"noopener nofollow\">Handbuch<\/a>.<\/p>\n","protected":false},"excerpt":{"rendered":"<p>Orca Gel Superglue &#8211; 50 g is an instant cyanoacrylate-based adhesive<\/p>\n","protected":false},"featured_media":78491,"template":"","meta":[],"pwb-brand":[2225],"product_cat":[1405],"product_tag":[],"class_list":{"0":"post-88037","1":"product","2":"type-product","3":"status-publish","4":"has-post-thumbnail","6":"pwb-brand-aquarium-munster","7":"product_cat-korallenkleber-versiegelungsmittel","9":"first","10":"outofstock","11":"taxable","12":"shipping-taxable","13":"purchasable","14":"product-type-simple"},"acf":[],"brands":[{"id":2225,"name":"Aquarium M\u00fcnster","slug":"aquarium-munster"}],"_links":{"self":[{"href":"https:\/\/www.seaflowerstore.com\/de\/wp-json\/wp\/v2\/product\/88037","targetHints":{"allow":["GET"]}}],"collection":[{"href":"https:\/\/www.seaflowerstore.com\/de\/wp-json\/wp\/v2\/product"}],"about":[{"href":"https:\/\/www.seaflowerstore.com\/de\/wp-json\/wp\/v2\/types\/product"}],"wp:featuredmedia":[{"embeddable":true,"href":"https:\/\/www.seaflowerstore.com\/de\/wp-json\/wp\/v2\/media\/78491"}],"wp:attachment":[{"href":"https:\/\/www.seaflowerstore.com\/de\/wp-json\/wp\/v2\/media?parent=88037"}],"wp:term":[{"taxonomy":"pwb-brand","embeddable":true,"href":"https:\/\/www.seaflowerstore.com\/de\/wp-json\/wp\/v2\/pwb-brand?post=88037"},{"taxonomy":"product_cat","embeddable":true,"href":"https:\/\/www.seaflowerstore.com\/de\/wp-json\/wp\/v2\/product_cat?post=88037"},{"taxonomy":"product_tag","embeddable":true,"href":"https:\/\/www.seaflowerstore.com\/de\/wp-json\/wp\/v2\/product_tag?post=88037"}],"curies":[{"name":"wp","href":"https:\/\/api.w.org\/{rel}","templated":true}]}}