{"id":88038,"date":"2015-11-07T15:37:51","date_gmt":"2015-11-07T14:37:51","guid":{"rendered":"https:\/\/www.seaflowerstore.com\/nl\/orca-tape-3-m-width-25-4-mm\/"},"modified":"2024-03-20T16:31:00","modified_gmt":"2024-03-20T15:31:00","slug":"orca-tape-3-m-width-25-4-mm","status":"publish","type":"product","link":"https:\/\/www.seaflowerstore.com\/de\/orca-tape-3-m-width-25-4-mm\/","title":{"rendered":"Orca tape 3 m, width 25.4 mm"},"content":{"rendered":"<h2>Orca tape 3 m, width 25.4 mm<\/h2>\n<p><strong>Anwendungshinweise:<\/strong> Orca-Band ist ein spezielles Vulkanisationsband, das zum Abdichten besch\u00e4digter Rohrleitungen und Isolieren von elektrischen Leitungen entwickelt wurde. Es ist \u00e4u\u00dferst best\u00e4ndig gegen die meisten Chemikalien und daher vielseitig einsetzbar. Dieses Band kann auf nahezu jedes Material aufgebracht werden, was besonders f\u00fcr Notfallreparaturen auf weichen und harten Oberfl\u00e4chen n\u00fctzlich ist. Dar\u00fcber hinaus kann Orca-Band in einem weiten Temperaturbereich verarbeitet werden. Auch bei sehr niedrigen Temperaturen kann der Vulkanisationsprozess zwar etwas l\u00e4nger dauern, das Endergebnis bleibt jedoch wirksam.<\/p>\n<p><strong>Verarbeitung:<\/strong><\/p>\n<ul>\n<li>Zu behandelnde Oberfl\u00e4che reinigen.<\/li>\n<li>Transparente Folie entfernen.<\/li>\n<li>Orca-Band mit gleichm\u00e4\u00dfiger Dehnung um das Rohr wickeln und dabei eine 50%ige \u00dcberlappung sicherstellen.<\/li>\n<li>Achten Sie darauf, dass sich die erste und die letzte Wicklung zu 100% \u00fcberlappen.<\/li>\n<\/ul>\n<p><strong>Hinweis:<\/strong> Orca-Band vulkanisiert sehr schnell. <span style=\"font-weight: bold\">Bitte nicht f\u00fcr Gasanschl\u00fcsse oder Gasleitungen verwenden!<\/span><\/p>\n","protected":false},"excerpt":{"rendered":"<p>Orca tape 3 m, 25.4 mm wide vulcanizing tape for the sealing of damaged pipes<\/p>\n","protected":false},"featured_media":78485,"template":"","meta":[],"pwb-brand":[2225],"product_cat":[1405],"product_tag":[],"class_list":{"0":"post-88038","1":"product","2":"type-product","3":"status-publish","4":"has-post-thumbnail","6":"pwb-brand-aquarium-munster","7":"product_cat-korallenkleber-versiegelungsmittel","9":"first","10":"instock","11":"taxable","12":"shipping-taxable","13":"purchasable","14":"product-type-simple"},"acf":[],"brands":[{"id":2225,"name":"Aquarium M\u00fcnster","slug":"aquarium-munster"}],"_links":{"self":[{"href":"https:\/\/www.seaflowerstore.com\/de\/wp-json\/wp\/v2\/product\/88038","targetHints":{"allow":["GET"]}}],"collection":[{"href":"https:\/\/www.seaflowerstore.com\/de\/wp-json\/wp\/v2\/product"}],"about":[{"href":"https:\/\/www.seaflowerstore.com\/de\/wp-json\/wp\/v2\/types\/product"}],"wp:featuredmedia":[{"embeddable":true,"href":"https:\/\/www.seaflowerstore.com\/de\/wp-json\/wp\/v2\/media\/78485"}],"wp:attachment":[{"href":"https:\/\/www.seaflowerstore.com\/de\/wp-json\/wp\/v2\/media?parent=88038"}],"wp:term":[{"taxonomy":"pwb-brand","embeddable":true,"href":"https:\/\/www.seaflowerstore.com\/de\/wp-json\/wp\/v2\/pwb-brand?post=88038"},{"taxonomy":"product_cat","embeddable":true,"href":"https:\/\/www.seaflowerstore.com\/de\/wp-json\/wp\/v2\/product_cat?post=88038"},{"taxonomy":"product_tag","embeddable":true,"href":"https:\/\/www.seaflowerstore.com\/de\/wp-json\/wp\/v2\/product_tag?post=88038"}],"curies":[{"name":"wp","href":"https:\/\/api.w.org\/{rel}","templated":true}]}}