{"id":88041,"date":"2015-11-07T14:32:22","date_gmt":"2015-11-07T13:32:22","guid":{"rendered":"https:\/\/www.seaflowerstore.com\/nl\/aquarium-siliconenkit-black-cartridge-310ml\/"},"modified":"2025-05-19T15:33:00","modified_gmt":"2025-05-19T13:33:00","slug":"parasilico-aquarium-kit-schwarz","status":"publish","type":"product","link":"https:\/\/www.seaflowerstore.com\/de\/parasilico-aquarium-kit-schwarz\/","title":{"rendered":"Parasilico Aquarium Kit Schwarz"},"content":{"rendered":"<h2>Parasilico Aquarium Kit Schwarz der speziell f\u00fcr das Abdichten von Aquarien<\/h2>\n<p><strong>Parasilico Aquarium Kit Schwarz<\/strong> ist ein hochwertiger, acetoxy-vernetzender Silikon-Dichtstoff, der speziell f\u00fcr das Abdichten von Aquarien aus Glas entwickelt wurde. Ideal f\u00fcr den Bau und die Reparatur von Aquarien und bietet nach vollst\u00e4ndiger Aush\u00e4rtung eine sichere und wasserdichte Verbindung, die fischsicher ist.<\/p>\n<p>Dieser einkomponentige Silikonkleber ist sehr einfach aufzutragen und bleibt dauerhaft elastisch \u2013 perfekt f\u00fcr Stabilit\u00e4t unter Wasserdruck und Temperaturschwankungen.<\/p>\n<ul>\n<li><strong>Typ:<\/strong> Acetoxy-vernetzender einkomponentiger Silikondichtstoff<\/li>\n<li><strong>Elastizit\u00e4t:<\/strong> Dauerhafte Flexibilit\u00e4t f\u00fcr eine lange Lebensdauer<\/li>\n<li><strong>Anwendung:<\/strong> Sehr einfach mit einer Standard-Kartuschenpistole aufzutragen<\/li>\n<li><strong>Temperaturbest\u00e4ndigkeit:<\/strong> H\u00e4lt hohen und niedrigen Temperaturen stand<\/li>\n<li><strong>Haftung:<\/strong> Hervorragende Haftung auf nahezu allen Baumaterialien<\/li>\n<li><strong>Oberfl\u00e4chen:<\/strong> Ideal f\u00fcr nicht-por\u00f6se Materialien wie Glas und Keramik<\/li>\n<li><strong>Haltbarkeit:<\/strong> Best\u00e4ndig gegen Alterung und Witterungseinfl\u00fcsse<\/li>\n<\/ul>\n<p><strong>Anwendungshinweis:<\/strong> Alle Oberfl\u00e4chen m\u00fcssen trocken, sauber und fettfrei sein. Gleichm\u00e4\u00dfig auftragen und vollst\u00e4ndig aush\u00e4rten lassen, bevor Wasser oder Lebewesen hinzugef\u00fcgt werden.<\/p>\n<p><em>Nach vollst\u00e4ndiger Aush\u00e4rtung sicher f\u00fcr den Einsatz im Aquarium. Nicht f\u00fcr Lebensmittelkontakt oder medizinische Zwecke geeignet.<\/em><\/p>\n","protected":false},"excerpt":{"rendered":"<p>Parasilico Aquarium Kit Schwarz der speziell f\u00fcr das Abdichten von Aquarien<\/p>\n","protected":false},"featured_media":126331,"template":"","meta":[],"pwb-brand":[2161],"product_cat":[1405],"product_tag":[],"class_list":{"0":"post-88041","1":"product","2":"type-product","3":"status-publish","4":"has-post-thumbnail","6":"pwb-brand-seaflower","7":"product_cat-korallenkleber-versiegelungsmittel","9":"first","10":"outofstock","11":"taxable","12":"shipping-taxable","13":"purchasable","14":"product-type-simple"},"acf":[],"brands":[{"id":2161,"name":"Seaflower","slug":"seaflower"}],"_links":{"self":[{"href":"https:\/\/www.seaflowerstore.com\/de\/wp-json\/wp\/v2\/product\/88041","targetHints":{"allow":["GET"]}}],"collection":[{"href":"https:\/\/www.seaflowerstore.com\/de\/wp-json\/wp\/v2\/product"}],"about":[{"href":"https:\/\/www.seaflowerstore.com\/de\/wp-json\/wp\/v2\/types\/product"}],"wp:featuredmedia":[{"embeddable":true,"href":"https:\/\/www.seaflowerstore.com\/de\/wp-json\/wp\/v2\/media\/126331"}],"wp:attachment":[{"href":"https:\/\/www.seaflowerstore.com\/de\/wp-json\/wp\/v2\/media?parent=88041"}],"wp:term":[{"taxonomy":"pwb-brand","embeddable":true,"href":"https:\/\/www.seaflowerstore.com\/de\/wp-json\/wp\/v2\/pwb-brand?post=88041"},{"taxonomy":"product_cat","embeddable":true,"href":"https:\/\/www.seaflowerstore.com\/de\/wp-json\/wp\/v2\/product_cat?post=88041"},{"taxonomy":"product_tag","embeddable":true,"href":"https:\/\/www.seaflowerstore.com\/de\/wp-json\/wp\/v2\/product_tag?post=88041"}],"curies":[{"name":"wp","href":"https:\/\/api.w.org\/{rel}","templated":true}]}}