{"id":88044,"date":"2015-11-02T08:16:09","date_gmt":"2015-11-02T07:16:09","guid":{"rendered":"https:\/\/www.seaflowerstore.com\/nl\/loc-line-1-4-male-1-4-npt-valve\/"},"modified":"2024-03-20T16:30:50","modified_gmt":"2024-03-20T15:30:50","slug":"loc-line-1-4-male-1-4-npt-valve","status":"publish","type":"product","link":"https:\/\/www.seaflowerstore.com\/de\/loc-line-1-4-male-1-4-npt-valve\/","title":{"rendered":"Loc-Line 1\/4&#8243; Male 1\/4&#8243; Npt Valve"},"content":{"rendered":"<h2>Loc-Line 1\/4&#8243; Male 1\/4&#8243; Npt Valve<\/h2>\n<h2> LOC-LINE ist das urspr\u00fcngliche modulare Rohrleitungssystem. <\/h2>\n<p>LOC-LINE bietet drei verschiedene Durchmesser sowie eine gro\u00dfe Auswahl an D\u00fcsen, Armaturen und Zubeh\u00f6r und ist damit eine fantastische Wahl f\u00fcr verschiedene industrielle und kommerzielle Anwendungen.<\/p>\n<p>In der Welt der Aquarien bietet LOC-LINE\u00ae unz\u00e4hlige Optionen zum Erstellen einzigartiger Rohrleitungssysteme.<\/p>\n<p>Beispielsweise kann LOC-LINE\u00ae effektiv in F\u00f6rderleitungen und in geschlossenen Kreislaufsystemen eingesetzt werden, in denen die Lenkung des Durchflusses in eine bestimmte Richtung unerl\u00e4sslich ist.<\/p>\n<ul>\n<li>1\/4&#8243;-System: 30\u201350 PSI, 950 Liter pro Stunde<\/li>\n<li>1\/2&#8243;-System: 20\u201330 PSI, 1.810 Liter pro Stunde<\/li>\n<li>3\/4&#8243;-System: 10\u201320 PSI, 4.315 Liter pro Stunde<\/li>\n<\/ul>\n","protected":false},"excerpt":{"rendered":"<p>1\/4&#8243; Loc-Line<\/p>\n","protected":false},"featured_media":78472,"template":"","meta":[],"pwb-brand":[2173],"product_cat":[1534],"product_tag":[],"class_list":{"0":"post-88044","1":"product","2":"type-product","3":"status-publish","4":"has-post-thumbnail","6":"pwb-brand-loc-line","7":"product_cat-verschiedene","9":"first","10":"instock","11":"taxable","12":"shipping-taxable","13":"purchasable","14":"product-type-simple"},"acf":[],"brands":[{"id":2173,"name":"Loc-Line","slug":"loc-line"}],"_links":{"self":[{"href":"https:\/\/www.seaflowerstore.com\/de\/wp-json\/wp\/v2\/product\/88044","targetHints":{"allow":["GET"]}}],"collection":[{"href":"https:\/\/www.seaflowerstore.com\/de\/wp-json\/wp\/v2\/product"}],"about":[{"href":"https:\/\/www.seaflowerstore.com\/de\/wp-json\/wp\/v2\/types\/product"}],"wp:featuredmedia":[{"embeddable":true,"href":"https:\/\/www.seaflowerstore.com\/de\/wp-json\/wp\/v2\/media\/78472"}],"wp:attachment":[{"href":"https:\/\/www.seaflowerstore.com\/de\/wp-json\/wp\/v2\/media?parent=88044"}],"wp:term":[{"taxonomy":"pwb-brand","embeddable":true,"href":"https:\/\/www.seaflowerstore.com\/de\/wp-json\/wp\/v2\/pwb-brand?post=88044"},{"taxonomy":"product_cat","embeddable":true,"href":"https:\/\/www.seaflowerstore.com\/de\/wp-json\/wp\/v2\/product_cat?post=88044"},{"taxonomy":"product_tag","embeddable":true,"href":"https:\/\/www.seaflowerstore.com\/de\/wp-json\/wp\/v2\/product_tag?post=88044"}],"curies":[{"name":"wp","href":"https:\/\/api.w.org\/{rel}","templated":true}]}}