{"id":88046,"date":"2015-11-02T08:09:43","date_gmt":"2015-11-02T08:09:43","guid":{"rendered":"https:\/\/www.seaflowerstore.com\/nl\/loc-line-1-4-npt-1-4-connector\/"},"modified":"2024-03-20T16:30:47","modified_gmt":"2024-03-20T15:30:47","slug":"loc-line-1-4-npt-1-4-connector","status":"publish","type":"product","link":"https:\/\/www.seaflowerstore.com\/de\/loc-line-1-4-npt-1-4-connector\/","title":{"rendered":"Loc-Line 1\/4&#8243; NPT 1\/4&#8243; Connector"},"content":{"rendered":"<h2>Loc-Line 1\/4&#8243; NPT 1\/4&#8243; Connector<\/h2>\n<h2> LOC-LINE ist das urspr\u00fcngliche modulare Rohrleitungssystem. <\/h2>\n<p> LOC-LINE bietet drei verschiedene Durchmesser sowie eine gro\u00dfe Auswahl an D\u00fcsen, Armaturen und Zubeh\u00f6r und ist damit die perfekte Wahl f\u00fcr verschiedene industrielle und kommerzielle Anwendungen. <\/p>\n<p> In Aquarien bietet LOC-LINE\u00ae endlose M\u00f6glichkeiten zur Erstellung einzigartiger Rohrleitungssysteme. <\/p>\n<p> Beispielsweise kann LOC-LINE\u00ae effektiv in F\u00f6rderleitungen und in geschlossenen Kreislaufsystemen eingesetzt werden, in denen die Lenkung des Durchflusses in eine bestimmte Richtung entscheidend ist. <\/p>\n<ul>\n<li>1\/4&#8243;-System: 30\u201350 PSI, 950 Liter pro Stunde<\/li>\n<li>1\/2&#8243;-System: 20\u201330 PSI, 1.810 Liter pro Stunde<\/li>\n<li>3\/4&#8243;-System: 10\u201320 PSI, 4.315 Liter pro Stunde<\/li>\n<\/ul>\n","protected":false},"excerpt":{"rendered":"<p>1\/4 &quot;Loc-Line adapter Use eg a glue sock with internal 1\/4&quot; thread to continue with loc-line products<\/p>\n","protected":false},"featured_media":78467,"template":"","meta":[],"pwb-brand":[2173],"product_cat":[1749],"product_tag":[],"class_list":{"0":"post-88046","1":"product","2":"type-product","3":"status-publish","4":"has-post-thumbnail","6":"pwb-brand-loc-line","7":"product_cat-1-4-de","9":"first","10":"instock","11":"taxable","12":"shipping-taxable","13":"purchasable","14":"product-type-simple"},"acf":[],"brands":[{"id":2173,"name":"Loc-Line","slug":"loc-line"}],"_links":{"self":[{"href":"https:\/\/www.seaflowerstore.com\/de\/wp-json\/wp\/v2\/product\/88046","targetHints":{"allow":["GET"]}}],"collection":[{"href":"https:\/\/www.seaflowerstore.com\/de\/wp-json\/wp\/v2\/product"}],"about":[{"href":"https:\/\/www.seaflowerstore.com\/de\/wp-json\/wp\/v2\/types\/product"}],"wp:featuredmedia":[{"embeddable":true,"href":"https:\/\/www.seaflowerstore.com\/de\/wp-json\/wp\/v2\/media\/78467"}],"wp:attachment":[{"href":"https:\/\/www.seaflowerstore.com\/de\/wp-json\/wp\/v2\/media?parent=88046"}],"wp:term":[{"taxonomy":"pwb-brand","embeddable":true,"href":"https:\/\/www.seaflowerstore.com\/de\/wp-json\/wp\/v2\/pwb-brand?post=88046"},{"taxonomy":"product_cat","embeddable":true,"href":"https:\/\/www.seaflowerstore.com\/de\/wp-json\/wp\/v2\/product_cat?post=88046"},{"taxonomy":"product_tag","embeddable":true,"href":"https:\/\/www.seaflowerstore.com\/de\/wp-json\/wp\/v2\/product_tag?post=88046"}],"curies":[{"name":"wp","href":"https:\/\/api.w.org\/{rel}","templated":true}]}}