{"id":88048,"date":"2015-10-18T09:11:04","date_gmt":"2015-10-18T07:11:04","guid":{"rendered":"https:\/\/www.seaflowerstore.com\/nl\/sicce-syncra-silent-1-5\/"},"modified":"2024-03-20T16:30:45","modified_gmt":"2024-03-20T15:30:45","slug":"sicce-syncra-silent-1-5","status":"publish","type":"product","link":"https:\/\/www.seaflowerstore.com\/de\/sicce-syncra-silent-1-5\/","title":{"rendered":"Sicce Syncra Silent 1.5"},"content":{"rendered":"<h2>Sicce Syncra Silent 1.5 Submersible Pump up to 1350 liters per hour<\/h2>\n<p>Die Sicce Syncra Silent 1.5 ist eine effiziente interne Druckerh\u00f6hungspumpe, die beeindruckende <strong>bis zu 1350 Liter pro Stunde<\/strong> liefern kann. Mit einem Stromverbrauch von nur <strong>23 Watt<\/strong> l\u00e4uft sie reibungslos und leise.<\/p>\n<p>Diese Pumpe verf\u00fcgt \u00fcber eine <strong>F\u00f6rderh\u00f6he von 1,8 m<\/strong> und wird mit einer <strong>Kabell\u00e4nge von 1,5 m<\/strong> geliefert, was sie zu einer vielseitigen Wahl f\u00fcr verschiedene Anwendungen macht.<\/p>\n","protected":false},"excerpt":{"rendered":"<p>Sicce Syncra Silent 1.5 Submersible Pump up to 1350 liters per hour<\/p>\n","protected":false},"featured_media":78462,"template":"","meta":[],"pwb-brand":[2163],"product_cat":[1417,1466,2104],"product_tag":[],"class_list":{"0":"post-88048","1":"product","2":"type-product","3":"status-publish","4":"has-post-thumbnail","6":"pwb-brand-sicce","7":"product_cat-druckerhohungspumpen","8":"product_cat-pumpen","9":"product_cat-sicce-de","11":"first","12":"instock","13":"taxable","14":"shipping-taxable","15":"purchasable","16":"product-type-simple"},"acf":[],"brands":[{"id":2163,"name":"Sicce","slug":"sicce"}],"_links":{"self":[{"href":"https:\/\/www.seaflowerstore.com\/de\/wp-json\/wp\/v2\/product\/88048","targetHints":{"allow":["GET"]}}],"collection":[{"href":"https:\/\/www.seaflowerstore.com\/de\/wp-json\/wp\/v2\/product"}],"about":[{"href":"https:\/\/www.seaflowerstore.com\/de\/wp-json\/wp\/v2\/types\/product"}],"wp:featuredmedia":[{"embeddable":true,"href":"https:\/\/www.seaflowerstore.com\/de\/wp-json\/wp\/v2\/media\/78462"}],"wp:attachment":[{"href":"https:\/\/www.seaflowerstore.com\/de\/wp-json\/wp\/v2\/media?parent=88048"}],"wp:term":[{"taxonomy":"pwb-brand","embeddable":true,"href":"https:\/\/www.seaflowerstore.com\/de\/wp-json\/wp\/v2\/pwb-brand?post=88048"},{"taxonomy":"product_cat","embeddable":true,"href":"https:\/\/www.seaflowerstore.com\/de\/wp-json\/wp\/v2\/product_cat?post=88048"},{"taxonomy":"product_tag","embeddable":true,"href":"https:\/\/www.seaflowerstore.com\/de\/wp-json\/wp\/v2\/product_tag?post=88048"}],"curies":[{"name":"wp","href":"https:\/\/api.w.org\/{rel}","templated":true}]}}