{"id":88049,"date":"2015-09-28T10:32:40","date_gmt":"2015-09-28T08:32:40","guid":{"rendered":"https:\/\/www.seaflowerstore.com\/nl\/corall-c-250ml\/"},"modified":"2024-03-20T16:30:44","modified_gmt":"2024-03-20T15:30:44","slug":"corall-c-250ml","status":"publish","type":"product","link":"https:\/\/www.seaflowerstore.com\/de\/corall-c-250ml\/","title":{"rendered":"Corall C 250ml."},"content":{"rendered":"<h2>Corall C 250ml.<\/h2>\n<p><strong>Corall A, B und C<\/strong> sind drei einzigartige Kombinationen von Spurenelementen, die separat dosiert werden m\u00fcssen und alle Bed\u00fcrfnisse Ihrer Wasserlebewesen erf\u00fcllen. Die Zusammensetzung von Corall A, B und C wurde optimiert, um sicherzustellen, dass sie bei gemeinsamer Verwendung ein fantastisches Wachstum und eine fantastische F\u00e4rbung bei Weich-, Leder- und Steinkorallen f\u00f6rdern.<\/p>\n<p>Corall C enth\u00e4lt insbesondere <strong>Fluor, Jod, Bor und Molybd\u00e4n<\/strong>. Der Inhalt betr\u00e4gt 250 ml und die empfohlene Dosierung betr\u00e4gt maximal 10 ml pro 100 Liter Aquarienwasser, einmal pro Woche.<\/p>\n","protected":false},"excerpt":{"rendered":"<p>Corall C 250ml. Corall A, B und C sind drei einzigartige Kombinationen von Spurenelementen, die separat dosiert werden m\u00fcssen und alle Bed\u00fcrfnisse Ihrer Wasserlebewesen erf\u00fcllen. Die Zusammensetzung von Corall A, B und C wurde optimiert, um sicherzustellen, dass sie bei gemeinsamer Verwendung ein fantastisches Wachstum und eine fantastische F\u00e4rbung bei Weich-, Leder- und Steinkorallen f\u00f6rdern. [&#8230;]\n","protected":false},"featured_media":78458,"template":"","meta":[],"pwb-brand":[2135],"product_cat":[1391,515],"product_tag":[],"class_list":{"0":"post-88049","1":"product","2":"type-product","3":"status-publish","4":"has-post-thumbnail","6":"pwb-brand-grotech","7":"product_cat-ergaenzungen","8":"product_cat-additives","10":"first","11":"instock","12":"taxable","13":"shipping-taxable","14":"purchasable","15":"product-type-simple"},"acf":[],"brands":[{"id":2135,"name":"Grotech","slug":"grotech"}],"_links":{"self":[{"href":"https:\/\/www.seaflowerstore.com\/de\/wp-json\/wp\/v2\/product\/88049","targetHints":{"allow":["GET"]}}],"collection":[{"href":"https:\/\/www.seaflowerstore.com\/de\/wp-json\/wp\/v2\/product"}],"about":[{"href":"https:\/\/www.seaflowerstore.com\/de\/wp-json\/wp\/v2\/types\/product"}],"wp:featuredmedia":[{"embeddable":true,"href":"https:\/\/www.seaflowerstore.com\/de\/wp-json\/wp\/v2\/media\/78458"}],"wp:attachment":[{"href":"https:\/\/www.seaflowerstore.com\/de\/wp-json\/wp\/v2\/media?parent=88049"}],"wp:term":[{"taxonomy":"pwb-brand","embeddable":true,"href":"https:\/\/www.seaflowerstore.com\/de\/wp-json\/wp\/v2\/pwb-brand?post=88049"},{"taxonomy":"product_cat","embeddable":true,"href":"https:\/\/www.seaflowerstore.com\/de\/wp-json\/wp\/v2\/product_cat?post=88049"},{"taxonomy":"product_tag","embeddable":true,"href":"https:\/\/www.seaflowerstore.com\/de\/wp-json\/wp\/v2\/product_tag?post=88049"}],"curies":[{"name":"wp","href":"https:\/\/api.w.org\/{rel}","templated":true}]}}