{"id":88050,"date":"2015-09-28T10:30:32","date_gmt":"2015-09-28T08:30:32","guid":{"rendered":"https:\/\/www.seaflowerstore.com\/nl\/corall-b-250ml\/"},"modified":"2024-03-20T16:30:43","modified_gmt":"2024-03-20T15:30:43","slug":"corall-b-250ml","status":"publish","type":"product","link":"https:\/\/www.seaflowerstore.com\/de\/corall-b-250ml\/","title":{"rendered":"Corall B 250ml."},"content":{"rendered":"<h2>Corall B 250ml.<\/h2>\n<p><strong>Corall A, B und C<\/strong> sind drei Kombinationen von Spurenelementen, die separat dosiert werden m\u00fcssen, um den Bedarf Ihrer Wasserlebewesen zu decken. Die Rezeptur von Corall A, B und C wurde so optimiert, dass sie bei gemeinsamer Verwendung ein bemerkenswertes Wachstum und eine bemerkenswerte F\u00e4rbung bei Weich-, Leder- und Steinkorallen f\u00f6rdern. Corall B enth\u00e4lt Magnesium, Eisen, Chrom, Mangan, Nickel, Kobalt und Kupfer. Die Packung enth\u00e4lt 500 ml. Die empfohlene Dosierung betr\u00e4gt maximal 10 ml pro 100 Liter Aquarienwasser pro Woche.<\/p>\n","protected":false},"excerpt":{"rendered":"<p>Corall B 250ml. Corall A, B und C sind drei Kombinationen von Spurenelementen, die separat dosiert werden m\u00fcssen, um den Bedarf Ihrer Wasserlebewesen zu decken. Die Rezeptur von Corall A, B und C wurde so optimiert, dass sie bei gemeinsamer Verwendung ein bemerkenswertes Wachstum und eine bemerkenswerte F\u00e4rbung bei Weich-, Leder- und Steinkorallen f\u00f6rdern. Corall [&#8230;]\n","protected":false},"featured_media":78456,"template":"","meta":[],"pwb-brand":[2135],"product_cat":[1391,515],"product_tag":[],"class_list":{"0":"post-88050","1":"product","2":"type-product","3":"status-publish","4":"has-post-thumbnail","6":"pwb-brand-grotech","7":"product_cat-ergaenzungen","8":"product_cat-additives","10":"first","11":"instock","12":"taxable","13":"shipping-taxable","14":"purchasable","15":"product-type-simple"},"acf":[],"brands":[{"id":2135,"name":"Grotech","slug":"grotech"}],"_links":{"self":[{"href":"https:\/\/www.seaflowerstore.com\/de\/wp-json\/wp\/v2\/product\/88050","targetHints":{"allow":["GET"]}}],"collection":[{"href":"https:\/\/www.seaflowerstore.com\/de\/wp-json\/wp\/v2\/product"}],"about":[{"href":"https:\/\/www.seaflowerstore.com\/de\/wp-json\/wp\/v2\/types\/product"}],"wp:featuredmedia":[{"embeddable":true,"href":"https:\/\/www.seaflowerstore.com\/de\/wp-json\/wp\/v2\/media\/78456"}],"wp:attachment":[{"href":"https:\/\/www.seaflowerstore.com\/de\/wp-json\/wp\/v2\/media?parent=88050"}],"wp:term":[{"taxonomy":"pwb-brand","embeddable":true,"href":"https:\/\/www.seaflowerstore.com\/de\/wp-json\/wp\/v2\/pwb-brand?post=88050"},{"taxonomy":"product_cat","embeddable":true,"href":"https:\/\/www.seaflowerstore.com\/de\/wp-json\/wp\/v2\/product_cat?post=88050"},{"taxonomy":"product_tag","embeddable":true,"href":"https:\/\/www.seaflowerstore.com\/de\/wp-json\/wp\/v2\/product_tag?post=88050"}],"curies":[{"name":"wp","href":"https:\/\/api.w.org\/{rel}","templated":true}]}}