{"id":88053,"date":"2015-09-22T18:41:22","date_gmt":"2015-09-22T16:41:22","guid":{"rendered":"https:\/\/www.seaflowerstore.com\/nl\/red-sea-foundation-abc-skeletal-elements-5kg\/"},"modified":"2025-07-02T13:38:51","modified_gmt":"2025-07-02T11:38:51","slug":"red-sea-foundation-abc-skeletal-elements-5kg","status":"publish","type":"product","link":"https:\/\/www.seaflowerstore.com\/de\/red-sea-foundation-abc-skeletal-elements-5kg\/","title":{"rendered":"Red Sea Foundation ABC+ Skeletal Elements &#8211; 5kg"},"content":{"rendered":"<h2>Red Sea Foundation Skeletal Elements &#8211; 5kg<\/h2>\n<p><strong>Red Sea Foundation ABC+<\/strong> &#8211; 1 kg <strong>SKELETAL ELEMENTS<\/strong> ist eine sorgf\u00e4ltig zusammengestellte Mischung aus essentiellen Elementen, die Korallen zum Aufbau ihres Skeletts ben\u00f6tigen, darunter Kalzium, Magnesium, Strontium und Karbonat. Dar\u00fcber hinaus enth\u00e4lt es Kalium, Brom und Jod in einem einzigartigen Verh\u00e4ltnis, das Korallen ben\u00f6tigen.<\/p>\n<p>Damit Korallen gedeihen k\u00f6nnen, m\u00fcssen alle diese Elemente in ausgewogenen Anteilen vorhanden sein. Red Seas <strong>SKELETAL ELEMENTS<\/strong> ist ein speziell formuliertes Pulverpr\u00e4parat, das alle Elemente aus Foundation A, B und C sowie Red Seas Coral Colors A und B (Kalium, Bor, Jod und Brom) in dem genauen Verh\u00e4ltnis enth\u00e4lt, das in Korallenskeletten vorkommt. Obwohl es zwischen verschiedenen Korallenarten leichte Unterschiede geben kann, bleibt das durchschnittliche Verh\u00e4ltnis dieser Elemente relativ konstant.<\/p>\n<p>Indem Sie diese Elemente in einem festen Verh\u00e4ltnis basierend auf der Kalziumaufnahme erg\u00e4nzen, k\u00f6nnen Sie sicherstellen, dass Ihre Korallen die notwendige Erg\u00e4nzung entsprechend ihrem Stoffwechselbedarf erhalten.<\/p>\n<p><strong>Skelettelemente<\/strong> sollten je nach Aquarientyp und gemessener Kalziumaufnahme entweder t\u00e4glich oder w\u00f6chentlich dosiert werden. Im Laufe der Zeit kann sich ein Ungleichgewicht zwischen den Grundelementen entwickeln. Wenn Sie t\u00e4glich dosieren, wird empfohlen, alle Grundelemente w\u00f6chentlich zu testen und bei Bedarf mit den einzelnen A-, B- und C-Erg\u00e4nzungsmitteln anzupassen. Wenn Sie hingegen w\u00f6chentlich dosieren, sollten Sie monatlich testen und Anpassungen mit den einzelnen A-, B- und C-Erg\u00e4nzungsmitteln vornehmen.<\/p>\n<p><strong>Konzentration:<\/strong> 1 g erh\u00f6ht den Kalziumspiegel von 100 Litern (25 Gallonen) um 1,5 ppm.<\/p>\n","protected":false},"excerpt":{"rendered":"<p>Red Sea Foundation Skeletal Elements &#8211; 5kg Foundation and trace element supplement for balanced formation of coral skeleton<\/p>\n","protected":false},"featured_media":83457,"template":"","meta":[],"pwb-brand":[2125],"product_cat":[1391,1404],"product_tag":[],"class_list":{"0":"post-88053","1":"product","2":"type-product","3":"status-publish","4":"has-post-thumbnail","6":"pwb-brand-red-sea","7":"product_cat-ergaenzungen","8":"product_cat-redsea-de","10":"first","11":"outofstock","12":"taxable","13":"shipping-taxable","14":"purchasable","15":"product-type-simple"},"acf":[],"brands":[{"id":2125,"name":"Red Sea","slug":"red-sea"}],"_links":{"self":[{"href":"https:\/\/www.seaflowerstore.com\/de\/wp-json\/wp\/v2\/product\/88053","targetHints":{"allow":["GET"]}}],"collection":[{"href":"https:\/\/www.seaflowerstore.com\/de\/wp-json\/wp\/v2\/product"}],"about":[{"href":"https:\/\/www.seaflowerstore.com\/de\/wp-json\/wp\/v2\/types\/product"}],"wp:featuredmedia":[{"embeddable":true,"href":"https:\/\/www.seaflowerstore.com\/de\/wp-json\/wp\/v2\/media\/83457"}],"wp:attachment":[{"href":"https:\/\/www.seaflowerstore.com\/de\/wp-json\/wp\/v2\/media?parent=88053"}],"wp:term":[{"taxonomy":"pwb-brand","embeddable":true,"href":"https:\/\/www.seaflowerstore.com\/de\/wp-json\/wp\/v2\/pwb-brand?post=88053"},{"taxonomy":"product_cat","embeddable":true,"href":"https:\/\/www.seaflowerstore.com\/de\/wp-json\/wp\/v2\/product_cat?post=88053"},{"taxonomy":"product_tag","embeddable":true,"href":"https:\/\/www.seaflowerstore.com\/de\/wp-json\/wp\/v2\/product_tag?post=88053"}],"curies":[{"name":"wp","href":"https:\/\/api.w.org\/{rel}","templated":true}]}}