{"id":88054,"date":"2015-09-22T18:38:26","date_gmt":"2015-09-22T16:38:26","guid":{"rendered":"https:\/\/www.seaflowerstore.com\/nl\/red-sea-foundation-abc-skeletal-elements-1kg\/"},"modified":"2024-03-20T16:30:37","modified_gmt":"2024-03-20T15:30:37","slug":"red-sea-foundation-abc-skeletal-elements-1kg","status":"publish","type":"product","link":"https:\/\/www.seaflowerstore.com\/de\/red-sea-foundation-abc-skeletal-elements-1kg\/","title":{"rendered":"Red Sea Foundation ABC+ Skeletal Elements &#8211; 1kg"},"content":{"rendered":"<h2>Red Sea Foundation Skeletal Elements &#8211; 1kg<\/h2>\n<p><strong>Red Sea Reef Foundation ABC+ \u2013 1 kg SKELETAL ELEMENTS<\/strong> ist eine speziell formulierte Mischung aus essentiellen Elementen f\u00fcr Korallenskelette, darunter Kalzium, Magnesium, Strontium und Karbonat. Es enth\u00e4lt au\u00dferdem Kalium, Brom und Jod, alles in dem einzigartigen Verh\u00e4ltnis, das Korallen ben\u00f6tigen.<\/p>\n<p>Damit Korallen gedeihen k\u00f6nnen, m\u00fcssen alle diese Elemente in ausgewogenen Anteilen vorhanden sein. Red Seas <strong>SKELETAL ELEMENTS<\/strong> bietet dies in Form eines praktischen Pulverzusatzes, der alle Elemente von Foundation A, B und C sowie Red Seas Coral Colors A und B (die Kalium, Bor, Jod und Brom enthalten) in dem genauen Verh\u00e4ltnis enth\u00e4lt, das in Korallenskeletten vorkommt.<\/p>\n<p>Obwohl es geringf\u00fcgige Unterschiede zwischen Korallenarten gibt, bleibt das Gesamtverh\u00e4ltnis dieser Elemente relativ konstant. Durch die Erg\u00e4nzung dieser Elemente in einem festen Verh\u00e4ltnis basierend auf der Kalziumaufnahme stellen Sie sicher, dass Ihre Korallen eine genaue Erg\u00e4nzung erhalten, die auf ihren Stoffwechselbedarf zugeschnitten ist.<\/p>\n<p><strong>Empfohlene Dosierung:<\/strong> <br \/>\n<strong>Skelettelemente<\/strong> sollten entweder t\u00e4glich oder w\u00f6chentlich dosiert werden, je nach Aquarientyp und gemessener Kalziumaufnahme. Mit der Zeit kann ein Ungleichgewicht zwischen den Grundelementen auftreten. Wenn Sie sich f\u00fcr eine t\u00e4gliche Dosierung entscheiden, ist es ratsam, alle Grundelemente w\u00f6chentlich zu testen und bei Bedarf mit den einzelnen A-, B- und C-Erg\u00e4nzungsmitteln anzupassen. Bei einer w\u00f6chentlichen Dosierung sollten die Tests monatlich durchgef\u00fchrt werden.<\/p>\n<p><strong>Konzentration:<\/strong> <br \/>\n1 Gramm erh\u00f6ht den Kalziumspiegel von 100 Litern (25 Gallonen) um 1,5 ppm.<\/p>\n","protected":false},"excerpt":{"rendered":"<p>Red Sea Foundation Skeletal Elements &#8211; 1kg Foundation and trace element supplement for balanced formation of coral skeleton<\/p>\n","protected":false},"featured_media":78449,"template":"","meta":[],"pwb-brand":[2125],"product_cat":[1391,1404,515,741],"product_tag":[],"class_list":{"0":"post-88054","1":"product","2":"type-product","3":"status-publish","4":"has-post-thumbnail","6":"pwb-brand-red-sea","7":"product_cat-ergaenzungen","8":"product_cat-redsea-de","9":"product_cat-additives","10":"product_cat-brands","12":"first","13":"instock","14":"taxable","15":"shipping-taxable","16":"purchasable","17":"product-type-simple"},"acf":[],"brands":[{"id":2125,"name":"Red Sea","slug":"red-sea"}],"_links":{"self":[{"href":"https:\/\/www.seaflowerstore.com\/de\/wp-json\/wp\/v2\/product\/88054","targetHints":{"allow":["GET"]}}],"collection":[{"href":"https:\/\/www.seaflowerstore.com\/de\/wp-json\/wp\/v2\/product"}],"about":[{"href":"https:\/\/www.seaflowerstore.com\/de\/wp-json\/wp\/v2\/types\/product"}],"wp:featuredmedia":[{"embeddable":true,"href":"https:\/\/www.seaflowerstore.com\/de\/wp-json\/wp\/v2\/media\/78449"}],"wp:attachment":[{"href":"https:\/\/www.seaflowerstore.com\/de\/wp-json\/wp\/v2\/media?parent=88054"}],"wp:term":[{"taxonomy":"pwb-brand","embeddable":true,"href":"https:\/\/www.seaflowerstore.com\/de\/wp-json\/wp\/v2\/pwb-brand?post=88054"},{"taxonomy":"product_cat","embeddable":true,"href":"https:\/\/www.seaflowerstore.com\/de\/wp-json\/wp\/v2\/product_cat?post=88054"},{"taxonomy":"product_tag","embeddable":true,"href":"https:\/\/www.seaflowerstore.com\/de\/wp-json\/wp\/v2\/product_tag?post=88054"}],"curies":[{"name":"wp","href":"https:\/\/api.w.org\/{rel}","templated":true}]}}