{"id":88055,"date":"2015-09-06T08:13:02","date_gmt":"2015-09-06T06:13:02","guid":{"rendered":"https:\/\/www.seaflowerstore.com\/nl\/asia-pacific-reef-guide-debelius\/"},"modified":"2026-01-05T10:09:03","modified_gmt":"2026-01-05T09:09:03","slug":"asia-pacific-reef-guide-debelius","status":"publish","type":"product","link":"https:\/\/www.seaflowerstore.com\/de\/asia-pacific-reef-guide-debelius\/","title":{"rendered":"Asia Pacific reef guide &#8211; Debelius"},"content":{"rendered":"<h2>Asia Pacific reef guide &#8211; Debelius focuses on the coastal fauna, which most divers and snorkellers see first.<\/h2>\n<p><strong>Vierte Ausgabe 2013<\/strong><\/p>\n<p>Heute weisen die Korallenriffe S\u00fcdostasiens die gr\u00f6\u00dfte Artenvielfalt aller Ozeane auf. Dies gilt nicht nur f\u00fcr Fische, sondern auch f\u00fcr Wirbellose, da Arten aus der Korallenwelt aus dem Dreieck der Philippinen, Malaysia und Indonesien ausgebreitet sind.<\/p>\n<p>In dieser Region gibt es etwa 20.000 Inseln und unz\u00e4hlige Korallenriffe, in denen immer wieder neue Arten entdeckt werden.<\/p>\n<p>Dieses Buch beleuchtet die K\u00fcstenfauna, die die meisten Taucher und Schnorchler zuerst sehen.<\/p>\n<p>Mit \u00fcber 1.200 lebendigen Farbfotos ist dieses Buch eine Freude f\u00fcr Taucher und Hobbyisten. Es umfasst 321 Seiten und wird in einer stabilen Hardcover-Ausgabe geliefert.<\/p>\n","protected":false},"excerpt":{"rendered":"<p>Asia Pacific reef guide &#8211; Debelius focuses on the coastal fauna, which most divers and snorkellers see first.<\/p>\n","protected":false},"featured_media":78448,"template":"","meta":[],"pwb-brand":[2161],"product_cat":[1582,1534],"product_tag":[],"class_list":{"0":"post-88055","1":"product","2":"type-product","3":"status-publish","4":"has-post-thumbnail","6":"pwb-brand-seaflower","7":"product_cat-buecher","8":"product_cat-verschiedene","10":"first","11":"instock","12":"taxable","13":"shipping-taxable","14":"purchasable","15":"product-type-simple"},"acf":[],"brands":[{"id":2161,"name":"Seaflower","slug":"seaflower"}],"_links":{"self":[{"href":"https:\/\/www.seaflowerstore.com\/de\/wp-json\/wp\/v2\/product\/88055","targetHints":{"allow":["GET"]}}],"collection":[{"href":"https:\/\/www.seaflowerstore.com\/de\/wp-json\/wp\/v2\/product"}],"about":[{"href":"https:\/\/www.seaflowerstore.com\/de\/wp-json\/wp\/v2\/types\/product"}],"wp:featuredmedia":[{"embeddable":true,"href":"https:\/\/www.seaflowerstore.com\/de\/wp-json\/wp\/v2\/media\/78448"}],"wp:attachment":[{"href":"https:\/\/www.seaflowerstore.com\/de\/wp-json\/wp\/v2\/media?parent=88055"}],"wp:term":[{"taxonomy":"pwb-brand","embeddable":true,"href":"https:\/\/www.seaflowerstore.com\/de\/wp-json\/wp\/v2\/pwb-brand?post=88055"},{"taxonomy":"product_cat","embeddable":true,"href":"https:\/\/www.seaflowerstore.com\/de\/wp-json\/wp\/v2\/product_cat?post=88055"},{"taxonomy":"product_tag","embeddable":true,"href":"https:\/\/www.seaflowerstore.com\/de\/wp-json\/wp\/v2\/product_tag?post=88055"}],"curies":[{"name":"wp","href":"https:\/\/api.w.org\/{rel}","templated":true}]}}