{"id":88056,"date":"2015-09-05T13:53:28","date_gmt":"2015-09-05T11:53:28","guid":{"rendered":"https:\/\/www.seaflowerstore.com\/nl\/aqua-crobes-100ml-14-days-delivery-delay\/"},"modified":"2024-03-20T16:30:35","modified_gmt":"2024-03-20T15:30:35","slug":"aqua-crobes-100ml","status":"publish","type":"product","link":"https:\/\/www.seaflowerstore.com\/de\/aqua-crobes-100ml\/","title":{"rendered":"Aqua-Crobes 100ml"},"content":{"rendered":"<h2>Aqua-Crobes 100ml is a biological product of natural occurring bacteria and enzymes that reduce the threat to fish caused by pathogenic bacteria<\/h2>\n<p>Aqua-Crobes ist eine einzigartige biologische L\u00f6sung aus nat\u00fcrlich vorkommenden Bakterien und Enzymen, die Fische vor sch\u00e4dlichen Krankheitserregern sch\u00fctzen soll. Nach jahrelanger Forschung im Feld und im Labor haben wir eine spezielle Reihe von Mikroben entwickelt, die dabei helfen, die Wasserqualit\u00e4t aufrechtzuerhalten, das Wachstum zu steigern und die allgemeine Gesundheit Ihrer Wassertiere zu f\u00f6rdern.<\/p>\n<p><strong>Aqua-Crobes wirkt als Konkurrenzausschluss<\/strong> verschiedener pathogener mikrobieller Krankheiten, darunter Vibrio, Pseudomonas, Aeromonas, Streptococcus, Allococcus, Myxobacterium, Columnaris und andere gramnegative Bakterien. Die Magie geschieht durch einen Prozess namens Konkurrenzausschluss, bei dem n\u00fctzliche Bakterien ins Wasser eingef\u00fchrt werden, um mit den sch\u00e4dlichen um die N\u00e4hrstoffe zu konkurrieren, die sie zum Gedeihen ben\u00f6tigen. Dies hilft nicht nur, Krankheitserreger in Schach zu halten, sondern produziert auch kleine Peptide, die f\u00fcr Krankheitserreger von Flossenfischen und Schalentieren giftig sind.<\/p>\n<p>Bei richtiger Anwendung kann Aqua-Crobes die Bakterienzahl von Krankheitserregern auf ein Niveau senken, das keine Gefahr f\u00fcr die Gesundheit Ihrer Fische darstellt. Obwohl es unm\u00f6glich ist, alle pathogenen Bakterien aus Ihrem Aquarium zu entfernen, h\u00e4lt die regelm\u00e4\u00dfige Verwendung von Aqua-Crobes diese Werte so niedrig, dass Ihre Fische sicher und gesund bleiben. Wichtig ist, dass Aqua-Crobes kein Medikament oder Chemotherapeutikum ist und daher f\u00fcr alle Wassertiere sicher ist.<\/p>\n<p>Aqua-Crobes funktioniert harmonisch mit anderen Bakterienzus\u00e4tzen wie BioGro, da sie auf unterschiedliche N\u00e4hrstoffe im Wasser abzielen. W\u00e4hrend sich BioGro auf N\u00e4hrstoffe konzentriert, die Algen ern\u00e4hren (wie Ammoniak und Stickstoff), entfernt Aqua-Crobes N\u00e4hrstoffe, die sch\u00e4dliche Bakterien wie Aeromonas und Vibrio zum \u00dcberleben ben\u00f6tigen, wie z. B. Fischabf\u00e4lle. Das bedeutet, dass Sie beide Produkte effektiv zusammen verwenden k\u00f6nnen.<\/p>\n<p>Dieses Produkt ist au\u00dferdem vielseitig und funktioniert gut bei verschiedenen Wassertemperaturen und pH-Werten. Egal, ob Sie S\u00fc\u00df-, Brack- oder Salzwasserumgebungen pflegen, Aqua-Crobes hat das Richtige f\u00fcr Sie!<\/p>\n<p>Aqua-Crobes ist ein gut geh\u00fctetes Geheimnis unter Fachleuten in der Fisch- und Garnelenzuchtbranche. Es f\u00f6rdert gesunde Brutbedingungen f\u00fcr viele Fisch- und Garnelenarten, senkt die Sterberate und bek\u00e4mpft pathogene mikrobielle Krankheiten. Dar\u00fcber hinaus verbessert es die Wasserqualit\u00e4t und steigert die \u00dcberlebens- und Wachstumsraten in Brutanlagen, Aufzuchtsystemen und Teichen.<\/p>\n<p>Die Aufrechterhaltung einer hervorragenden Wasserqualit\u00e4t ist f\u00fcr eine erfolgreiche Aquarienhaltung sowie f\u00fcr die Aufzucht von Schalentieren, Flossenfischen und anderen Wasserorganismen von entscheidender Bedeutung. Aqua-Crobes hilft Ihnen dabei, eine gesunde Umgebung f\u00fcr alle Ihre Wasserarten zu schaffen. Es ist in einer praktischen 100-ml-Gr\u00f6\u00dfe erh\u00e4ltlich.<\/p>\n<h3>Dosierung:<\/h3>\n<ul>\n<li><strong>Startanwendung:<\/strong> 1 ml pro 160 Liter alle 3 Tage f\u00fcr 9 Tage.<\/li>\n<li><strong>Zweite Anwendung:<\/strong> 1 ml pro 160 Liter einmal pro Woche f\u00fcr 2 Wochen.<\/li>\n<li><strong>Wartungsanwendung:<\/strong> 0,25 ml pro 160 Liter einmal pro Woche.<\/li>\n<\/ul>\n<p>Denken Sie daran, Ihr UV-Licht w\u00e4hrend der ersten f\u00fcnf Behandlungen mit Aqua-Crobes auszuschalten. Vermeiden Sie w\u00e4hrend dieser Zeit auch die Verwendung fl\u00fcssiger Antibiotika. Wenn Sie bereits ein bakterielles Problem haben, k\u00f6nnen Sie die Dosierung bedenkenlos verdoppeln.<\/p>\n<p>Waschen Sie nach dem Umgang mit Aqua-Crobes Ihre H\u00e4nde gr\u00fcndlich mit warmem Seifenwasser und vermeiden Sie Inhalation und Augenkontakt. Wenn Ihr Aquarium einen niedrigen Sauerstoffgehalt aufweist, \u00fcberwachen Sie die Situation w\u00e4hrend der Anwendung oder bel\u00fcften Sie es bei Bedarf. Es ist ratsam, Aqua-Crobes nach dem \u00d6ffnen zu k\u00fchlen.<\/p>\n<p>Aqua-Crobes enth\u00e4lt nur Bakterien der Biosicherheitsklasse 1, die v\u00f6llig ungiftig sind und nat\u00fcrlich vorkommende Organismen und Enzyme enthalten, die nachweislich nicht genetisch manipuliert sind.<\/p>\n","protected":false},"excerpt":{"rendered":"<p>Aqua Crobes, contains naturally occurring bacteria and enzymes. These bacteria reduce the number of pathogenic bacteria in the aquarium to such a low number that they no longer pose a threat to your animals.<\/p>\n","protected":false},"featured_media":78446,"template":"","meta":[],"pwb-brand":[2193],"product_cat":[1390,515],"product_tag":[],"class_list":{"0":"post-88056","1":"product","2":"type-product","3":"status-publish","4":"has-post-thumbnail","6":"pwb-brand-dvh","7":"product_cat-medikamente","8":"product_cat-additives","10":"first","11":"instock","12":"taxable","13":"shipping-taxable","14":"purchasable","15":"product-type-simple"},"acf":[],"brands":[{"id":2193,"name":"DVH","slug":"dvh"}],"_links":{"self":[{"href":"https:\/\/www.seaflowerstore.com\/de\/wp-json\/wp\/v2\/product\/88056","targetHints":{"allow":["GET"]}}],"collection":[{"href":"https:\/\/www.seaflowerstore.com\/de\/wp-json\/wp\/v2\/product"}],"about":[{"href":"https:\/\/www.seaflowerstore.com\/de\/wp-json\/wp\/v2\/types\/product"}],"wp:featuredmedia":[{"embeddable":true,"href":"https:\/\/www.seaflowerstore.com\/de\/wp-json\/wp\/v2\/media\/78446"}],"wp:attachment":[{"href":"https:\/\/www.seaflowerstore.com\/de\/wp-json\/wp\/v2\/media?parent=88056"}],"wp:term":[{"taxonomy":"pwb-brand","embeddable":true,"href":"https:\/\/www.seaflowerstore.com\/de\/wp-json\/wp\/v2\/pwb-brand?post=88056"},{"taxonomy":"product_cat","embeddable":true,"href":"https:\/\/www.seaflowerstore.com\/de\/wp-json\/wp\/v2\/product_cat?post=88056"},{"taxonomy":"product_tag","embeddable":true,"href":"https:\/\/www.seaflowerstore.com\/de\/wp-json\/wp\/v2\/product_tag?post=88056"}],"curies":[{"name":"wp","href":"https:\/\/api.w.org\/{rel}","templated":true}]}}