{"id":88058,"date":"2015-09-05T13:40:36","date_gmt":"2015-09-05T11:40:36","guid":{"rendered":"https:\/\/www.seaflowerstore.com\/nl\/no3po4-control-150g\/"},"modified":"2024-03-20T16:30:32","modified_gmt":"2024-03-20T15:30:32","slug":"no3po4-control-150g","status":"publish","type":"product","link":"https:\/\/www.seaflowerstore.com\/de\/no3po4-control-150g\/","title":{"rendered":"No3Po4 Control 150g"},"content":{"rendered":"<h2>LYOX No3Po4 Control 150g against nitrate and phosphate in marine aquariums<\/h2>\n<p>LYOX No3Po4 Control ist eine schnelle und zuverl\u00e4ssige L\u00f6sung zur Regulierung des Nitrat- und Phosphatgehalts in Ihrem Meerwasseraquarium. Hier sind einige seiner wichtigsten Vorteile:<\/p>\n<ul>\n<li><strong>Wirksames Mittel:<\/strong> Behebt schnell Nitrat- und Phosphatprobleme.<\/li>\n<li><strong>Biologische Wirkungsweise:<\/strong> Funktioniert ohne Schadstoffe.<\/li>\n<li><strong>Hilfreiche Bakterien:<\/strong> F\u00fcgt Ihrem Aquarium n\u00fctzliche Bakterienkulturen hinzu.<\/li>\n<li><strong>Einfache Anwendung:<\/strong> Mischen Sie es einfach mit dem Tankwasser und geben Sie es in den Filtersumpf oder direkt in den Tank.<\/li>\n<li><strong>Sicher f\u00fcr Nutztiere:<\/strong> Es hat keine negativen Auswirkungen auf die Bewohner Ihres Aquariums.<\/li>\n<\/ul>\n<h3>Anwendung:<\/h3>\n<p>F\u00fcr optimale Ergebnisse verwenden Sie eine Tagesdosis von 2 g pro 100 Liter Nettoaquariumvolumen. Mischen Sie zun\u00e4chst die berechnete Menge NoPoControl mit dem Aquarienwasser. Sie ben\u00f6tigen 100 ml Aquarienwasser aus dem zu behandelnden Becken pro 100 Liter Nettoaquariumvolumen. Stellen Sie sicher, dass NoPoControl vollst\u00e4ndig im Wasser aufgel\u00f6st ist und keine Ablagerungen zur\u00fcckbleiben. Gie\u00dfen Sie die L\u00f6sung dann in den Strahl des Filtersumpfes, insbesondere in einen Abschnitt hinter dem Absch\u00e4umer, oder direkt in den Wasserstrom Ihres Beckens, wenn kein Sumpf vorhanden ist. Setzen Sie die Behandlung fort, bis Sie die gew\u00fcnschte Wasserqualit\u00e4t erreicht haben.<\/p>\n","protected":false},"excerpt":{"rendered":"<p>LYOX No3Po4 Control 150g against nitrate and phosphate in marine aquariums<\/p>\n","protected":false},"featured_media":78443,"template":"","meta":[],"pwb-brand":[2217],"product_cat":[1453,515],"product_tag":[],"class_list":{"0":"post-88058","1":"product","2":"type-product","3":"status-publish","4":"has-post-thumbnail","6":"pwb-brand-qium","7":"product_cat-nitrat-und-phosphatentferner","8":"product_cat-additives","10":"first","11":"instock","12":"taxable","13":"shipping-taxable","14":"purchasable","15":"product-type-simple"},"acf":[],"brands":[{"id":2217,"name":"QIUM","slug":"qium"}],"_links":{"self":[{"href":"https:\/\/www.seaflowerstore.com\/de\/wp-json\/wp\/v2\/product\/88058","targetHints":{"allow":["GET"]}}],"collection":[{"href":"https:\/\/www.seaflowerstore.com\/de\/wp-json\/wp\/v2\/product"}],"about":[{"href":"https:\/\/www.seaflowerstore.com\/de\/wp-json\/wp\/v2\/types\/product"}],"wp:featuredmedia":[{"embeddable":true,"href":"https:\/\/www.seaflowerstore.com\/de\/wp-json\/wp\/v2\/media\/78443"}],"wp:attachment":[{"href":"https:\/\/www.seaflowerstore.com\/de\/wp-json\/wp\/v2\/media?parent=88058"}],"wp:term":[{"taxonomy":"pwb-brand","embeddable":true,"href":"https:\/\/www.seaflowerstore.com\/de\/wp-json\/wp\/v2\/pwb-brand?post=88058"},{"taxonomy":"product_cat","embeddable":true,"href":"https:\/\/www.seaflowerstore.com\/de\/wp-json\/wp\/v2\/product_cat?post=88058"},{"taxonomy":"product_tag","embeddable":true,"href":"https:\/\/www.seaflowerstore.com\/de\/wp-json\/wp\/v2\/product_tag?post=88058"}],"curies":[{"name":"wp","href":"https:\/\/api.w.org\/{rel}","templated":true}]}}