{"id":88059,"date":"2015-09-05T13:27:43","date_gmt":"2015-09-05T11:27:43","guid":{"rendered":"https:\/\/www.seaflowerstore.com\/nl\/cyano-control-150g\/"},"modified":"2024-03-20T16:30:30","modified_gmt":"2024-03-20T15:30:30","slug":"cyano-control-150g","status":"publish","type":"product","link":"https:\/\/www.seaflowerstore.com\/de\/cyano-control-150g\/","title":{"rendered":"Cyano Control 150g"},"content":{"rendered":"<h2>Lyox Cyano Control 150g <span style=\"color: #000000;font-family: Arial, Helvetica, sans-serif;line-height: normal\">removes cyano bacteria fast and reliably, without containing antibiotics or other harmful additions<\/span><\/h2>\n<p><strong>Qium CyanoControl<\/strong> beseitigt Cyanobakterien schnell und zuverl\u00e4ssig und vermeidet dabei Antibiotika oder sch\u00e4dliche Zusatzstoffe. F\u00fcr optimale Ergebnisse sorgen Sie bitte w\u00e4hrend der Behandlung f\u00fcr optimale Bedingungen. Dazu geh\u00f6rt eine ausreichende Filterung und Absch\u00e4umung, die Vermeidung einer \u00dcberf\u00fctterung und die Entfernung aller gel\u00f6sten Cyanobakterienreste. Kontrollieren Sie regelm\u00e4\u00dfig den pH- und NO3-Wert. Es ist wichtig, nicht zu \u00fcberdosieren. M\u00f6glicherweise stellen Sie fest, dass das Aquarienwasser w\u00e4hrend der Behandlung tr\u00fcb wird, dies ist jedoch v\u00f6llig harmlos. Wenn dies auftritt, unterbrechen Sie die Behandlung bitte, bis die Tr\u00fcbung vollst\u00e4ndig verschwunden ist.<\/p>\n<p>W\u00e4hrend der Behandlung k\u00f6nnen Korallen ihre Farbe verlieren oder ver\u00e4ndern, was normal ist. In diesem Fall k\u00f6nnen Sie Spurenelemente oder Aminos\u00e4uren hinzuf\u00fcgen, um zu helfen.<\/p>\n<p><strong>Anwendung bei Befall:<\/strong><\/p>\n<p>Beginnen Sie mit 1 Gramm CyanoControl pro 100 Liter Aquarienvolumen und erh\u00f6hen Sie die Dosierung t\u00e4glich um ein weiteres Gramm, bis zu maximal 5 Gramm. Mischen Sie CyanoControl mit dem Wasser aus dem zu behandelnden Aquarium. Verwenden Sie 500 ml Aquarienwasser pro 100 Liter Beckengr\u00f6\u00dfe.<\/p>\n<p>Stellen Sie sicher, dass sich CyanoControl vollst\u00e4ndig im Wasser aufl\u00f6st und keine R\u00fcckst\u00e4nde zur\u00fcckbleiben. Gie\u00dfen Sie die L\u00f6sung in den Filtersumpfstrom oder, falls kein Sumpf vorhanden ist, direkt in den Wasserdurchfluss des Beckens. Bei Tr\u00fcbung des Wassers unterbrechen Sie bitte die Erh\u00f6hung der Dosierung und unterbrechen Sie die Behandlung f\u00fcr mindestens 2 Tage.<\/p>\n<p>Setzen Sie die Behandlung t\u00e4glich fort, bis die Bakterien vollst\u00e4ndig verschwunden sind. Die Mindestbehandlungsdauer sollte nicht weniger als 14 Tage betragen.<\/p>\n<p><strong>Anwendung zur Prophylaxe:<\/strong><\/p>\n<p>Sobald der Bakterienbefall abgeklungen ist oder wenn Sie es vorbeugend einsetzen, verwenden Sie CyanoControl bitte wie folgt: Mischen Sie pro 100 Liter Aquariengr\u00f6\u00dfe 1 Gramm CyanoControl mit dem Wasser aus dem zu behandelnden Aquarium. Verwenden Sie 100 ml Aquarienwasser pro 100 Liter Beckengr\u00f6\u00dfe.<\/p>\n<p>Stellen Sie sicher, dass CyanoControl vollst\u00e4ndig im Wasser aufgel\u00f6st ist und keine Ablagerungen hinterl\u00e4sst. Gie\u00dfen Sie die L\u00f6sung in den Filtersumpfstrom oder direkt in den Wasserfluss des Beckens. Wiederholen Sie die Behandlung t\u00e4glich.<\/p>\n<p><strong>Hinweis:<\/strong> Dieses Produkt enth\u00e4lt keine Antibiotika.<\/p>\n","protected":false},"excerpt":{"rendered":"<p>Cyano Control 150g <span style=\"color: #000000;font-family: Arial, Helvetica, sans-serif;line-height: normal\">removes cyano bacteria fast and reliabley, without containing antibiotics or other harmful additions<\/span><\/p>\n","protected":false},"featured_media":78442,"template":"","meta":[],"pwb-brand":[2217],"product_cat":[1531,1390],"product_tag":[],"class_list":{"0":"post-88059","1":"product","2":"type-product","3":"status-publish","4":"has-post-thumbnail","6":"pwb-brand-qium","7":"product_cat-cyano-kontrolle","8":"product_cat-medikamente","10":"first","11":"instock","12":"taxable","13":"shipping-taxable","14":"purchasable","15":"product-type-simple"},"acf":[],"brands":[{"id":2217,"name":"QIUM","slug":"qium"}],"_links":{"self":[{"href":"https:\/\/www.seaflowerstore.com\/de\/wp-json\/wp\/v2\/product\/88059","targetHints":{"allow":["GET"]}}],"collection":[{"href":"https:\/\/www.seaflowerstore.com\/de\/wp-json\/wp\/v2\/product"}],"about":[{"href":"https:\/\/www.seaflowerstore.com\/de\/wp-json\/wp\/v2\/types\/product"}],"wp:featuredmedia":[{"embeddable":true,"href":"https:\/\/www.seaflowerstore.com\/de\/wp-json\/wp\/v2\/media\/78442"}],"wp:attachment":[{"href":"https:\/\/www.seaflowerstore.com\/de\/wp-json\/wp\/v2\/media?parent=88059"}],"wp:term":[{"taxonomy":"pwb-brand","embeddable":true,"href":"https:\/\/www.seaflowerstore.com\/de\/wp-json\/wp\/v2\/pwb-brand?post=88059"},{"taxonomy":"product_cat","embeddable":true,"href":"https:\/\/www.seaflowerstore.com\/de\/wp-json\/wp\/v2\/product_cat?post=88059"},{"taxonomy":"product_tag","embeddable":true,"href":"https:\/\/www.seaflowerstore.com\/de\/wp-json\/wp\/v2\/product_tag?post=88059"}],"curies":[{"name":"wp","href":"https:\/\/api.w.org\/{rel}","templated":true}]}}