{"id":88060,"date":"2015-09-05T12:54:04","date_gmt":"2015-09-05T10:54:04","guid":{"rendered":"https:\/\/www.seaflowerstore.com\/nl\/polyplab-medic-30ml\/"},"modified":"2024-03-20T16:30:29","modified_gmt":"2024-03-20T15:30:29","slug":"polyplab-medic-30ml","status":"publish","type":"product","link":"https:\/\/www.seaflowerstore.com\/de\/polyplab-medic-30ml\/","title":{"rendered":"Polyplab Medic &#8211; 30ml"},"content":{"rendered":"<h2> Polyplab Medic is used to combat external fish parasites in both marine and freshwater environments <\/h2>\n<p>Polyplab Medic ist eine \u00e4u\u00dferst wirksame Wasseraufbereitungsl\u00f6sung zur Bek\u00e4mpfung \u00e4u\u00dferer Fischparasiten im Meer- und S\u00fc\u00dfwasser. Dieses Produkt enth\u00e4lt ein riffresistentes Oxidationsmittel und ist daher besonders wirksam gegen:<\/p>\n<ul>\n<li>Meeres-Ichthyophthirius &#8211; <em>Crytpocaryon irritans<\/em><\/li>\n<li>S\u00fc\u00dfwasser-Ichthyophthirius &#8211; <em>Ichthyophthirius multifiliis<\/em><\/li>\n<li>Meeres-Samt &#8211; <em>Amyloodinium ocellatum<\/em><\/li>\n<\/ul>\n<p><strong>Eigenschaften:<\/strong><\/p>\n<ul>\n<li>Komplett riffsicher<\/li>\n<li>Gepuffert zur Aufrechterhaltung des pH-Werts<\/li>\n<li>Sicher f\u00fcr nitrifizierende Bakterien<\/li>\n<li>Kann ein Risiko f\u00fcr Wirbellose darstellen<\/li>\n<\/ul>\n<p><strong>So funktioniert Medic:<\/strong><\/p>\n<p>Viele externe Fischparasiten haben \u00e4hnliche Lebenszyklen, die eine \u201egebundene\u201c Phase beinhalten (Trophonten), eine \u201ereife\u201c Phase (Protomonten), eine \u201ereproduktive\u201c Phase (Tomonten) und eine \u201efreischwimmende\u201c Phase (Theronten\/Dinosporen). Leider zielen die meisten Behandlungen nicht effektiv auf das freischwimmende Stadium ab, was die Behandlung dieser Infektionen erschwert.<\/p>\n<p>Forschungen an Flimmerprotozoen haben gezeigt, dass das freischwimmende Stadium dieser Parasiten zu bemerkenswert konstanten Zeiten schl\u00fcpft. Unser Produkt ist speziell darauf ausgelegt, in diesem entscheidenden Stadium am wirksamsten zu sein.<\/p>\n<p>W\u00e4hrend unser Conditioner in erster Linie auf das Trophontenstadium abzielt, unterbricht er auch den Lebenszyklus w\u00e4hrend der freischwimmenden Phase. Daher ist es f\u00fcr Hobbyisten bei der Verwendung von Medic wichtig, w\u00e4hrend dieser kritischen Zeit die h\u00f6chste Konzentration des Medikaments beizubehalten, da die oxidative Komponente besonders wirksam gegen Theronten und Dinosporen ist.<\/p>\n<p><strong>Wirkstoffe:<\/strong> Kristallisierte Peroxidsalze.<\/p>\n<p><strong>Anwendungshinweise:<\/strong><\/p>\n<ul>\n<li>Verabreichen Sie zweimal t\u00e4glich einen L\u00f6ffel Medic pro 190 Liter Systemvolumen.<\/li>\n<li>Verabreichen Sie die erste Dosis morgens (wenn m\u00f6glich vor 10 Uhr).<\/li>\n<li>Verabreichen Sie die zweite Dosis abends (wenn m\u00f6glich nach 22 Uhr).<\/li>\n<li>Setzen Sie die Behandlung volle 10 Tage fort.<\/li>\n<\/ul>\n<p><strong>Hinweis:<\/strong> W\u00e4hrend der Behandlung sollten Ozon und Aktivkohle nicht verwendet werden. Eiwei\u00dfabsch\u00e4umer k\u00f6nnen normal funktionieren und UV-Filter k\u00f6nnen eine Stunde nach Zugabe des Produkts in das Aquarium oder den Filtersumpf verwendet werden.<\/p>\n<p>Es ist wichtig zu beachten, dass die Infektion scheinbar abgeklungen ist, wenn auf den Fischen keine wei\u00dfen Flecken mehr sichtbar sind. Dies ist jedoch nur ein Teil des nat\u00fcrlichen Lebenszyklus des Parasiten. Es ist wichtig, die Dosierung des Produkts w\u00e4hrend der gesamten <strong>10-t\u00e4gigen Kur<\/strong> fortzusetzen, um eine maximale Wirksamkeit zu erzielen.<\/p>\n<p>Verwenden Sie nach Abschluss der Behandlung bitte noch 2 bis 3 Tage lang Aktivkohle.<\/p>\n<p>Lagern Sie das Produkt schlie\u00dflich an einem k\u00fchlen, trockenen Ort ohne direkte Sonneneinstrahlung, um seine Wirksamkeit sicherzustellen.<\/p>\n","protected":false},"excerpt":{"rendered":"<p>Polyplab Medic is used to combat external fish parasites in both marine and freshwater environments<\/p>\n","protected":false},"featured_media":78440,"template":"","meta":[],"pwb-brand":[2223],"product_cat":[1390],"product_tag":[],"class_list":{"0":"post-88060","1":"product","2":"type-product","3":"status-publish","4":"has-post-thumbnail","6":"pwb-brand-polyp-lab","7":"product_cat-medikamente","9":"first","10":"outofstock","11":"taxable","12":"shipping-taxable","13":"purchasable","14":"product-type-simple"},"acf":[],"brands":[{"id":2223,"name":"Polyp Lab","slug":"polyp-lab"}],"_links":{"self":[{"href":"https:\/\/www.seaflowerstore.com\/de\/wp-json\/wp\/v2\/product\/88060","targetHints":{"allow":["GET"]}}],"collection":[{"href":"https:\/\/www.seaflowerstore.com\/de\/wp-json\/wp\/v2\/product"}],"about":[{"href":"https:\/\/www.seaflowerstore.com\/de\/wp-json\/wp\/v2\/types\/product"}],"wp:featuredmedia":[{"embeddable":true,"href":"https:\/\/www.seaflowerstore.com\/de\/wp-json\/wp\/v2\/media\/78440"}],"wp:attachment":[{"href":"https:\/\/www.seaflowerstore.com\/de\/wp-json\/wp\/v2\/media?parent=88060"}],"wp:term":[{"taxonomy":"pwb-brand","embeddable":true,"href":"https:\/\/www.seaflowerstore.com\/de\/wp-json\/wp\/v2\/pwb-brand?post=88060"},{"taxonomy":"product_cat","embeddable":true,"href":"https:\/\/www.seaflowerstore.com\/de\/wp-json\/wp\/v2\/product_cat?post=88060"},{"taxonomy":"product_tag","embeddable":true,"href":"https:\/\/www.seaflowerstore.com\/de\/wp-json\/wp\/v2\/product_tag?post=88060"}],"curies":[{"name":"wp","href":"https:\/\/api.w.org\/{rel}","templated":true}]}}