{"id":88061,"date":"2015-09-05T08:52:12","date_gmt":"2015-09-05T06:52:12","guid":{"rendered":"https:\/\/www.seaflowerstore.com\/nl\/polyplab-polyp-booster-100ml\/"},"modified":"2024-03-20T16:30:27","modified_gmt":"2024-03-20T15:30:27","slug":"polyplab-polyp-booster-100ml","status":"publish","type":"product","link":"https:\/\/www.seaflowerstore.com\/de\/polyplab-polyp-booster-100ml\/","title":{"rendered":"Polyplab Polyp Booster &#8211; 100ml"},"content":{"rendered":"<h2>Polyplab Polyp Booster &#8211; 100ml triggers the feeding response of your corals<\/h2>\n<p><strong>Enth\u00e4lt:<\/strong><\/p>\n<ul>\n<li>18 Aminos\u00e4uren (60 % des Trockengewichts)<\/li>\n<li>12 Fetts\u00e4uren (20 % des Trockengewichts)<\/li>\n<li>Bis zu 120 ppm Astaxanthinpigment aus nat\u00fcrlichen Quellen<\/li>\n<\/ul>\n<p>Polyp Booster kann bei den meisten Aquarienbewohnern, einschlie\u00dflich Korallen, Wirbellosen, Krebstieren und Fischen, in weniger als 30 Sekunden eine Fressreaktion ausl\u00f6sen. Dieses Produkt verbessert die F\u00e4higkeit der Korallen, jede Nahrungsquelle aufzunehmen, sobald die Fressreaktion aktiviert ist.<\/p>\n<p>Polyp Booster ist in einer praktischen 100-ml-Glasflasche mit Pipette verpackt, benutzerfreundlich und eine unverzichtbare Erg\u00e4nzung f\u00fcr jedes n\u00e4hrstoffarme System.<\/p>\n<p>F\u00fcr optimale Ergebnisse wird empfohlen, Polyp Booster zusammen mit unseren bew\u00e4hrten Reef-Roids zu verwenden.<\/p>\n<p>Polyp Booster ist f\u00fcr alle Arten von Meerwasseraquarien sicher. Sobald Ihr Riff die hervorragende Ern\u00e4hrung durch Polyp Booster genie\u00dft, werden Sie mit bemerkenswerter Vitalit\u00e4t und beeindruckendem Wachstum seiner Bewohner belohnt.<\/p>\n<p><strong>POLYP-BOOSTER<\/strong> bietet <strong>hervorragende Ern\u00e4hrung<\/strong>.<\/p>\n<h2>ANWENDUNG:<\/h2>\n<p>Verwenden Sie 1 ml pro 60 Gallonen Aquarienwasser und wenden Sie es 30 bis 60 Sekunden vor der Verwendung von Reef-Roids an.<\/p>\n<p><a href=\"https:\/\/vimeo.com\/81165639\" rel=\"nofollow noopener\" target=\"_blank\">Sehen Sie sich das Video Polyp Labs &#8211; Polyp Booster<\/a> von <a href=\"https:\/\/vimeo.com\/polyplabs\" rel=\"nofollow noopener\" target=\"_blank\">Phil Gilbert<\/a> auf <a href=\"https:\/\/vimeo.com\" rel=\"nofollow noopener\" target=\"_blank\">Vimeo<\/a> an.<\/p>\n","protected":false},"excerpt":{"rendered":"<p>Polyplab Polyp Booster stimulates the nutritional intake of corals<\/p>\n","protected":false},"featured_media":78438,"template":"","meta":[],"pwb-brand":[2223],"product_cat":[1436],"product_tag":[],"class_list":{"0":"post-88061","1":"product","2":"type-product","3":"status-publish","4":"has-post-thumbnail","6":"pwb-brand-polyp-lab","7":"product_cat-korallenfutter","9":"first","10":"outofstock","11":"taxable","12":"shipping-taxable","13":"purchasable","14":"product-type-simple"},"acf":[],"brands":[{"id":2223,"name":"Polyp Lab","slug":"polyp-lab"}],"_links":{"self":[{"href":"https:\/\/www.seaflowerstore.com\/de\/wp-json\/wp\/v2\/product\/88061","targetHints":{"allow":["GET"]}}],"collection":[{"href":"https:\/\/www.seaflowerstore.com\/de\/wp-json\/wp\/v2\/product"}],"about":[{"href":"https:\/\/www.seaflowerstore.com\/de\/wp-json\/wp\/v2\/types\/product"}],"wp:featuredmedia":[{"embeddable":true,"href":"https:\/\/www.seaflowerstore.com\/de\/wp-json\/wp\/v2\/media\/78438"}],"wp:attachment":[{"href":"https:\/\/www.seaflowerstore.com\/de\/wp-json\/wp\/v2\/media?parent=88061"}],"wp:term":[{"taxonomy":"pwb-brand","embeddable":true,"href":"https:\/\/www.seaflowerstore.com\/de\/wp-json\/wp\/v2\/pwb-brand?post=88061"},{"taxonomy":"product_cat","embeddable":true,"href":"https:\/\/www.seaflowerstore.com\/de\/wp-json\/wp\/v2\/product_cat?post=88061"},{"taxonomy":"product_tag","embeddable":true,"href":"https:\/\/www.seaflowerstore.com\/de\/wp-json\/wp\/v2\/product_tag?post=88061"}],"curies":[{"name":"wp","href":"https:\/\/api.w.org\/{rel}","templated":true}]}}