{"id":88069,"date":"2015-08-13T09:36:09","date_gmt":"2015-08-13T07:36:09","guid":{"rendered":"https:\/\/www.seaflowerstore.com\/nl\/real-reef-rock-medium-box-4th-gen-25-28kg\/"},"modified":"2024-03-20T16:30:21","modified_gmt":"2024-03-20T15:30:21","slug":"real-reef-rock-medium-box-4th-gen-25-28kg","status":"publish","type":"product","link":"https:\/\/www.seaflowerstore.com\/de\/real-reef-rock-medium-box-4th-gen-25-28kg\/","title":{"rendered":"Real Reef Rock Medium box 4th gen. 25-28kg"},"content":{"rendered":"<h2><strong>Real Reef Rock Medium box 4th gen. 25-28kg<\/strong><\/h2>\n<p>Wir bieten eine Box mit mittelgro\u00dfen Steinen an, die perfekt f\u00fcr Ihre Bed\u00fcrfnisse geeignet sind. Diese Steine \u200b\u200bsind nicht nur optisch ansprechend, sondern bieten auch eine hervorragende Umgebung f\u00fcr Meereslebewesen.<\/p>\n<p><strong>Hauptmerkmale:<\/strong><\/p>\n<ul>\n<li>Hochwertiges, nat\u00fcrliches Aussehen<\/li>\n<li>Leicht und einfach zu handhaben<\/li>\n<li>F\u00f6rdert gesunde aquatische \u00d6kosysteme<\/li>\n<\/ul>\n<p>Ganz gleich, ob Sie ein neues Aquarium einrichten oder ein bestehendes erweitern, unser Real Reef Rock ist die ideale Wahl. Er hilft dabei, eine atemberaubende Unterwasserlandschaft zu schaffen und unterst\u00fctzt gleichzeitig das Wohlbefinden Ihrer Fische und Korallen.<\/p>\n","protected":false},"excerpt":{"rendered":"<p>Real Reef Rock &#8211; Medium box 4th gen. 25-28kg 1 box withmedium size rocks<\/p>\n","protected":false},"featured_media":83072,"template":"","meta":[],"pwb-brand":[2221],"product_cat":[1386],"product_tag":[],"class_list":{"0":"post-88069","1":"product","2":"type-product","3":"status-publish","4":"has-post-thumbnail","6":"pwb-brand-real-reef","7":"product_cat-steine","9":"first","10":"outofstock","11":"taxable","12":"shipping-taxable","13":"purchasable","14":"product-type-simple"},"acf":[],"brands":[{"id":2221,"name":"Real Reef","slug":"real-reef"}],"_links":{"self":[{"href":"https:\/\/www.seaflowerstore.com\/de\/wp-json\/wp\/v2\/product\/88069","targetHints":{"allow":["GET"]}}],"collection":[{"href":"https:\/\/www.seaflowerstore.com\/de\/wp-json\/wp\/v2\/product"}],"about":[{"href":"https:\/\/www.seaflowerstore.com\/de\/wp-json\/wp\/v2\/types\/product"}],"wp:featuredmedia":[{"embeddable":true,"href":"https:\/\/www.seaflowerstore.com\/de\/wp-json\/wp\/v2\/media\/83072"}],"wp:attachment":[{"href":"https:\/\/www.seaflowerstore.com\/de\/wp-json\/wp\/v2\/media?parent=88069"}],"wp:term":[{"taxonomy":"pwb-brand","embeddable":true,"href":"https:\/\/www.seaflowerstore.com\/de\/wp-json\/wp\/v2\/pwb-brand?post=88069"},{"taxonomy":"product_cat","embeddable":true,"href":"https:\/\/www.seaflowerstore.com\/de\/wp-json\/wp\/v2\/product_cat?post=88069"},{"taxonomy":"product_tag","embeddable":true,"href":"https:\/\/www.seaflowerstore.com\/de\/wp-json\/wp\/v2\/product_tag?post=88069"}],"curies":[{"name":"wp","href":"https:\/\/api.w.org\/{rel}","templated":true}]}}