{"id":88070,"date":"2015-08-10T14:18:19","date_gmt":"2015-08-10T12:18:19","guid":{"rendered":"https:\/\/www.seaflowerstore.com\/nl\/spongepower-250ml-kz\/"},"modified":"2024-03-20T16:30:17","modified_gmt":"2024-03-20T15:30:17","slug":"spongepower-250ml-kz","status":"publish","type":"product","link":"https:\/\/www.seaflowerstore.com\/de\/spongepower-250ml-kz\/","title":{"rendered":"Spongepower &#8211; 250ml (KZ)"},"content":{"rendered":"<h2>KorallenZucht SpongePower 250ml is a special food for sponges, tridacnas and sea squirt<\/h2>\n<p><strong>KorallenZucht SpongePower 250ml<\/strong> wurde entwickelt, um das Wachstum von Schw\u00e4mmen, Tridacnas und Seescheiden zu f\u00f6rdern, ihre F\u00e4higkeit, Wasser zu reinigen, deutlich zu verbessern und so die allgemeine Wasserqualit\u00e4t zu steigern. Sie werden feststellen, dass SPS-Korallen l\u00e4ngere und kr\u00e4ftigere Spitzen entwickeln, wobei der violette Farbton besonders ausgepr\u00e4gt wird.<\/p>\n<p>Auch die Erholung besch\u00e4digter Korallen wird durch dieses Produkt erheblich unterst\u00fctzt.<\/p>\n<p><strong>Dosierungsanleitung:<\/strong><\/p>\n<ul>\n<li>1 Tropfen pro 25 Gallonen<\/li>\n<li>1 ml pro 500 Gallonen t\u00e4glich<\/li>\n<\/ul>\n","protected":false},"excerpt":{"rendered":"<p>KorallenZucht Sponge power 250ml is a special food for sponges, tridacnas and sea squirt<\/p>\n","protected":false},"featured_media":78423,"template":"","meta":[],"pwb-brand":[2159],"product_cat":[1391],"product_tag":[],"class_list":{"0":"post-88070","1":"product","2":"type-product","3":"status-publish","4":"has-post-thumbnail","6":"pwb-brand-korallen-zucht","7":"product_cat-ergaenzungen","9":"first","10":"instock","11":"sale","12":"taxable","13":"shipping-taxable","14":"purchasable","15":"product-type-simple"},"acf":[],"brands":[{"id":2159,"name":"Korallen Zucht","slug":"korallen-zucht"}],"_links":{"self":[{"href":"https:\/\/www.seaflowerstore.com\/de\/wp-json\/wp\/v2\/product\/88070","targetHints":{"allow":["GET"]}}],"collection":[{"href":"https:\/\/www.seaflowerstore.com\/de\/wp-json\/wp\/v2\/product"}],"about":[{"href":"https:\/\/www.seaflowerstore.com\/de\/wp-json\/wp\/v2\/types\/product"}],"wp:featuredmedia":[{"embeddable":true,"href":"https:\/\/www.seaflowerstore.com\/de\/wp-json\/wp\/v2\/media\/78423"}],"wp:attachment":[{"href":"https:\/\/www.seaflowerstore.com\/de\/wp-json\/wp\/v2\/media?parent=88070"}],"wp:term":[{"taxonomy":"pwb-brand","embeddable":true,"href":"https:\/\/www.seaflowerstore.com\/de\/wp-json\/wp\/v2\/pwb-brand?post=88070"},{"taxonomy":"product_cat","embeddable":true,"href":"https:\/\/www.seaflowerstore.com\/de\/wp-json\/wp\/v2\/product_cat?post=88070"},{"taxonomy":"product_tag","embeddable":true,"href":"https:\/\/www.seaflowerstore.com\/de\/wp-json\/wp\/v2\/product_tag?post=88070"}],"curies":[{"name":"wp","href":"https:\/\/api.w.org\/{rel}","templated":true}]}}