{"id":88072,"date":"2015-08-10T14:15:40","date_gmt":"2015-08-10T12:15:40","guid":{"rendered":"https:\/\/www.seaflowerstore.com\/nl\/zeostart-3-10-ml-kz\/"},"modified":"2024-03-20T16:30:15","modified_gmt":"2024-03-20T15:30:15","slug":"zeostart-3-10-ml-kz","status":"publish","type":"product","link":"https:\/\/www.seaflowerstore.com\/de\/zeostart-3-10-ml-kz\/","title":{"rendered":"ZEOstart 3 &#8211; 10 ml (KZ)"},"content":{"rendered":"<h2>Korallen Zucht ZEOstart 3 &#8211; 10 ml promotes the reproduction of all nitrifying bacteria in the aquarium<\/h2>\n<p><strong>Dieses Produkt unterst\u00fctzt das Wachstum aller nitrifizierenden Bakterien in Ihrem Aquarium und reduziert so hochwirksam Phosphat, Nitrat, Nitrit und verschiedene Inhibitoren.<\/strong> Der Absch\u00e4umer kann bis zu 100 % mehr konzentriertes Adsorbent entfernen. Dadurch verschwinden bakterienabh\u00e4ngige Schleimalgen schnell und helfen, ein gesundes biologisches Gleichgewicht wiederherzustellen.<\/p>\n<p><strong>Wenn Sie ein neues Aquarium einrichten, verk\u00fcrzt dieses Produkt die Anfangsphase erheblich auf nur etwa 14 Tage.<\/strong> Es ist jedoch nicht nur auf die Anfangsphase beschr\u00e4nkt; es sollte allen Aquarien t\u00e4glich zugegeben werden. Sie werden verst\u00e4rkte metallische Farben bei Acropora, Montipora, Poccilopora und Stylophora bemerken. Dar\u00fcber hinaus wachsen Weichkorallen schneller und \u00f6ffnen ihre Polypen weiter.<\/p>\n<p>Bei der Anwendung bitte direkt ins Wasser dosieren. Es ist wichtig, eine Dosierung von 2 ml pro 250 Gallonen (1000 L) t\u00e4glich nicht zu \u00fcberschreiten, da dieses Produkt hochkonzentriert ist.<\/p>\n<p><strong>Eine \u00dcberdosierung kann f\u00fcr alle Fische sch\u00e4dlich sein!<\/strong><\/p>\n","protected":false},"excerpt":{"rendered":"<p>Korallen Zucht ZEOstart 3 &#8211; 10 ml promotes the reproduction of all nitrifying bacteria in the aquarium<\/p>\n","protected":false},"featured_media":78420,"template":"","meta":[],"pwb-brand":[2159],"product_cat":[1391],"product_tag":[],"class_list":{"0":"post-88072","1":"product","2":"type-product","3":"status-publish","4":"has-post-thumbnail","6":"pwb-brand-korallen-zucht","7":"product_cat-ergaenzungen","9":"first","10":"instock","11":"taxable","12":"shipping-taxable","13":"purchasable","14":"product-type-simple"},"acf":[],"brands":[{"id":2159,"name":"Korallen Zucht","slug":"korallen-zucht"}],"_links":{"self":[{"href":"https:\/\/www.seaflowerstore.com\/de\/wp-json\/wp\/v2\/product\/88072","targetHints":{"allow":["GET"]}}],"collection":[{"href":"https:\/\/www.seaflowerstore.com\/de\/wp-json\/wp\/v2\/product"}],"about":[{"href":"https:\/\/www.seaflowerstore.com\/de\/wp-json\/wp\/v2\/types\/product"}],"wp:featuredmedia":[{"embeddable":true,"href":"https:\/\/www.seaflowerstore.com\/de\/wp-json\/wp\/v2\/media\/78420"}],"wp:attachment":[{"href":"https:\/\/www.seaflowerstore.com\/de\/wp-json\/wp\/v2\/media?parent=88072"}],"wp:term":[{"taxonomy":"pwb-brand","embeddable":true,"href":"https:\/\/www.seaflowerstore.com\/de\/wp-json\/wp\/v2\/pwb-brand?post=88072"},{"taxonomy":"product_cat","embeddable":true,"href":"https:\/\/www.seaflowerstore.com\/de\/wp-json\/wp\/v2\/product_cat?post=88072"},{"taxonomy":"product_tag","embeddable":true,"href":"https:\/\/www.seaflowerstore.com\/de\/wp-json\/wp\/v2\/product_tag?post=88072"}],"curies":[{"name":"wp","href":"https:\/\/api.w.org\/{rel}","templated":true}]}}