{"id":88073,"date":"2015-08-10T14:14:13","date_gmt":"2015-08-10T14:14:13","guid":{"rendered":"https:\/\/www.seaflowerstore.com\/nl\/coral-vitalizer-10-ml-kz\/"},"modified":"2024-03-20T16:30:14","modified_gmt":"2024-03-20T15:30:14","slug":"coral-vitalizer-10-ml-kz","status":"publish","type":"product","link":"https:\/\/www.seaflowerstore.com\/de\/coral-vitalizer-10-ml-kz\/","title":{"rendered":"Coral Vitalizer &#8211; 10 ml (KZ)"},"content":{"rendered":"<h2>Korallen Zucht Pohls Coral Vitalizer 10 ml Coralfood Concentrate contains both liquid and solid elements<\/h2>\n<p>Das neue Coralfood-Konzentrat enth\u00e4lt sowohl fl\u00fcssige als auch feste Bestandteile und liefert SPS-Korallen und verschiedenen Arten von Weichkorallen wichtige N\u00e4hrstoffe. Es ist wichtig zu beachten, dass dieses Produkt die PO4- oder NO3-Werte nicht erh\u00f6ht.<\/p>\n<p>Sie k\u00f6nnen mit den ersten Ergebnissen innerhalb von 7 bis 10 Tagen rechnen. W\u00e4hrend sich Ihre Korallen an die F\u00fctterung gew\u00f6hnen, werden Sie wahrscheinlich eine verst\u00e4rkte Polypenausdehnung beobachten. Beispielsweise k\u00f6nnen sich Acropora-Korallen sogar w\u00e4hrend der Lichtperiode vollst\u00e4ndig ausdehnen.<\/p>\n<p>Dar\u00fcber hinaus behalten Ihre Korallen ihre leuchtenden, nat\u00fcrlichen Farben, w\u00e4hrend sie verst\u00e4rkt wachsen.<\/p>\n<p>Wir empfehlen eine <strong>Dosierung<\/strong> von 1 bis 3 Tropfen pro 100 Liter (oder 25 Gallonen) pro Tag, abh\u00e4ngig von den Tieren in Ihrem Aquarium.<\/p>\n","protected":false},"excerpt":{"rendered":"<p>Korallen Zucht Pohl&#8217;s Coral Vitalizer 10 ml Coralfood Concentrate contains both liquid and solid elements<\/p>\n","protected":false},"featured_media":78419,"template":"","meta":[],"pwb-brand":[2159],"product_cat":[1391,1436],"product_tag":[],"class_list":{"0":"post-88073","1":"product","2":"type-product","3":"status-publish","4":"has-post-thumbnail","6":"pwb-brand-korallen-zucht","7":"product_cat-ergaenzungen","8":"product_cat-korallenfutter","10":"first","11":"instock","12":"taxable","13":"shipping-taxable","14":"purchasable","15":"product-type-simple"},"acf":[],"brands":[{"id":2159,"name":"Korallen Zucht","slug":"korallen-zucht"}],"_links":{"self":[{"href":"https:\/\/www.seaflowerstore.com\/de\/wp-json\/wp\/v2\/product\/88073","targetHints":{"allow":["GET"]}}],"collection":[{"href":"https:\/\/www.seaflowerstore.com\/de\/wp-json\/wp\/v2\/product"}],"about":[{"href":"https:\/\/www.seaflowerstore.com\/de\/wp-json\/wp\/v2\/types\/product"}],"wp:featuredmedia":[{"embeddable":true,"href":"https:\/\/www.seaflowerstore.com\/de\/wp-json\/wp\/v2\/media\/78419"}],"wp:attachment":[{"href":"https:\/\/www.seaflowerstore.com\/de\/wp-json\/wp\/v2\/media?parent=88073"}],"wp:term":[{"taxonomy":"pwb-brand","embeddable":true,"href":"https:\/\/www.seaflowerstore.com\/de\/wp-json\/wp\/v2\/pwb-brand?post=88073"},{"taxonomy":"product_cat","embeddable":true,"href":"https:\/\/www.seaflowerstore.com\/de\/wp-json\/wp\/v2\/product_cat?post=88073"},{"taxonomy":"product_tag","embeddable":true,"href":"https:\/\/www.seaflowerstore.com\/de\/wp-json\/wp\/v2\/product_tag?post=88073"}],"curies":[{"name":"wp","href":"https:\/\/api.w.org\/{rel}","templated":true}]}}