{"id":88087,"date":"2015-07-28T18:43:32","date_gmt":"2015-07-28T16:43:32","guid":{"rendered":"https:\/\/www.seaflowerstore.com\/nl\/250-us-test-fluid-aqua-medic\/"},"modified":"2024-03-20T16:29:51","modified_gmt":"2024-03-20T15:29:51","slug":"250-us-test-fluid-aqua-medic","status":"publish","type":"product","link":"https:\/\/www.seaflowerstore.com\/de\/250-us-test-fluid-aqua-medic\/","title":{"rendered":"250 uS test fluid (Aqua Medic)"},"content":{"rendered":"<h2>250 uS test fluid (Aqua Medic)<\/h2>\n<p><strong>250-\u00b5S-Testfl\u00fcssigkeit (Aqua Medic)<\/strong><\/p>\n<p>Diese Fl\u00fcssigkeit wurde speziell zum Testen und Kalibrieren Ihrer Ger\u00e4te entwickelt. Sie stellt sicher, dass Ihre Messungen genau und zuverl\u00e4ssig sind.<\/p>\n<p>Hier sind einige wichtige Punkte zur 250-\u00b5S-Testfl\u00fcssigkeit:<\/p>\n<ul>\n<li><strong>Hohe Qualit\u00e4t:<\/strong> Die Fl\u00fcssigkeit wird nach den h\u00f6chsten Standards hergestellt.<\/li>\n<li><strong>Einfache Verwendung:<\/strong> Folgen Sie einfach den Anweisungen f\u00fcr Ihr Ger\u00e4t.<\/li>\n<li><strong>Zuverl\u00e4ssige Ergebnisse:<\/strong> Sie liefert jedes Mal konsistente Messwerte.<\/li>\n<\/ul>\n<p>Wenn Sie Fragen zur Verwendung der Testfl\u00fcssigkeit haben oder weitere Hilfe ben\u00f6tigen, z\u00f6gern Sie nicht, uns zu kontaktieren. Wir sind hier, um Ihnen zu helfen, die besten Ergebnisse mit Ihrer Ausr\u00fcstung zu erzielen!<\/p>\n","protected":false},"excerpt":{"rendered":"<p>.<\/p>\n","protected":false},"featured_media":78386,"template":"","meta":[],"pwb-brand":[2149],"product_cat":[1421,1537,1400,741],"product_tag":[],"class_list":{"0":"post-88087","1":"product","2":"type-product","3":"status-publish","4":"has-post-thumbnail","6":"pwb-brand-aqua-medic","7":"product_cat-aqua-medic-de","8":"product_cat-aquarientechnik","9":"product_cat-tester","10":"product_cat-brands","12":"first","13":"instock","14":"taxable","15":"shipping-taxable","16":"purchasable","17":"product-type-simple"},"acf":[],"brands":[{"id":2149,"name":"Aqua Medic","slug":"aqua-medic"}],"_links":{"self":[{"href":"https:\/\/www.seaflowerstore.com\/de\/wp-json\/wp\/v2\/product\/88087","targetHints":{"allow":["GET"]}}],"collection":[{"href":"https:\/\/www.seaflowerstore.com\/de\/wp-json\/wp\/v2\/product"}],"about":[{"href":"https:\/\/www.seaflowerstore.com\/de\/wp-json\/wp\/v2\/types\/product"}],"wp:featuredmedia":[{"embeddable":true,"href":"https:\/\/www.seaflowerstore.com\/de\/wp-json\/wp\/v2\/media\/78386"}],"wp:attachment":[{"href":"https:\/\/www.seaflowerstore.com\/de\/wp-json\/wp\/v2\/media?parent=88087"}],"wp:term":[{"taxonomy":"pwb-brand","embeddable":true,"href":"https:\/\/www.seaflowerstore.com\/de\/wp-json\/wp\/v2\/pwb-brand?post=88087"},{"taxonomy":"product_cat","embeddable":true,"href":"https:\/\/www.seaflowerstore.com\/de\/wp-json\/wp\/v2\/product_cat?post=88087"},{"taxonomy":"product_tag","embeddable":true,"href":"https:\/\/www.seaflowerstore.com\/de\/wp-json\/wp\/v2\/product_tag?post=88087"}],"curies":[{"name":"wp","href":"https:\/\/api.w.org\/{rel}","templated":true}]}}