{"id":88088,"date":"2015-07-28T18:42:52","date_gmt":"2015-07-28T16:42:52","guid":{"rendered":"https:\/\/www.seaflowerstore.com\/nl\/230-mv-test-fluid-aqua-medic\/"},"modified":"2024-03-20T16:29:49","modified_gmt":"2024-03-20T15:29:49","slug":"230-mv-test-fluid-aqua-medic","status":"publish","type":"product","link":"https:\/\/www.seaflowerstore.com\/de\/230-mv-test-fluid-aqua-medic\/","title":{"rendered":"230 mV test fluid (Aqua Medic)"},"content":{"rendered":"<h2>230 mV test fluid (Aqua Medic)<\/h2>\n<p><strong>230 mV Testfl\u00fcssigkeit (Aqua Medic)<\/strong> ist eine wesentliche Komponente f\u00fcr alle, die eine optimale Leistung ihrer Systeme sicherstellen m\u00f6chten. Diese Testfl\u00fcssigkeit wurde entwickelt, um genaue Messwerte und zuverl\u00e4ssige Ergebnisse zu liefern.<\/p>\n<p>Die Verwendung dieser Fl\u00fcssigkeit kann bei verschiedenen Anwendungen hilfreich sein, beispielsweise:<\/p>\n<ul>\n<li>Testen der Ger\u00e4teleistung<\/li>\n<li>Aufrechterhaltung der Systemleistung<\/li>\n<li>Verbesserung der Gesamtfunktionalit\u00e4t<\/li>\n<\/ul>\n<p>Wenn Sie sich f\u00fcr Aqua Medic entscheiden, investieren Sie in Qualit\u00e4t und Pr\u00e4zision. Es ist immer eine gute Idee, die richtigen Werkzeuge f\u00fcr die Arbeit zu haben, und diese Testfl\u00fcssigkeit ist eines davon.<\/p>\n<p>Kontaktieren Sie uns gerne, wenn Sie Fragen haben oder weitere Informationen ben\u00f6tigen. Wir sind hier, um Ihnen zu helfen! <\/p>\n","protected":false},"excerpt":{"rendered":"<p>.<\/p>\n","protected":false},"featured_media":78384,"template":"","meta":[],"pwb-brand":[2149],"product_cat":[1421,1537,1500,1400,741],"product_tag":[],"class_list":{"0":"post-88088","1":"product","2":"type-product","3":"status-publish","4":"has-post-thumbnail","6":"pwb-brand-aqua-medic","7":"product_cat-aqua-medic-de","8":"product_cat-aquarientechnik","9":"product_cat-referenzfluessigkeiten","10":"product_cat-tester","11":"product_cat-brands","13":"first","14":"instock","15":"taxable","16":"shipping-taxable","17":"purchasable","18":"product-type-simple"},"acf":[],"brands":[{"id":2149,"name":"Aqua Medic","slug":"aqua-medic"}],"_links":{"self":[{"href":"https:\/\/www.seaflowerstore.com\/de\/wp-json\/wp\/v2\/product\/88088","targetHints":{"allow":["GET"]}}],"collection":[{"href":"https:\/\/www.seaflowerstore.com\/de\/wp-json\/wp\/v2\/product"}],"about":[{"href":"https:\/\/www.seaflowerstore.com\/de\/wp-json\/wp\/v2\/types\/product"}],"wp:featuredmedia":[{"embeddable":true,"href":"https:\/\/www.seaflowerstore.com\/de\/wp-json\/wp\/v2\/media\/78384"}],"wp:attachment":[{"href":"https:\/\/www.seaflowerstore.com\/de\/wp-json\/wp\/v2\/media?parent=88088"}],"wp:term":[{"taxonomy":"pwb-brand","embeddable":true,"href":"https:\/\/www.seaflowerstore.com\/de\/wp-json\/wp\/v2\/pwb-brand?post=88088"},{"taxonomy":"product_cat","embeddable":true,"href":"https:\/\/www.seaflowerstore.com\/de\/wp-json\/wp\/v2\/product_cat?post=88088"},{"taxonomy":"product_tag","embeddable":true,"href":"https:\/\/www.seaflowerstore.com\/de\/wp-json\/wp\/v2\/product_tag?post=88088"}],"curies":[{"name":"wp","href":"https:\/\/api.w.org\/{rel}","templated":true}]}}