{"id":88089,"date":"2015-07-28T18:41:01","date_gmt":"2015-07-28T16:41:01","guid":{"rendered":"https:\/\/www.seaflowerstore.com\/nl\/ph-9-test-fluid-aqua-medic\/"},"modified":"2024-03-20T16:29:48","modified_gmt":"2024-03-20T15:29:48","slug":"ph-9-test-fluid-aqua-medic","status":"publish","type":"product","link":"https:\/\/www.seaflowerstore.com\/de\/ph-9-test-fluid-aqua-medic\/","title":{"rendered":"pH 9 test fluid (Aqua Medic)"},"content":{"rendered":"<h2>pH 9 test fluid (Aqua Medic)<\/h2>\n<p><strong>pH 9-Testfl\u00fcssigkeit (Aqua Medic)<\/strong> wurde entwickelt, um genaue Messungen f\u00fcr Ihre Testanforderungen zu liefern. Diese Fl\u00fcssigkeit ist wichtig, um sicherzustellen, dass Ihre pH-Werte korrekt sind.<\/p>\n<p>Die Verwendung dieser Testfl\u00fcssigkeit ist unkompliziert. Hier sind einige wichtige Punkte, die Sie beachten sollten:<\/p>\n<ul>\n<li><strong>Qualit\u00e4tssicherung:<\/strong> Die Fl\u00fcssigkeit wurde sorgf\u00e4ltig formuliert, um ihren pH-Wert beizubehalten.<\/li>\n<li><strong>Einfach zu verwenden:<\/strong> Befolgen Sie einfach die Anweisungen f\u00fcr genaue Ergebnisse.<\/li>\n<li><strong>Zuverl\u00e4ssige Ergebnisse:<\/strong> Vertrauen Sie auf eine gleichbleibende Leistung bei Ihren Tests.<\/li>\n<\/ul>\n<p>Mit der <strong>pH 9-Testfl\u00fcssigkeit<\/strong> k\u00f6nnen Sie sich auf die Genauigkeit Ihres pH-Testprozesses verlassen. Sie ist eine zuverl\u00e4ssige Wahl f\u00fcr Profis und Hobbyisten gleicherma\u00dfen.<\/p>\n","protected":false},"excerpt":{"rendered":"<p>.<\/p>\n","protected":false},"featured_media":78382,"template":"","meta":[],"pwb-brand":[2149],"product_cat":[1421,1537,1500,1400,741],"product_tag":[],"class_list":{"0":"post-88089","1":"product","2":"type-product","3":"status-publish","4":"has-post-thumbnail","6":"pwb-brand-aqua-medic","7":"product_cat-aqua-medic-de","8":"product_cat-aquarientechnik","9":"product_cat-referenzfluessigkeiten","10":"product_cat-tester","11":"product_cat-brands","13":"first","14":"instock","15":"taxable","16":"shipping-taxable","17":"purchasable","18":"product-type-simple"},"acf":[],"brands":[{"id":2149,"name":"Aqua Medic","slug":"aqua-medic"}],"_links":{"self":[{"href":"https:\/\/www.seaflowerstore.com\/de\/wp-json\/wp\/v2\/product\/88089","targetHints":{"allow":["GET"]}}],"collection":[{"href":"https:\/\/www.seaflowerstore.com\/de\/wp-json\/wp\/v2\/product"}],"about":[{"href":"https:\/\/www.seaflowerstore.com\/de\/wp-json\/wp\/v2\/types\/product"}],"wp:featuredmedia":[{"embeddable":true,"href":"https:\/\/www.seaflowerstore.com\/de\/wp-json\/wp\/v2\/media\/78382"}],"wp:attachment":[{"href":"https:\/\/www.seaflowerstore.com\/de\/wp-json\/wp\/v2\/media?parent=88089"}],"wp:term":[{"taxonomy":"pwb-brand","embeddable":true,"href":"https:\/\/www.seaflowerstore.com\/de\/wp-json\/wp\/v2\/pwb-brand?post=88089"},{"taxonomy":"product_cat","embeddable":true,"href":"https:\/\/www.seaflowerstore.com\/de\/wp-json\/wp\/v2\/product_cat?post=88089"},{"taxonomy":"product_tag","embeddable":true,"href":"https:\/\/www.seaflowerstore.com\/de\/wp-json\/wp\/v2\/product_tag?post=88089"}],"curies":[{"name":"wp","href":"https:\/\/api.w.org\/{rel}","templated":true}]}}