{"id":88090,"date":"2015-07-28T18:40:28","date_gmt":"2015-07-28T16:40:28","guid":{"rendered":"https:\/\/www.seaflowerstore.com\/nl\/ph-7-test-fluid-aqua-medic\/"},"modified":"2024-03-20T16:29:44","modified_gmt":"2024-03-20T15:29:44","slug":"ph-7-test-fluid-aqua-medic","status":"publish","type":"product","link":"https:\/\/www.seaflowerstore.com\/de\/ph-7-test-fluid-aqua-medic\/","title":{"rendered":"pH 7 test fluid (Aqua Medic)"},"content":{"rendered":"<h2>Aqua Medic pH 7 test fluid 60ml<\/h2>\n<p>Die Genauigkeit aller Elektroden h\u00e4ngt von einer korrekten Kalibrierung ab. Um genaue Messwerte zu erhalten, m\u00fcssen alle Elektroden in regelm\u00e4\u00dfigen Abst\u00e4nden kalibriert werden. Dar\u00fcber hinaus ist es wichtig, diese Fl\u00fcssigkeiten regelm\u00e4\u00dfig auszutauschen, um konsistente Fl\u00fcssigkeitswerte f\u00fcr die Kalibrierung beizubehalten.<\/p>\n","protected":false},"excerpt":{"rendered":"<p>60ml AquaMedic pH 7 test fluid for a pH-probe<\/p>\n","protected":false},"featured_media":78380,"template":"","meta":[],"pwb-brand":[2149],"product_cat":[1500,1421,1399],"product_tag":[],"class_list":{"0":"post-88090","1":"product","2":"type-product","3":"status-publish","4":"has-post-thumbnail","6":"pwb-brand-aqua-medic","7":"product_cat-referenzfluessigkeiten","8":"product_cat-aqua-medic-de","9":"product_cat-referenz-fluessigkeiten","11":"first","12":"instock","13":"taxable","14":"shipping-taxable","15":"purchasable","16":"product-type-simple"},"acf":[],"brands":[{"id":2149,"name":"Aqua Medic","slug":"aqua-medic"}],"_links":{"self":[{"href":"https:\/\/www.seaflowerstore.com\/de\/wp-json\/wp\/v2\/product\/88090","targetHints":{"allow":["GET"]}}],"collection":[{"href":"https:\/\/www.seaflowerstore.com\/de\/wp-json\/wp\/v2\/product"}],"about":[{"href":"https:\/\/www.seaflowerstore.com\/de\/wp-json\/wp\/v2\/types\/product"}],"wp:featuredmedia":[{"embeddable":true,"href":"https:\/\/www.seaflowerstore.com\/de\/wp-json\/wp\/v2\/media\/78380"}],"wp:attachment":[{"href":"https:\/\/www.seaflowerstore.com\/de\/wp-json\/wp\/v2\/media?parent=88090"}],"wp:term":[{"taxonomy":"pwb-brand","embeddable":true,"href":"https:\/\/www.seaflowerstore.com\/de\/wp-json\/wp\/v2\/pwb-brand?post=88090"},{"taxonomy":"product_cat","embeddable":true,"href":"https:\/\/www.seaflowerstore.com\/de\/wp-json\/wp\/v2\/product_cat?post=88090"},{"taxonomy":"product_tag","embeddable":true,"href":"https:\/\/www.seaflowerstore.com\/de\/wp-json\/wp\/v2\/product_tag?post=88090"}],"curies":[{"name":"wp","href":"https:\/\/api.w.org\/{rel}","templated":true}]}}