{"id":88091,"date":"2015-07-28T18:39:04","date_gmt":"2015-07-28T16:39:04","guid":{"rendered":"https:\/\/www.seaflowerstore.com\/nl\/ph-4-test-fluid-aqua-medic\/"},"modified":"2024-03-20T16:29:42","modified_gmt":"2024-03-20T15:29:42","slug":"ph-4-test-fluid-aqua-medic","status":"publish","type":"product","link":"https:\/\/www.seaflowerstore.com\/de\/ph-4-test-fluid-aqua-medic\/","title":{"rendered":"pH 4 test fluid (Aqua Medic)"},"content":{"rendered":"<h2>Aqua Medic pH 4 test fluid 60ml<\/h2>\n<p>Die Pr\u00e4zision aller Elektroden h\u00e4ngt von einer korrekten Kalibrierung ab. Um genaue Messwerte zu erhalten, ist es wichtig, alle Elektroden in regelm\u00e4\u00dfigen Abst\u00e4nden zu kalibrieren. Um die Konsistenz der zur Kalibrierung verwendeten Fl\u00fcssigkeitswerte aufrechtzuerhalten, ist es au\u00dferdem wichtig, diese Fl\u00fcssigkeiten regelm\u00e4\u00dfig auszutauschen.<\/p>\n","protected":false},"excerpt":{"rendered":"<p>60ml AquaMedic pH 4 test fluid for a pH-probe<\/p>\n","protected":false},"featured_media":78378,"template":"","meta":[],"pwb-brand":[2149],"product_cat":[1399,1421,1500],"product_tag":[],"class_list":{"0":"post-88091","1":"product","2":"type-product","3":"status-publish","4":"has-post-thumbnail","6":"pwb-brand-aqua-medic","7":"product_cat-referenz-fluessigkeiten","8":"product_cat-aqua-medic-de","9":"product_cat-referenzfluessigkeiten","11":"first","12":"instock","13":"taxable","14":"shipping-taxable","15":"purchasable","16":"product-type-simple"},"acf":[],"brands":[{"id":2149,"name":"Aqua Medic","slug":"aqua-medic"}],"_links":{"self":[{"href":"https:\/\/www.seaflowerstore.com\/de\/wp-json\/wp\/v2\/product\/88091","targetHints":{"allow":["GET"]}}],"collection":[{"href":"https:\/\/www.seaflowerstore.com\/de\/wp-json\/wp\/v2\/product"}],"about":[{"href":"https:\/\/www.seaflowerstore.com\/de\/wp-json\/wp\/v2\/types\/product"}],"wp:featuredmedia":[{"embeddable":true,"href":"https:\/\/www.seaflowerstore.com\/de\/wp-json\/wp\/v2\/media\/78378"}],"wp:attachment":[{"href":"https:\/\/www.seaflowerstore.com\/de\/wp-json\/wp\/v2\/media?parent=88091"}],"wp:term":[{"taxonomy":"pwb-brand","embeddable":true,"href":"https:\/\/www.seaflowerstore.com\/de\/wp-json\/wp\/v2\/pwb-brand?post=88091"},{"taxonomy":"product_cat","embeddable":true,"href":"https:\/\/www.seaflowerstore.com\/de\/wp-json\/wp\/v2\/product_cat?post=88091"},{"taxonomy":"product_tag","embeddable":true,"href":"https:\/\/www.seaflowerstore.com\/de\/wp-json\/wp\/v2\/product_tag?post=88091"}],"curies":[{"name":"wp","href":"https:\/\/api.w.org\/{rel}","templated":true}]}}