{"id":88093,"date":"2015-07-21T10:11:38","date_gmt":"2015-07-21T10:11:38","guid":{"rendered":"https:\/\/www.seaflowerstore.com\/nl\/flipper-cleaner-nano-rvs-spare-blade-2x\/"},"modified":"2024-03-20T16:29:38","modified_gmt":"2024-03-20T15:29:38","slug":"flipper-cleaner-nano-rvs-spare-blade-2x","status":"publish","type":"product","link":"https:\/\/www.seaflowerstore.com\/de\/flipper-cleaner-nano-rvs-spare-blade-2x\/","title":{"rendered":"Flipper Cleaner Nano RVS spare blade (2x)"},"content":{"rendered":"<h2>Flipper Cleaner Nano RVS spare blade (2x)<\/h2>\n<p>F\u00fcr den Flipper Cleaner Nano haben wir 2 Ersatzklingen aus Edelstahl im Angebot. Diese Klingen sind perfekt, um sicherzustellen, dass Ihre Reinigungsaufgaben effizient und effektiv erledigt werden.<\/p>\n<p><strong>Warum sollten Sie sich f\u00fcr diese Ersatzklingen entscheiden?<\/strong><\/p>\n<ul>\n<li>Langlebige Edelstahlkonstruktion<\/li>\n<li>Speziell f\u00fcr den Flipper Cleaner Nano entwickelt<\/li>\n<li>Einfach auszutauschen und zu verwenden<\/li>\n<\/ul>\n<p>Halten Sie Ihren Flipper Cleaner Nano mit diesen zuverl\u00e4ssigen Ersatzklingen in Topform. Sie sind eine gro\u00dfartige Erg\u00e4nzung f\u00fcr Ihr Reinigungswerkzeugset!<\/p>\n","protected":false},"excerpt":{"rendered":"<p>2 Stainless Steel Spare Blades for the Flipper cleaner Nano<\/p>\n","protected":false},"featured_media":84270,"template":"","meta":[],"pwb-brand":[2247],"product_cat":[1428],"product_tag":[],"class_list":{"0":"post-88093","1":"product","2":"type-product","3":"status-publish","4":"has-post-thumbnail","6":"pwb-brand-flipper","7":"product_cat-algenmagnet","9":"first","10":"instock","11":"taxable","12":"shipping-taxable","13":"purchasable","14":"product-type-simple"},"acf":[],"brands":[{"id":2247,"name":"Flipper","slug":"flipper"}],"_links":{"self":[{"href":"https:\/\/www.seaflowerstore.com\/de\/wp-json\/wp\/v2\/product\/88093","targetHints":{"allow":["GET"]}}],"collection":[{"href":"https:\/\/www.seaflowerstore.com\/de\/wp-json\/wp\/v2\/product"}],"about":[{"href":"https:\/\/www.seaflowerstore.com\/de\/wp-json\/wp\/v2\/types\/product"}],"wp:featuredmedia":[{"embeddable":true,"href":"https:\/\/www.seaflowerstore.com\/de\/wp-json\/wp\/v2\/media\/84270"}],"wp:attachment":[{"href":"https:\/\/www.seaflowerstore.com\/de\/wp-json\/wp\/v2\/media?parent=88093"}],"wp:term":[{"taxonomy":"pwb-brand","embeddable":true,"href":"https:\/\/www.seaflowerstore.com\/de\/wp-json\/wp\/v2\/pwb-brand?post=88093"},{"taxonomy":"product_cat","embeddable":true,"href":"https:\/\/www.seaflowerstore.com\/de\/wp-json\/wp\/v2\/product_cat?post=88093"},{"taxonomy":"product_tag","embeddable":true,"href":"https:\/\/www.seaflowerstore.com\/de\/wp-json\/wp\/v2\/product_tag?post=88093"}],"curies":[{"name":"wp","href":"https:\/\/api.w.org\/{rel}","templated":true}]}}